{"id":6175,"date":"2023-10-30T10:20:21","date_gmt":"2023-10-30T10:20:21","guid":{"rendered":"https:\/\/lebronze-distribution.com\/?post_type=product&#038;p=6175"},"modified":"2025-02-17T13:30:10","modified_gmt":"2025-02-17T13:30:10","slug":"komplexe-profile-aus-kupfer-und-kupferlegierungen","status":"publish","type":"product","link":"https:\/\/lebronze-distribution.com\/de\/produkt\/komplexe-profile-aus-kupfer-und-kupferlegierungen\/","title":{"rendered":"Komplexe Profile aus Kupfer und Kupferlegierungen"},"content":{"rendered":"<h3>Seit Jahrzehnten ist Lebronze Alloys eine Referenz in der Entwicklung und Herstellung von St\u00e4ben und Dr\u00e4hten mit Spezialprofilen <strong>f\u00fcr die Bearbeitung, das Kaltstauchen und die Kaltumformung<\/strong> .<\/h3>\n<p>Wir liefern Standardprofile (rund, quadratisch, sechseckig usw.) sowie Profile mit komplexen und asymmetrischen Formen.<\/p>\n<p>Unsere Prozesse zur Herstellung von Profilen sind vollst\u00e4ndig integriert und umfassen Gie\u00dfen, Werkzeugbau, Extrusion, Kaltziehen und W\u00e4rmebehandlungen.<\/p>\n<h2><strong>Spezielle Werkzeugabteilung<\/strong><\/h2>\n<p>Unser Werk Lebronze Alloys Germany GmbH ist auf die Herstellung komplexer Profile spezialisiert. Tats\u00e4chlich verf\u00fcgt unsere Fabrik \u00fcber eine eigene Abteilung, die sich um die Konstruktion, Konstruktion und Herstellung von Werkzeugen k\u00fcmmert, die in allen Produktionsstufen verwendet werden.<\/p>\n<h2><strong>Formnahe Extrusion<\/strong><\/h2>\n<p>Eine unserer Spezialit\u00e4ten ist <strong>die Vorprofilextrusion<\/strong> . Durch diese Vorarbeit kommen wir schon bei der Warmumformung der gew\u00fcnschten Endform n\u00e4her.<\/p>\n<p>Es ist effizienter und kosteng\u00fcnstiger, formnahe Halbzeuge herzustellen. Da das Profil vom ersten Produktionsschritt an n\u00e4her an der gew\u00fcnschten Endform liegt, wird weniger Material verbraucht und es fallen weniger Ausschuss an, was auch \u00f6kologischer ist.<\/p>\n<p>Nach der Extrusion werden unsere Profile einem Kaltziehen und den entsprechenden W\u00e4rmebehandlungen unterzogen, um die erforderlichen mechanischen Eigenschaften zu erhalten.<\/p>\n<h2><strong>Unsere Spezialprofillegierungen<\/strong><\/h2>\n<p>Unsere Profile bestehen aus einer Reihe hochwertiger Kupfer-, Messing- und Bronzelegierungen, die eine hohe elektrische Leitf\u00e4higkeit bei gleichzeitig optimalen Eigenschaften in Zugfestigkeit und mechanischer Verformung garantieren.<\/p>\n<p>Abh\u00e4ngig von der Form Ihrer Profile bieten wir unterschiedliche Verpackungen an (Pakete, Spule\/Ring, Spule, Metallspulen und Stangen).<\/p>\n<p>Unsere formnahen Profile reduzieren eventuelle zus\u00e4tzliche Bearbeitungsschritte.<\/p>\n<p>Die Liste der Kupfer- und Kupferlegierungen sowie der F\u00e4higkeiten, die wir f\u00fcr die Herstellung komplexer Profile beherrschen, ist in der folgenden Tabelle beschrieben.<\/p>\n\n<table id=\"tablepress-3\" class=\"tablepress tablepress-id-3 tbody-has-connected-cells\">\n<tbody class=\"row-striping row-hover\">\n<tr class=\"row-1\">\n\t<td colspan=\"4\" class=\"column-1\" style=\"width:60px;\"><strong>Delivery Program for copper and copper alloys complex profiles<strong><\/strong><\/td>\n<\/tr>\n<tr class=\"row-2\">\n\t<td rowspan=\"2\" class=\"column-1\"><strong>Description<\/strong><\/strong><\/td><td rowspan=\"2\" class=\"column-2\"><strong>ISO<strong><\/strong><\/td><td rowspan=\"2\" class=\"column-3\"><strong>EN-Nr.<\/strong><\/strong><\/td><td rowspan=\"2\" class=\"column-4\"><strong>UNS<strong><\/strong><\/td>\n<\/tr>\n<tr class=\"row-3\">\n\t\n<\/tr>\n<tr class=\"row-4\">\n\t<td colspan=\"4\" class=\"column-1\"><strong>Pure copper<\/strong><\/strong><\/td>\n<\/tr>\n<tr class=\"row-5\">\n\t<td class=\"column-1\">CUSC<\/td><td class=\"column-2\">SC-cu<\/td><td class=\"column-3\">CW020A<\/td><td class=\"column-4\"><\/td>\n<\/tr>\n<tr class=\"row-6\">\n\t<td class=\"column-1\">ECU<\/td><td class=\"column-2\">Cu-ETP<\/td><td class=\"column-3\">CW004A<\/td><td class=\"column-4\">C11000<\/td>\n<\/tr>\n<tr class=\"row-7\">\n\t<td colspan=\"4\" class=\"column-1\"><strong>Unleaded brass<strong><\/strong><\/td>\n<\/tr>\n<tr class=\"row-8\">\n\t<td class=\"column-1\">EnviB10<\/td><td class=\"column-2\">CuZn40<\/td><td class=\"column-3\">CW509L<\/td><td class=\"column-4\"><\/td>\n<\/tr>\n<tr class=\"row-9\">\n\t<td class=\"column-1\">EnviB 58<\/td><td class=\"column-2\">CuZn42<\/td><td class=\"column-3\">CW510L<\/td><td class=\"column-4\"><\/td>\n<\/tr>\n<tr class=\"row-10\">\n\t<td class=\"column-1\">E63FS<\/td><td class=\"column-2\">CuZn36<\/td><td class=\"column-3\">CW507L<\/td><td class=\"column-4\">C27000<\/td>\n<\/tr>\n<tr class=\"row-11\">\n\t<td class=\"column-1\">E70PG<\/td><td class=\"column-2\">CuZn30<\/td><td class=\"column-3\">CW505L<\/td><td class=\"column-4\">C26000<\/td>\n<\/tr>\n<tr class=\"row-12\">\n\t<td class=\"column-1\">E80<\/td><td class=\"column-2\">CuZn20<\/td><td class=\"column-3\">CW503L<\/td><td class=\"column-4\">C24000<\/td>\n<\/tr>\n<tr class=\"row-13\">\n\t<td class=\"column-1\">E85<\/td><td class=\"column-2\">CuZn15<\/td><td class=\"column-3\">CW502L<\/td><td class=\"column-4\">C23000<\/td>\n<\/tr>\n<tr class=\"row-14\">\n\t<td colspan=\"4\" class=\"column-1\"><strong>Leaded brass<\/strong><\/strong><\/td>\n<\/tr>\n<tr class=\"row-15\">\n\t<td class=\"column-1\">58A<\/td><td class=\"column-2\">CuZn39Pb3<\/td><td class=\"column-3\">CW614N<\/td><td class=\"column-4\">C38500<\/td>\n<\/tr>\n<tr class=\"row-16\">\n\t<td class=\"column-1\">58D<\/td><td class=\"column-2\">CuZn39Pb3<\/td><td class=\"column-3\">CW614N<\/td><td class=\"column-4\">C38500<\/td>\n<\/tr>\n<tr class=\"row-17\">\n\t<td class=\"column-1\">58F<\/td><td class=\"column-2\">CuZn39Pb3<\/td><td class=\"column-3\">CW614N<\/td><td class=\"column-4\">C38500<\/td>\n<\/tr>\n<tr class=\"row-18\">\n\t<td class=\"column-1\">60A<\/td><td class=\"column-2\">CuZn38Pb2<\/td><td class=\"column-3\">CW608N<\/td><td class=\"column-4\">C37700<\/td>\n<\/tr>\n<tr class=\"row-19\">\n\t<td class=\"column-1\">60K<\/td><td class=\"column-2\"><\/td><td class=\"column-3\"><\/td><td class=\"column-4\"><\/td>\n<\/tr>\n<tr class=\"row-20\">\n\t<td class=\"column-1\">60M<\/td><td class=\"column-2\">CuZn38Pb2<\/td><td class=\"column-3\">CW608N<\/td><td class=\"column-4\">C37700<\/td>\n<\/tr>\n<tr class=\"row-21\">\n\t<td class=\"column-1\">61A<\/td><td class=\"column-2\">CuZn36Pb3<\/td><td class=\"column-3\">CW603N<\/td><td class=\"column-4\">C36000<\/td>\n<\/tr>\n<tr class=\"row-22\">\n\t<td class=\"column-1\">62A<\/td><td class=\"column-2\">CuZn35Pb2<\/td><td class=\"column-3\">CW601N<\/td><td class=\"column-4\">C34500<\/td>\n<\/tr>\n<tr class=\"row-23\">\n\t<td class=\"column-1\">63N<\/td><td class=\"column-2\">CuZn35Pb2<\/td><td class=\"column-3\">CW601N<\/td><td class=\"column-4\">C34500<\/td>\n<\/tr>\n<tr class=\"row-24\">\n\t<td colspan=\"4\" class=\"column-1\"><strong>Nickel-silver<strong><\/strong><\/td>\n<\/tr>\n<tr class=\"row-25\">\n\t<td class=\"column-1\">NM2<\/td><td class=\"column-2\">CuNi7Zn39Pb3Mn2<\/td><td class=\"column-3\">CW400J<\/td><td class=\"column-4\"><\/td>\n<\/tr>\n<tr class=\"row-26\">\n\t<td class=\"column-1\">NM3<\/td><td class=\"column-2\">CuNi7Zn39Pb3Mn2<\/td><td class=\"column-3\">CW400J<\/td><td class=\"column-4\">C79860<\/td>\n<\/tr>\n<tr class=\"row-27\">\n\t<td class=\"column-1\">NM436<\/td><td class=\"column-2\">CuNi11Zn37Mn5Pb2<\/td><td class=\"column-3\"><\/td><td class=\"column-4\">C79860<\/td>\n<\/tr>\n<tr class=\"row-28\">\n\t<td class=\"column-1\">ENVN0701<\/td><td class=\"column-2\">CuNi7Zn42<\/td><td class=\"column-3\"><\/td><td class=\"column-4\"><\/td>\n<\/tr>\n<tr class=\"row-29\">\n\t<td colspan=\"4\" class=\"column-1\"><strong>Tin Bronze leaded and unleaded<\/strong><\/strong><\/td>\n<\/tr>\n<tr class=\"row-30\">\n\t<td class=\"column-1\">BZ4<\/td><td class=\"column-2\">CuSn4Pb4Zn4<\/td><td class=\"column-3\">CW456K<\/td><td class=\"column-4\">C54400<\/td>\n<\/tr>\n<tr class=\"row-31\">\n\t<td class=\"column-1\">BZ6<\/td><td class=\"column-2\">CuSn6<\/td><td class=\"column-3\">CW452K<\/td><td class=\"column-4\">C51900<\/td>\n<\/tr>\n<tr class=\"row-32\">\n\t<td class=\"column-1\">BZ8<\/td><td class=\"column-2\">CuSn8<\/td><td class=\"column-3\">CW453K<\/td><td class=\"column-4\">C52100<\/td>\n<\/tr>\n<tr class=\"row-33\">\n\t<td colspan=\"4\" class=\"column-1\"><strong>Low alloyed copper<strong><\/strong><\/td>\n<\/tr>\n<tr class=\"row-34\">\n\t<td class=\"column-1\">C97<\/td><td class=\"column-2\">CuNi1Pb1P<\/td><td class=\"column-3\"><\/td><td class=\"column-4\">C19160<\/td>\n<\/tr>\n<\/tbody>\n<\/table>\n<!-- #tablepress-3 from cache -->\n<h2><strong>Beispiel f\u00fcr komplexe Profile aus Kupfer und Kupferlegierungen<\/strong><\/h2>\n<p>Hier einige Beispiele f\u00fcr Spezialprofile, die wir herstellen k\u00f6nnen:<\/p>\n<p><img fetchpriority=\"high\" decoding=\"async\" class=\"alignnone size-medium wp-image-6127\" src=\"https:\/\/lebronze-distribution.com\/wp-content\/uploads\/2023\/10\/Nickel-silver-complex-and-special-profile-300x211.png\" alt=\"\" width=\"300\" height=\"211\" srcset=\"https:\/\/lebronze-distribution.com\/wp-content\/uploads\/2023\/10\/Nickel-silver-complex-and-special-profile-300x211.png 300w, https:\/\/lebronze-distribution.com\/wp-content\/uploads\/2023\/10\/Nickel-silver-complex-and-special-profile-768x541.png 768w, https:\/\/lebronze-distribution.com\/wp-content\/uploads\/2023\/10\/Nickel-silver-complex-and-special-profile-600x422.png 600w, https:\/\/lebronze-distribution.com\/wp-content\/uploads\/2023\/10\/Nickel-silver-complex-and-special-profile.png 902w\" sizes=\"(max-width: 300px) 100vw, 300px\" \/> <img decoding=\"async\" class=\"alignnone size-medium wp-image-6132\" src=\"https:\/\/lebronze-distribution.com\/wp-content\/uploads\/2023\/10\/Copper-complex-and-special-profile-300x211.png\" alt=\"\" width=\"300\" height=\"211\" srcset=\"https:\/\/lebronze-distribution.com\/wp-content\/uploads\/2023\/10\/Copper-complex-and-special-profile-300x211.png 300w, https:\/\/lebronze-distribution.com\/wp-content\/uploads\/2023\/10\/Copper-complex-and-special-profile-768x540.png 768w, https:\/\/lebronze-distribution.com\/wp-content\/uploads\/2023\/10\/Copper-complex-and-special-profile-600x422.png 600w, https:\/\/lebronze-distribution.com\/wp-content\/uploads\/2023\/10\/Copper-complex-and-special-profile.png 907w\" sizes=\"(max-width: 300px) 100vw, 300px\" \/> <img decoding=\"async\" class=\"alignnone size-medium wp-image-6137\" src=\"https:\/\/lebronze-distribution.com\/wp-content\/uploads\/2023\/10\/Bronze-complex-and-special-profile-300x213.png\" alt=\"\" width=\"300\" height=\"213\" srcset=\"https:\/\/lebronze-distribution.com\/wp-content\/uploads\/2023\/10\/Bronze-complex-and-special-profile-300x213.png 300w, https:\/\/lebronze-distribution.com\/wp-content\/uploads\/2023\/10\/Bronze-complex-and-special-profile-768x544.png 768w, https:\/\/lebronze-distribution.com\/wp-content\/uploads\/2023\/10\/Bronze-complex-and-special-profile-600x425.png 600w, https:\/\/lebronze-distribution.com\/wp-content\/uploads\/2023\/10\/Bronze-complex-and-special-profile.png 902w\" sizes=\"(max-width: 300px) 100vw, 300px\" \/> <img loading=\"lazy\" decoding=\"async\" class=\"alignnone size-medium wp-image-6142\" src=\"https:\/\/lebronze-distribution.com\/wp-content\/uploads\/2023\/10\/Brass-complex-and-special-profile-300x212.png\" alt=\"\" width=\"300\" height=\"212\" srcset=\"https:\/\/lebronze-distribution.com\/wp-content\/uploads\/2023\/10\/Brass-complex-and-special-profile-300x212.png 300w, https:\/\/lebronze-distribution.com\/wp-content\/uploads\/2023\/10\/Brass-complex-and-special-profile-768x543.png 768w, https:\/\/lebronze-distribution.com\/wp-content\/uploads\/2023\/10\/Brass-complex-and-special-profile-600x424.png 600w, https:\/\/lebronze-distribution.com\/wp-content\/uploads\/2023\/10\/Brass-complex-and-special-profile.png 907w\" sizes=\"(max-width: 300px) 100vw, 300px\" \/><img loading=\"lazy\" decoding=\"async\" class=\"alignnone size-medium wp-image-6277\" src=\"https:\/\/lebronze-distribution.com\/wp-content\/uploads\/2023\/10\/Dessin-5-300x212.png\" alt=\"Komplexe Profile aus Kupfer und Kupferlegierungen\" width=\"300\" height=\"212\" srcset=\"https:\/\/lebronze-distribution.com\/wp-content\/uploads\/2023\/10\/Dessin-5-300x212.png 300w, https:\/\/lebronze-distribution.com\/wp-content\/uploads\/2023\/10\/Dessin-5-768x542.png 768w, https:\/\/lebronze-distribution.com\/wp-content\/uploads\/2023\/10\/Dessin-5-600x424.png 600w, https:\/\/lebronze-distribution.com\/wp-content\/uploads\/2023\/10\/Dessin-5.png 844w\" sizes=\"(max-width: 300px) 100vw, 300px\" \/> <img loading=\"lazy\" decoding=\"async\" class=\"alignnone size-medium wp-image-6282\" src=\"https:\/\/lebronze-distribution.com\/wp-content\/uploads\/2023\/10\/Dessin-6-300x211.png\" alt=\"Komplexe Profile aus Kupfer und Kupferlegierungen\" width=\"300\" height=\"211\" srcset=\"https:\/\/lebronze-distribution.com\/wp-content\/uploads\/2023\/10\/Dessin-6-300x211.png 300w, https:\/\/lebronze-distribution.com\/wp-content\/uploads\/2023\/10\/Dessin-6-768x540.png 768w, https:\/\/lebronze-distribution.com\/wp-content\/uploads\/2023\/10\/Dessin-6-600x421.png 600w, https:\/\/lebronze-distribution.com\/wp-content\/uploads\/2023\/10\/Dessin-6.png 847w\" sizes=\"(max-width: 300px) 100vw, 300px\" \/> <img loading=\"lazy\" decoding=\"async\" class=\"alignnone size-medium wp-image-6287\" src=\"https:\/\/lebronze-distribution.com\/wp-content\/uploads\/2023\/10\/Dessin-7-300x211.png\" alt=\"Komplexe Profile aus Kupfer und Kupferlegierungen\" width=\"300\" height=\"211\" srcset=\"https:\/\/lebronze-distribution.com\/wp-content\/uploads\/2023\/10\/Dessin-7-300x211.png 300w, https:\/\/lebronze-distribution.com\/wp-content\/uploads\/2023\/10\/Dessin-7-768x540.png 768w, https:\/\/lebronze-distribution.com\/wp-content\/uploads\/2023\/10\/Dessin-7-600x422.png 600w, https:\/\/lebronze-distribution.com\/wp-content\/uploads\/2023\/10\/Dessin-7.png 847w\" sizes=\"(max-width: 300px) 100vw, 300px\" \/> <img loading=\"lazy\" decoding=\"async\" class=\"alignnone size-medium wp-image-6292\" src=\"https:\/\/lebronze-distribution.com\/wp-content\/uploads\/2023\/10\/Dessin-8-300x211.png\" alt=\"Komplexe Profile aus Kupfer und Kupferlegierungen\" width=\"300\" height=\"211\" srcset=\"https:\/\/lebronze-distribution.com\/wp-content\/uploads\/2023\/10\/Dessin-8-300x211.png 300w, https:\/\/lebronze-distribution.com\/wp-content\/uploads\/2023\/10\/Dessin-8-768x541.png 768w, https:\/\/lebronze-distribution.com\/wp-content\/uploads\/2023\/10\/Dessin-8-600x423.png 600w, https:\/\/lebronze-distribution.com\/wp-content\/uploads\/2023\/10\/Dessin-8.png 849w\" sizes=\"(max-width: 300px) 100vw, 300px\" \/> <img loading=\"lazy\" decoding=\"async\" class=\"size-medium wp-image-6297 aligncenter\" src=\"https:\/\/lebronze-distribution.com\/wp-content\/uploads\/2023\/10\/Dessin-9-300x211.png\" alt=\"Komplexe Profile aus Kupfer und Kupferlegierungen\" width=\"300\" height=\"211\" srcset=\"https:\/\/lebronze-distribution.com\/wp-content\/uploads\/2023\/10\/Dessin-9-300x211.png 300w, https:\/\/lebronze-distribution.com\/wp-content\/uploads\/2023\/10\/Dessin-9-768x540.png 768w, https:\/\/lebronze-distribution.com\/wp-content\/uploads\/2023\/10\/Dessin-9-600x421.png 600w, https:\/\/lebronze-distribution.com\/wp-content\/uploads\/2023\/10\/Dessin-9.png 847w\" sizes=\"(max-width: 300px) 100vw, 300px\" \/><\/p>\n<h2><strong>Kontaktiere uns!<\/strong><\/h2>\n<p>Unsere Experten begleiten Sie bei der Gestaltung Ihrer ma\u00dfgeschneiderten Profile unter strikter Einhaltung von Ma\u00dfkriterien und Toleranzen. Viele verschiedene Geometrieoptionen sind m\u00f6glich.<\/p>\n","protected":false},"excerpt":{"rendered":"<p>Seit Jahrzehnten ist Lebronze Alloys eine Referenz in der Entwicklung und Herstellung von St\u00e4ben und Dr\u00e4hten mit Spezialprofilen f\u00fcr die Bearbeitung, das Kaltstauchen und die Kaltumformung . Wir liefern Standardprofile (rund, quadratisch, sechseckig usw.) sowie Profile mit komplexen und asymmetrischen Formen. Unsere Prozesse zur Herstellung von Profilen sind vollst\u00e4ndig integriert und umfassen Gie\u00dfen, Werkzeugbau, Extrusion, [&hellip;]<\/p>\n","protected":false},"featured_media":6064,"comment_status":"open","ping_status":"closed","template":"","meta":{"_acf_changed":false,"_seopress_robots_primary_cat":"none","_seopress_titles_title":"Komplexe Profile aus Kupfer und Kupferlegierungen","_seopress_titles_desc":"Unsere Spezialprofile in Stangen und Dr\u00e4hten bestehen aus einer Reihe hochwertiger Kupfer-, Messing- und Bronzelegierungen, die eine hohe elektrische Leitf\u00e4higkeit gew\u00e4hrleisten","_seopress_robots_index":""},"product_brand":[],"product_cat":[568],"product_tag":[532,537,534,529,528,531,539,527,536],"class_list":{"0":"post-6175","1":"product","2":"type-product","3":"status-publish","4":"has-post-thumbnail","6":"product_cat-komplexe-profile-aus-kupfer-und-kupferlegierungen-de","7":"product_tag-bronze-de","8":"product_tag-drahte","9":"product_tag-formnahe-extrusion","10":"product_tag-kupfer","11":"product_tag-legierungen","12":"product_tag-messing","13":"product_tag-riegel","14":"product_tag-sonderprofile","15":"product_tag-stangen","17":"first","18":"instock","19":"shipping-taxable","20":"product-type-simple"},"acf":[],"_links":{"self":[{"href":"https:\/\/lebronze-distribution.com\/de\/wp-json\/wp\/v2\/product\/6175","targetHints":{"allow":["GET"]}}],"collection":[{"href":"https:\/\/lebronze-distribution.com\/de\/wp-json\/wp\/v2\/product"}],"about":[{"href":"https:\/\/lebronze-distribution.com\/de\/wp-json\/wp\/v2\/types\/product"}],"replies":[{"embeddable":true,"href":"https:\/\/lebronze-distribution.com\/de\/wp-json\/wp\/v2\/comments?post=6175"}],"wp:featuredmedia":[{"embeddable":true,"href":"https:\/\/lebronze-distribution.com\/de\/wp-json\/wp\/v2\/media\/6064"}],"wp:attachment":[{"href":"https:\/\/lebronze-distribution.com\/de\/wp-json\/wp\/v2\/media?parent=6175"}],"wp:term":[{"taxonomy":"product_brand","embeddable":true,"href":"https:\/\/lebronze-distribution.com\/de\/wp-json\/wp\/v2\/product_brand?post=6175"},{"taxonomy":"product_cat","embeddable":true,"href":"https:\/\/lebronze-distribution.com\/de\/wp-json\/wp\/v2\/product_cat?post=6175"},{"taxonomy":"product_tag","embeddable":true,"href":"https:\/\/lebronze-distribution.com\/de\/wp-json\/wp\/v2\/product_tag?post=6175"}],"curies":[{"name":"wp","href":"https:\/\/api.w.org\/{rel}","templated":true}]}}