{"id":3848,"date":"2022-06-30T10:23:07","date_gmt":"2022-06-30T09:23:07","guid":{"rendered":"https:\/\/lebronze-distribution.com\/product\/arcap-ap1c-hochumformbare-kupferlegierung\/"},"modified":"2025-02-17T13:30:20","modified_gmt":"2025-02-17T13:30:20","slug":"arcap-ap1c","status":"publish","type":"product","link":"https:\/\/lebronze-distribution.com\/de\/produkt\/arcap-ap1c\/","title":{"rendered":"ARCAP\u00ae AP1C Hochumformbare Kupferlegierung"},"content":{"rendered":"<h2>Die wichtigsten Eigenschaften von ARCAP\u00ae AP1C<\/h2>\n<p><strong>ARCAP\u00ae AP1C<\/strong> ist eine Kupfer-Nickel-Zink-Legierung, die sich durch hohe mechanische Eigenschaften, hohe Elastizit\u00e4t und Verformbarkeit, hohe Korrosionsbest\u00e4ndigkeit, strenge Magnetismuskontrolle, stabilen Widerstand und gro\u00dfe Benutzerfreundlichkeit auszeichnet.<\/p>\n<p><strong>ARCAP\u00ae AP1C<\/strong> wird vor allem f\u00fcr Teile verwendet, die durch Verdrehen, Biegen, Nieten, Crimpen, Stanzen usw. umgeformt werden, sowie f\u00fcr jede Art von Schwei\u00dfung, insbesondere durch Laserschwei\u00dfen.<\/p>\n<p><strong>ARCAP\u00ae AP1C<\/strong> ist oft die beste L\u00f6sung, wenn Anforderungen an Bleifreiheit, Korrosionsbest\u00e4ndigkeit und magnetische Eigenschaften gestellt werden.<\/p>\n<h2>ARCAP\u00ae AP1C-Anwendungen<\/h2>\n<p><strong>Elektronik<\/strong><\/p>\n<p><strong>ARCAP\u00ae AP1C<\/strong> wird f\u00fcr Lichtwellenleiter-Steckverbinder verwendet, insbesondere in rauen Umgebungen.<\/p>\n<p><strong>Marine<\/strong><\/p>\n<p><strong>ARCAP\u00ae AP1C <\/strong>ist korrosionsbest\u00e4ndig: es kann in Meeresumgebungen eingesetzt werden.<\/p>\n<p><strong>Luxus- und Konsumg\u00fcter<\/strong><\/p>\n<p><strong>ARCAP\u00ae AP1C<\/strong> wird im Luxusbereich eingesetzt: Es kann in Mikrokomponenten f\u00fcr die Uhrenindustrie umgewandelt werden.<\/p>\n","protected":false},"excerpt":{"rendered":"<p><strong>ARCAP\u00ae AP1C<\/strong> ist eine Kupfer-Nickel-Zink-Legierung, die sich durch hohe mechanische Eigenschaften, hohe Elastizit\u00e4t und Verformbarkeit, hohe Korrosionsbest\u00e4ndigkeit, strenge Magnetismuskontrolle, stabilen Widerstand und gro\u00dfe Benutzerfreundlichkeit auszeichnet.<\/p>\n","protected":false},"featured_media":1602,"comment_status":"open","ping_status":"closed","template":"","meta":{"_acf_changed":false,"_seopress_robots_primary_cat":"none","_seopress_titles_title":"ARCAP\u00ae AP1C Hochumformbare Kupferlegierung ","_seopress_titles_desc":"","_seopress_robots_index":""},"product_brand":[],"product_cat":[294],"product_tag":[],"class_list":{"0":"post-3848","1":"product","2":"type-product","3":"status-publish","4":"has-post-thumbnail","6":"product_cat-arcap-de","8":"first","9":"instock","10":"shipping-taxable","11":"product-type-simple"},"acf":[],"_links":{"self":[{"href":"https:\/\/lebronze-distribution.com\/de\/wp-json\/wp\/v2\/product\/3848","targetHints":{"allow":["GET"]}}],"collection":[{"href":"https:\/\/lebronze-distribution.com\/de\/wp-json\/wp\/v2\/product"}],"about":[{"href":"https:\/\/lebronze-distribution.com\/de\/wp-json\/wp\/v2\/types\/product"}],"replies":[{"embeddable":true,"href":"https:\/\/lebronze-distribution.com\/de\/wp-json\/wp\/v2\/comments?post=3848"}],"wp:featuredmedia":[{"embeddable":true,"href":"https:\/\/lebronze-distribution.com\/de\/wp-json\/wp\/v2\/media\/1602"}],"wp:attachment":[{"href":"https:\/\/lebronze-distribution.com\/de\/wp-json\/wp\/v2\/media?parent=3848"}],"wp:term":[{"taxonomy":"product_brand","embeddable":true,"href":"https:\/\/lebronze-distribution.com\/de\/wp-json\/wp\/v2\/product_brand?post=3848"},{"taxonomy":"product_cat","embeddable":true,"href":"https:\/\/lebronze-distribution.com\/de\/wp-json\/wp\/v2\/product_cat?post=3848"},{"taxonomy":"product_tag","embeddable":true,"href":"https:\/\/lebronze-distribution.com\/de\/wp-json\/wp\/v2\/product_tag?post=3848"}],"curies":[{"name":"wp","href":"https:\/\/api.w.org\/{rel}","templated":true}]}}