{"id":3845,"date":"2022-05-23T16:29:13","date_gmt":"2022-05-23T15:29:13","guid":{"rendered":"https:\/\/lebronze-distribution.com\/product\/hardibron-kupfer-nickel-aluminium-leistungslegierung-fuer-oel-und-gas-cuni14al3fe1-wl-2-1504\/"},"modified":"2025-02-17T13:30:25","modified_gmt":"2025-02-17T13:30:25","slug":"cuni14al3fe1-wl-2-1504-kupfer-nickel-aluminium-lebronze-legierungen","status":"publish","type":"product","link":"https:\/\/lebronze-distribution.com\/de\/produkt\/cuni14al3fe1-wl-2-1504-kupfer-nickel-aluminium-lebronze-legierungen\/","title":{"rendered":"Hardibron\u00ae | CuNi14Al3Fe1 | WL 2.1504 \u2013 Kupfer-Nickel-Aluminium-Leistungslegierung f\u00fcr \u00d6l und Gas"},"content":{"rendered":"<h2>Hardibron\u00ae | CuNi14Al3Fe1 | WL 2.1504 Haupteigenschaften<\/h2>\n<p><strong>Hardibron\u00ae | CuNi14Al3Fe1 | WL 2.1504<\/strong> ist eine Kupfer-Nickel-Aluminium-Knetlegierung, die f\u00fcr hochfeste Anwendungen in Meerwasserumgebung entwickelt wurde. Es ist nicht magnetisch und widersteht mechanischem Verschlei\u00df, Abnutzungserscheinungen, Meereskorrosion, extremen Temperaturen und Druck. Es l\u00e4sst sich leicht zu komplexen Bauteilen verarbeiten und ist <strong>umweltfreundlich, da es sowohl blei- als auch berylliumfrei<\/strong> ist.<\/p>\n<p><strong>Hardibron\u00ae | CuNi14Al3Fe1 | WL 2.1504<\/strong> wird in der \u00d6l- und Gasindustrie dank seiner <strong>hervorragenden physikalischen und mechanischen Eigenschaften in verschiedenen Komponenten<\/strong> eingesetzt.<\/p>\n<h2>Hardibron\u00ae | CuNi14Al3Fe1 | WL 2.1504 Anwendungen<\/h2>\n<p><strong>\u00d6l und Gas<\/strong><\/p>\n<p><strong>Hardibron\u00ae | CuNi14Al3Fe1 | WL 2.1504<\/strong> kann in Marine Topsides Floating Production Systems verwendet werden: Schiffswellen, Lagerbuchsen, Offshore-Verschraubungen, Ventile, Pumpen<\/p>\n<p><strong>Hardibron\u00ae | CuNi14Al3Fe1 | WL 2.1504<\/strong> wird auch in Onshore-\u00d6lpumpen als Saugstangen- und Ventilstangenf\u00fchrungsbuchsenkupplung eingesetzt. In solchen Anwendungen, in denen im Allgemeinen rostfreier Stahl verwendet wird, zeigt <strong>Hardibron\u00ae | CuNi14Al3Fe1 | WL 2.1504<\/strong> eine <strong>hervorragende Best\u00e4ndigkeit gegen Metall-Metall-Verschlei\u00df<\/strong>. Dies f\u00fchrt zu einer Verringerung von <strong>Ausf\u00e4llen <\/strong>und damit von <strong>Wartungsstillstandszeiten<\/strong>.<\/p>\n<p><strong>Hardibron\u00ae | CuNi14Al3Fe1 | WL 2.1504 <\/strong>ist ideal f\u00fcr Unterwasser-Bohrlochk\u00f6pfe, hydraulische und elektrische Verbindungen von ROV und AUV zu Bohrlochk\u00f6pfen, ROV-Werkzeugen und Ventilen.<\/p>\n<p><strong>Hardibron\u00ae | CuNi14Al3Fe1 | WL 2.1504<\/strong> kann sowohl in Offshore- als auch in Unterwassersystemen eingesetzt werden.<\/p>\n","protected":false},"excerpt":{"rendered":"<p class=\"heading heading--md aos-init aos-animate\" data-aos=\"fade-right\"><strong>Hardibron\u00ae | CuNi14Al3Fe1 | WL 2.1504<\/strong> ist eine Kupfer-Nickel-Aluminium-Knetlegierung, die f\u00fcr hochfeste Anwendungen im Meerwasserbereich entwickelt wurde. Es ist nicht magnetisch und widersteht mechanischem Verschlei\u00df, Abnutzungserscheinungen, Meereskorrosion, extremen Temperaturen und Druck. Es l\u00e4sst sich leicht zu komplexen Bauteilen verarbeiten und ist <strong>umweltfreundlich, da es sowohl blei- als auch berylliumfrei<\/strong> ist. Es entspricht auch der DIN 2.1504 und DTD 900\/4805.<\/p>\n","protected":false},"featured_media":2219,"comment_status":"open","ping_status":"closed","template":"","meta":{"_acf_changed":false,"_seopress_robots_primary_cat":"none","_seopress_titles_title":"Hardibron\u00ae | CuNi14Al3Fe1 | WL 2.1504 | Kupfer-Nickel-Aluminium ","_seopress_titles_desc":"","_seopress_robots_index":""},"product_brand":[],"product_cat":[220],"product_tag":[342,350,362,347],"class_list":{"0":"post-3845","1":"product","2":"type-product","3":"status-publish","4":"has-post-thumbnail","6":"product_cat-kupfer-nickel-bronze-legierungen","7":"product_tag-cuni14al3fe1-de","8":"product_tag-din-2-1504-de","9":"product_tag-dtd-900-4805-de","10":"product_tag-wl-2-1504-de","12":"first","13":"instock","14":"shipping-taxable","15":"product-type-simple"},"acf":[],"_links":{"self":[{"href":"https:\/\/lebronze-distribution.com\/de\/wp-json\/wp\/v2\/product\/3845","targetHints":{"allow":["GET"]}}],"collection":[{"href":"https:\/\/lebronze-distribution.com\/de\/wp-json\/wp\/v2\/product"}],"about":[{"href":"https:\/\/lebronze-distribution.com\/de\/wp-json\/wp\/v2\/types\/product"}],"replies":[{"embeddable":true,"href":"https:\/\/lebronze-distribution.com\/de\/wp-json\/wp\/v2\/comments?post=3845"}],"wp:featuredmedia":[{"embeddable":true,"href":"https:\/\/lebronze-distribution.com\/de\/wp-json\/wp\/v2\/media\/2219"}],"wp:attachment":[{"href":"https:\/\/lebronze-distribution.com\/de\/wp-json\/wp\/v2\/media?parent=3845"}],"wp:term":[{"taxonomy":"product_brand","embeddable":true,"href":"https:\/\/lebronze-distribution.com\/de\/wp-json\/wp\/v2\/product_brand?post=3845"},{"taxonomy":"product_cat","embeddable":true,"href":"https:\/\/lebronze-distribution.com\/de\/wp-json\/wp\/v2\/product_cat?post=3845"},{"taxonomy":"product_tag","embeddable":true,"href":"https:\/\/lebronze-distribution.com\/de\/wp-json\/wp\/v2\/product_tag?post=3845"}],"curies":[{"name":"wp","href":"https:\/\/api.w.org\/{rel}","templated":true}]}}