{"id":3840,"date":"2022-05-23T11:12:54","date_gmt":"2022-05-23T10:12:54","guid":{"rendered":"https:\/\/lebronze-distribution.com\/product\/k7-kupfer-nickel-aluminium-legierung-fuer-die-luft-und-raumfahrt-cuni14al3fe1-ln9468\/"},"modified":"2025-02-17T13:30:33","modified_gmt":"2025-02-17T13:30:33","slug":"k7-cuni14al3fe1-wl-2-1504-ln-9468-copper-nickel-aluminum","status":"publish","type":"product","link":"https:\/\/lebronze-distribution.com\/de\/produkt\/k7-cuni14al3fe1-wl-2-1504-ln-9468-copper-nickel-aluminum\/","title":{"rendered":"K7 | CuNi14Al3Fe1 | LN9468 \u2013 Kupfer-Nickel-Aluminium-Leistungslegierung f\u00fcr die Luft- und Raumfahrt"},"content":{"rendered":"<h2>K7 | CuNi14Al3Fe1 | LN9468 Schl\u00fcsseleigenschaften<\/h2>\n<p><strong>K7 | CuNi14Al3Fe1 | LN9468<\/strong> ist eine Kupfer-Nickel-Aluminium-Knetlegierung CuNi14Al3Fe1, die f\u00fcr Anwendungen mit hoher Festigkeit und hoher Zuverl\u00e4ssigkeit entwickelt wurde. Es ist nicht magnetisch und widersteht mechanischem Verschlei\u00df, Abrieb und Korrosion im Meer. Es l\u00e4sst sich leicht zu komplexen Bauteilen verarbeiten und ist umweltfreundlich, da es sowohl blei- als auch berylliumfrei ist.<\/p>\n<p><strong>K7 | CuNi14Al3Fe1 | LN9468<\/strong> wird in der Luft- und Raumfahrtindustrie aufgrund seiner hervorragenden physikalischen und mechanischen Eigenschaften in verschiedenen Komponenten eingesetzt. Insbesondere <strong>K7 | CuNi14Al3Fe1 | LN9468<\/strong> kann ohne oder mit begrenzter Schmierung verwendet werden.<\/p>\n<h2>K7 | CuNi14Al3Fe1 | LN9468 Wichtige Anwendungen<\/h2>\n<p><strong>Luft- und Raumfahrt<\/strong><\/p>\n<p><strong>K7 | CuNi14Al3Fe1 | LN9468 <\/strong>wird in stark beanspruchten Flugwerksteilen verwendet.<\/p>\n<p><strong>K7 | CuNi14Al3Fe1 | LN9468 <\/strong>weist eine hervorragende Best\u00e4ndigkeit gegen Metall-zu-Metall-Verschlei\u00df auf und eignet sich daher f\u00fcr Fahrwerksbuchsen und Lagerbuchsen.<\/p>\n<p><strong>K7 | CuNi14Al3Fe1 | LN9468<\/strong> wird auch in vielen anderen Systemen verwendet, z. B. in Buchsen f\u00fcr Frachtsysteme, Flugzeugt\u00fcren, Bet\u00e4tigungsh\u00fclsen, Steuerfl\u00e4chenkomponenten und in vielen mechanischen und elektromechanischen Komponenten.<\/p>\n<p><strong>K7 | CuNi14Al3Fe1 | LN9468<\/strong> wird auch in Hubschraubern f\u00fcr Klappensysteme und Buchsen verwendet.<\/p>\n","protected":false},"excerpt":{"rendered":"<p class=\"heading heading--md aos-init aos-animate\" data-aos=\"fade-right\"><strong>K7 | CuNi14Al3Fe1 | LN9468<\/strong> ist eine Kupfer-Nickel-Aluminium-Knetlegierung CuNi14Al3Fe1, die f\u00fcr Anwendungen mit hoher Festigkeit und hoher Zuverl\u00e4ssigkeit entwickelt wurde.<\/p>\n","protected":false},"featured_media":2224,"comment_status":"open","ping_status":"closed","template":"","meta":{"_acf_changed":false,"_seopress_robots_primary_cat":"none","_seopress_titles_title":"K7 | CuNi14Al3Fe1 | LN9468 | Kupfer-Nickel-Aluminium","_seopress_titles_desc":"","_seopress_robots_index":""},"product_brand":[],"product_cat":[220],"product_tag":[342,350,343,347],"class_list":{"0":"post-3840","1":"product","2":"type-product","3":"status-publish","4":"has-post-thumbnail","6":"product_cat-kupfer-nickel-bronze-legierungen","7":"product_tag-cuni14al3fe1-de","8":"product_tag-din-2-1504-de","9":"product_tag-ln-9468-de","10":"product_tag-wl-2-1504-de","12":"first","13":"instock","14":"shipping-taxable","15":"product-type-simple"},"acf":[],"_links":{"self":[{"href":"https:\/\/lebronze-distribution.com\/de\/wp-json\/wp\/v2\/product\/3840","targetHints":{"allow":["GET"]}}],"collection":[{"href":"https:\/\/lebronze-distribution.com\/de\/wp-json\/wp\/v2\/product"}],"about":[{"href":"https:\/\/lebronze-distribution.com\/de\/wp-json\/wp\/v2\/types\/product"}],"replies":[{"embeddable":true,"href":"https:\/\/lebronze-distribution.com\/de\/wp-json\/wp\/v2\/comments?post=3840"}],"wp:featuredmedia":[{"embeddable":true,"href":"https:\/\/lebronze-distribution.com\/de\/wp-json\/wp\/v2\/media\/2224"}],"wp:attachment":[{"href":"https:\/\/lebronze-distribution.com\/de\/wp-json\/wp\/v2\/media?parent=3840"}],"wp:term":[{"taxonomy":"product_brand","embeddable":true,"href":"https:\/\/lebronze-distribution.com\/de\/wp-json\/wp\/v2\/product_brand?post=3840"},{"taxonomy":"product_cat","embeddable":true,"href":"https:\/\/lebronze-distribution.com\/de\/wp-json\/wp\/v2\/product_cat?post=3840"},{"taxonomy":"product_tag","embeddable":true,"href":"https:\/\/lebronze-distribution.com\/de\/wp-json\/wp\/v2\/product_tag?post=3840"}],"curies":[{"name":"wp","href":"https:\/\/api.w.org\/{rel}","templated":true}]}}