{"id":3818,"date":"2022-05-30T10:20:52","date_gmt":"2022-05-30T09:20:52","guid":{"rendered":"https:\/\/lebronze-distribution.com\/product\/bearbeitete-komponenten\/"},"modified":"2025-02-17T13:30:26","modified_gmt":"2025-02-17T13:30:26","slug":"bearbeitete-teile","status":"publish","type":"product","link":"https:\/\/lebronze-distribution.com\/de\/produkt\/bearbeitete-teile\/","title":{"rendered":"Bearbeitete Komponenten"},"content":{"rendered":"<p>Die Lebronze Alloys Group beliefert viele verschiedene Branchen mit einbaufertigen, hochpr\u00e4zisen bearbeiteten Teilen. Mit mehr als einem Jahrzehnt an Erfahrung bieten wir Ihnen Fachwissen und zuverl\u00e4ssige L\u00f6sungen f\u00fcr einfache oder komplexe bearbeitete Teile.<\/p>\n<p>Unser vollst\u00e4ndig integrierter Prozess und unsere vertrauensvollen Partnerschaften erm\u00f6glichen es den Teams von Lebronze alloys, bearbeitete und fertige Komponenten anzubieten:<\/p>\n<ul>\n<li>Leistungsstarke und hochwertige Komponenten, insbesondere dank der Hochleistungswerkstoffe aus Lebronze-Legierungen<\/li>\n<li>Wettbewerbsf\u00e4hige Preise dank all unserer spezialisierten Fabriken<\/li>\n<\/ul>\n","protected":false},"excerpt":{"rendered":"<p>Die Lebronze Alloys Group beliefert viele verschiedene Branchen mit einbaufertigen, hochpr\u00e4zisen bearbeiteten Teilen. Mit mehr als einem Jahrzehnt an Erfahrung bieten wir Ihnen Fachwissen und zuverl\u00e4ssige L\u00f6sungen f\u00fcr einfache oder komplexe bearbeitete Teile. Unser vollst\u00e4ndig integrierter Prozess und unsere vertrauensvollen Partnerschaften erm\u00f6glichen es den Teams von Lebronze alloys, bearbeitete und fertige Komponenten anzubieten: Leistungsstarke und [&hellip;]<\/p>\n","protected":false},"featured_media":2166,"comment_status":"open","ping_status":"closed","template":"","meta":{"_acf_changed":false,"_seopress_robots_primary_cat":"none","_seopress_titles_title":"","_seopress_titles_desc":"","_seopress_robots_index":""},"product_brand":[],"product_cat":[298],"product_tag":[],"class_list":{"0":"post-3818","1":"product","2":"type-product","3":"status-publish","4":"has-post-thumbnail","6":"product_cat-bearbeitete-komponenten","8":"first","9":"instock","10":"shipping-taxable","11":"product-type-simple"},"acf":[],"_links":{"self":[{"href":"https:\/\/lebronze-distribution.com\/de\/wp-json\/wp\/v2\/product\/3818","targetHints":{"allow":["GET"]}}],"collection":[{"href":"https:\/\/lebronze-distribution.com\/de\/wp-json\/wp\/v2\/product"}],"about":[{"href":"https:\/\/lebronze-distribution.com\/de\/wp-json\/wp\/v2\/types\/product"}],"replies":[{"embeddable":true,"href":"https:\/\/lebronze-distribution.com\/de\/wp-json\/wp\/v2\/comments?post=3818"}],"wp:featuredmedia":[{"embeddable":true,"href":"https:\/\/lebronze-distribution.com\/de\/wp-json\/wp\/v2\/media\/2166"}],"wp:attachment":[{"href":"https:\/\/lebronze-distribution.com\/de\/wp-json\/wp\/v2\/media?parent=3818"}],"wp:term":[{"taxonomy":"product_brand","embeddable":true,"href":"https:\/\/lebronze-distribution.com\/de\/wp-json\/wp\/v2\/product_brand?post=3818"},{"taxonomy":"product_cat","embeddable":true,"href":"https:\/\/lebronze-distribution.com\/de\/wp-json\/wp\/v2\/product_cat?post=3818"},{"taxonomy":"product_tag","embeddable":true,"href":"https:\/\/lebronze-distribution.com\/de\/wp-json\/wp\/v2\/product_tag?post=3818"}],"curies":[{"name":"wp","href":"https:\/\/api.w.org\/{rel}","templated":true}]}}