{"id":3811,"date":"2022-04-08T12:52:57","date_gmt":"2022-04-08T11:52:57","guid":{"rendered":"https:\/\/lebronze-distribution.com\/product\/arcap-ap1d-hochpraezisionsbearbeitung-von-kupferlegierungen\/"},"modified":"2025-02-17T13:30:41","modified_gmt":"2025-02-17T13:30:41","slug":"arcap-ap1d","status":"publish","type":"product","link":"https:\/\/lebronze-distribution.com\/de\/produkt\/arcap-ap1d\/","title":{"rendered":"ARCAP\u00ae AP1D Hochpr\u00e4zisionsbearbeitung von Kupferlegierungen"},"content":{"rendered":"<h2>Die wichtigsten Eigenschaften von ARCAP\u00ae AP1D<\/h2>\n<p><strong>ARCAP\u00ae AP1D <\/strong>ist eine Kupfer-Nickel-Zink-Legierung, die sich durch hohe mechanische Eigenschaften, hohe Elastizit\u00e4t und Verformbarkeit, hohe Korrosionsbest\u00e4ndigkeit, strenge Magnetismuskontrolle, stabilen Widerstand und gro\u00dfe Benutzerfreundlichkeit auszeichnet.<\/p>\n<p>Die Sorte <strong>ARCAP\u00ae AP1D<\/strong> wurde speziell f\u00fcr alle Arten von Zerspanungsarbeiten entwickelt, mit einer wesentlich besseren Bearbeitbarkeit als bei Edelstahllegierungen und ohne chemische Vertr\u00e4glichkeit (Elektrolyse). Im Gegensatz zu Messing muss <strong>ARCAP\u00ae AP1D<\/strong> nicht vernickelt werden, wenn es sich um eine raue Umgebung handelt.<\/p>\n<p><strong>ARCAP\u00ae AP1D<\/strong> ist extrem leicht zu bearbeiten, was sich in den Schnittgeschwindigkeiten, den hervorragenden Oberfl\u00e4cheng\u00fcten, der Gratfreiheit beim Bohren und der Reduzierung der Sch\u00e4rfh\u00e4ufigkeit widerspiegelt.<\/p>\n<h2>ARCAP\u00ae AP1D-Anwendungen<\/h2>\n<p><strong>Elektronik<\/strong><\/p>\n<p><strong>ARCAP\u00ae AP1D<\/strong> wird f\u00fcr Lichtwellenleiter-Steckverbinder verwendet, insbesondere in rauen Umgebungen.<\/p>\n<p><strong>Marine<\/strong><\/p>\n<p><strong>ARCAP\u00ae AP1D <\/strong>ist korrosionsbest\u00e4ndig: es kann in Meeresumgebungen eingesetzt werden.<\/p>\n<p><strong>Luxus- und Konsumg\u00fcter<\/strong><\/p>\n<p><strong>ARCAP\u00ae AP1D<\/strong> wird im Luxusbereich eingesetzt: Es kann in Mikrokomponenten f\u00fcr die Uhrenindustrie umgewandelt werden.<\/p>\n","protected":false},"excerpt":{"rendered":"<p><strong>ARCAP\u00ae AP1D<\/strong> ist eine Kupfer-Nickel-Zink-Legierung mit hervorragenden mechanischen Eigenschaften, hoher Elastizit\u00e4t und Formbarkeit, hoher Korrosionsbest\u00e4ndigkeit, strenger Magnetismuskontrolle, stabilem spezifischen Widerstand und gro\u00dfer Benutzerfreundlichkeit.<\/p>\n<p> Korrosionsschutz, Antimagnetismus und Bearbeitbarkeit<\/p>\n","protected":false},"featured_media":1602,"comment_status":"open","ping_status":"closed","template":"","meta":{"_acf_changed":false,"_seopress_robots_primary_cat":"none","_seopress_titles_title":"","_seopress_titles_desc":"","_seopress_robots_index":""},"product_brand":[],"product_cat":[294],"product_tag":[],"class_list":{"0":"post-3811","1":"product","2":"type-product","3":"status-publish","4":"has-post-thumbnail","6":"product_cat-arcap-de","8":"first","9":"instock","10":"shipping-taxable","11":"product-type-simple"},"acf":[],"_links":{"self":[{"href":"https:\/\/lebronze-distribution.com\/de\/wp-json\/wp\/v2\/product\/3811","targetHints":{"allow":["GET"]}}],"collection":[{"href":"https:\/\/lebronze-distribution.com\/de\/wp-json\/wp\/v2\/product"}],"about":[{"href":"https:\/\/lebronze-distribution.com\/de\/wp-json\/wp\/v2\/types\/product"}],"replies":[{"embeddable":true,"href":"https:\/\/lebronze-distribution.com\/de\/wp-json\/wp\/v2\/comments?post=3811"}],"wp:featuredmedia":[{"embeddable":true,"href":"https:\/\/lebronze-distribution.com\/de\/wp-json\/wp\/v2\/media\/1602"}],"wp:attachment":[{"href":"https:\/\/lebronze-distribution.com\/de\/wp-json\/wp\/v2\/media?parent=3811"}],"wp:term":[{"taxonomy":"product_brand","embeddable":true,"href":"https:\/\/lebronze-distribution.com\/de\/wp-json\/wp\/v2\/product_brand?post=3811"},{"taxonomy":"product_cat","embeddable":true,"href":"https:\/\/lebronze-distribution.com\/de\/wp-json\/wp\/v2\/product_cat?post=3811"},{"taxonomy":"product_tag","embeddable":true,"href":"https:\/\/lebronze-distribution.com\/de\/wp-json\/wp\/v2\/product_tag?post=3811"}],"curies":[{"name":"wp","href":"https:\/\/api.w.org\/{rel}","templated":true}]}}