{"id":3805,"date":"2022-05-18T15:10:14","date_gmt":"2022-05-18T14:10:14","guid":{"rendered":"https:\/\/lebronze-distribution.com\/product\/crm16-hochfeste-hochleitfaehige-cucrzr-legierung-c18150-rwma-klasse-2\/"},"modified":"2025-02-17T13:30:34","modified_gmt":"2025-02-17T13:30:34","slug":"crm16-cucrzr-c18150-rwma-class-2","status":"publish","type":"product","link":"https:\/\/lebronze-distribution.com\/de\/produkt\/crm16-cucrzr-c18150-rwma-class-2\/","title":{"rendered":"CRM16 | CuCrZr | C18150 | RWMA Klasse 2 \u2013 Hochfeste Kupferlegierung mit hoher Leitf\u00e4higkeit"},"content":{"rendered":"<h2><strong>CRM16 | CuCrZr | C18150 | RWMA Klasse 2 Schl\u00fcsseleigenschaften<\/strong><\/h2>\n<p><strong>CRM16 | CuCrZr | C18150 | RWMA Klasse 2<\/strong> ist eine Kupfer-Chrom-Zirkonium-Legierung mit sehr hohem Reinheitsgrad.<\/p>\n<p><strong>CRM16 | CuCrZr | C18150 | RWMA Klasse 2 <\/strong>weist eine gute Leitf\u00e4higkeit, eine gute mechanische Festigkeit und gute thermische Eigenschaften auf, wodurch es sich f\u00fcr Schwei\u00dfanwendungen eignet.<\/p>\n<h2>CRM16 | CuCrZr | C18150 | RWMA Klasse 2 Anwendungen<\/h2>\n<p><strong>Automobilindustrie<\/strong><\/p>\n<p><strong>CRM16 | CuCrZr | C18150 | RWMA Klasse 2 <\/strong>eignet sich zur Herstellung von Schwei\u00dfelektroden f\u00fcr den Einsatz in der Automobilindustrie.<\/p>\n<p>Punktschwei\u00dfelektroden aus <strong>CRM16 | CuCrZr | C18150 | RWMA Klasse 2<\/strong> sind die Marktstandardl\u00f6sung f\u00fcr das Schwei\u00dfen von beschichtetem und unbeschichtetem Stahl.<\/p>\n<p><strong>Elektroindustrie<\/strong><\/p>\n<p><strong>CRM16 | CuCrZr | C18150 | RWMA Klasse 2 <\/strong>kann auch in Rotorst\u00e4ben und Verbindern verwendet werden.<\/p>\n<p><strong>Stahlindustrie  <\/strong><\/p>\n<p><strong>CRM16 | CuCrZr | C18150 | RWMA Klasse 2 <\/strong>kann in Gussr\u00e4dern und Gussformen verwendet werden.<\/p>\n","protected":false},"excerpt":{"rendered":"<p><strong>CRM16 | CuCrZr | C18150 | RWMA Klasse 2<\/strong> ist eine Kupfer-Chrom-Zirkonium-Legierung mit guter Leitf\u00e4higkeit, guter mechanischer Festigkeit und guten thermischen Eigenschaften, die sie f\u00fcr Schwei\u00dfanwendungen geeignet macht. Diese Legierung entspricht den folgenden Normen: RWMA Klasse 2, EN 12163, EN 12165, EN 12420, EN 12167, CW106C, CW105C, NFA 82100, DIN 17666 wn 2.1293, DIN 17672 und DIN 44759.<\/p>\n","protected":false},"featured_media":2056,"comment_status":"closed","ping_status":"closed","template":"","meta":{"_acf_changed":false,"_seopress_robots_primary_cat":"none","_seopress_titles_title":"CRM16 | CuCrZr | C18150 | RWMA-Klasse 2 \u2013 Lebronze-Verteilung","_seopress_titles_desc":"","_seopress_robots_index":""},"product_brand":[],"product_cat":[154],"product_tag":[384,383,158,168,170,387,388,389,216,385,371,218,386,165],"class_list":{"0":"post-3805","1":"product","2":"type-product","3":"status-publish","4":"has-post-thumbnail","6":"product_cat-cucrzr-legierungen","7":"product_tag-c18150-de","8":"product_tag-crm16-de","9":"product_tag-cucrzr-de","10":"product_tag-cw105c-de","11":"product_tag-cw106c-de","12":"product_tag-din-17666-wn-2-1293-de","13":"product_tag-din-17672-de","14":"product_tag-din-44759-de","15":"product_tag-en-12163-de","16":"product_tag-en-12165-de","17":"product_tag-en-12167-de","18":"product_tag-en-12420-de","19":"product_tag-nfa-82100-de","20":"product_tag-rwma-klasse-2","22":"first","23":"outofstock","24":"shipping-taxable","25":"purchasable","26":"product-type-variable"},"acf":[],"_links":{"self":[{"href":"https:\/\/lebronze-distribution.com\/de\/wp-json\/wp\/v2\/product\/3805","targetHints":{"allow":["GET"]}}],"collection":[{"href":"https:\/\/lebronze-distribution.com\/de\/wp-json\/wp\/v2\/product"}],"about":[{"href":"https:\/\/lebronze-distribution.com\/de\/wp-json\/wp\/v2\/types\/product"}],"replies":[{"embeddable":true,"href":"https:\/\/lebronze-distribution.com\/de\/wp-json\/wp\/v2\/comments?post=3805"}],"wp:featuredmedia":[{"embeddable":true,"href":"https:\/\/lebronze-distribution.com\/de\/wp-json\/wp\/v2\/media\/2056"}],"wp:attachment":[{"href":"https:\/\/lebronze-distribution.com\/de\/wp-json\/wp\/v2\/media?parent=3805"}],"wp:term":[{"taxonomy":"product_brand","embeddable":true,"href":"https:\/\/lebronze-distribution.com\/de\/wp-json\/wp\/v2\/product_brand?post=3805"},{"taxonomy":"product_cat","embeddable":true,"href":"https:\/\/lebronze-distribution.com\/de\/wp-json\/wp\/v2\/product_cat?post=3805"},{"taxonomy":"product_tag","embeddable":true,"href":"https:\/\/lebronze-distribution.com\/de\/wp-json\/wp\/v2\/product_tag?post=3805"}],"curies":[{"name":"wp","href":"https:\/\/api.w.org\/{rel}","templated":true}]}}