{"id":3800,"date":"2022-07-06T11:11:35","date_gmt":"2022-07-06T10:11:35","guid":{"rendered":"https:\/\/lebronze-distribution.com\/product\/k5b-kupfer-nickel-aluminium-legierung-cuni14mn4al2-def-stan-02-835\/"},"modified":"2025-02-17T13:30:19","modified_gmt":"2025-02-17T13:30:19","slug":"k5b-cuni14mn4al2-def-stan-02-835","status":"publish","type":"product","link":"https:\/\/lebronze-distribution.com\/de\/produkt\/k5b-cuni14mn4al2-def-stan-02-835\/","title":{"rendered":"K5B | CuNi14Mn4Al2 | DEF STAN 02-835 &#8211; Kupfer-Nickel-Aluminiumlegierung"},"content":{"rendered":"<h2><strong>K5B | CuNi14Mn4Al2 | DEF STAN 02-835 Schl\u00fcsseleigenschaften<\/strong><\/h2>\n<p><strong>K5B | CuNi14Mn4Al2 | DEF STAN 02-835<\/strong> ist eine Kupfer-Nickel-Aluminium-Knetlegierung, die f\u00fcr hochfeste Anwendungen in einer Meerwasserumgebung entwickelt wurde. Es ist nicht magnetisch und widersteht mechanischem Verschlei\u00df, Abrieb, Spannungsrelaxation, Korrosion und Erosion. Es l\u00e4sst sich leicht zu komplexen Komponenten verarbeiten und ist gleichzeitig umweltfreundlich, da es <strong>frei<\/strong> von <strong>Blei<\/strong> <strong>und Beryllium<\/strong> ist .<\/p>\n<p><strong>K5B | CuNi14Mn4Al2 | DEF STAN 02-835<\/strong> ist konform mit der Norm NES835 \/ DEF STAN 02-835.<\/p>\n<h2><strong>K5B | CuNi14Mn4Al2 | DEF STAN 02-835<\/strong> Anwendungen<\/h2>\n<p><strong>Anwendungen in der Marine und im Verteidigungsbereich<\/strong><\/p>\n<p><strong>K5B | CuNi14Mn4Al2 | DEF STAN 02-835<\/strong> kann als Verbindungselement f\u00fcr Schiffe und U-Boote, Steuerelement von U-Booten, Pumpen, Wellen, Gleitringdichtungen, Windenkomponenten, Zahnr\u00e4der, Schlauchkupplungen, Komponenten in Sonarger\u00e4ten, Propellerwellen und Antriebsbuchsen verwendet werden.<\/p>\n<p><strong>\u00d6l- und Gasanwendungen<\/strong><\/p>\n<p><strong>K5B | CuNi14Mn4Al2 | DEF STAN 02-835 <\/strong>wird f\u00fcr Unterwasserverschraubungen, Wellen f\u00fcr Pumpen und Ventile, Ventilspindeln, Hydraulikkolben und -zylinder, Hydraulikstecker und Druckkupplungen verwendet.<\/p>\n","protected":false},"excerpt":{"rendered":"<p><strong>K5B | CuNi14Mn4Al2<\/strong> ist eine geschmiedete Kupfer-Nickel-Aluminium-Legierung CuNi14Mn4Al2, die f\u00fcr hochfeste Anwendungen in einer Meerwasserumgebung entwickelt wurde.<\/p>\n<p> <strong>K5B | CuNi14Mn4Al2<\/strong> entspricht der Norm NES835 \/ DEF STAN 02-835.<\/p>\n","protected":false},"featured_media":787,"comment_status":"open","ping_status":"closed","template":"","meta":{"_acf_changed":false,"_seopress_robots_primary_cat":"none","_seopress_titles_title":"K5B | CuNi14Mn4Al2 | DEF STAN 02-835 | Kupfer-Nickel-Aluminium","_seopress_titles_desc":"","_seopress_robots_index":""},"product_brand":[],"product_cat":[220],"product_tag":[272,274,275,273],"class_list":{"0":"post-3800","1":"product","2":"type-product","3":"status-publish","4":"has-post-thumbnail","6":"product_cat-kupfer-nickel-bronze-legierungen","7":"product_tag-cuni14mn4al2-de","8":"product_tag-def-stan-02-835-de","9":"product_tag-kupfer-nickel-aluminium","10":"product_tag-nes835-de","12":"first","13":"instock","14":"shipping-taxable","15":"product-type-simple"},"acf":[],"_links":{"self":[{"href":"https:\/\/lebronze-distribution.com\/de\/wp-json\/wp\/v2\/product\/3800","targetHints":{"allow":["GET"]}}],"collection":[{"href":"https:\/\/lebronze-distribution.com\/de\/wp-json\/wp\/v2\/product"}],"about":[{"href":"https:\/\/lebronze-distribution.com\/de\/wp-json\/wp\/v2\/types\/product"}],"replies":[{"embeddable":true,"href":"https:\/\/lebronze-distribution.com\/de\/wp-json\/wp\/v2\/comments?post=3800"}],"wp:featuredmedia":[{"embeddable":true,"href":"https:\/\/lebronze-distribution.com\/de\/wp-json\/wp\/v2\/media\/787"}],"wp:attachment":[{"href":"https:\/\/lebronze-distribution.com\/de\/wp-json\/wp\/v2\/media?parent=3800"}],"wp:term":[{"taxonomy":"product_brand","embeddable":true,"href":"https:\/\/lebronze-distribution.com\/de\/wp-json\/wp\/v2\/product_brand?post=3800"},{"taxonomy":"product_cat","embeddable":true,"href":"https:\/\/lebronze-distribution.com\/de\/wp-json\/wp\/v2\/product_cat?post=3800"},{"taxonomy":"product_tag","embeddable":true,"href":"https:\/\/lebronze-distribution.com\/de\/wp-json\/wp\/v2\/product_tag?post=3800"}],"curies":[{"name":"wp","href":"https:\/\/api.w.org\/{rel}","templated":true}]}}