{"id":3793,"date":"2022-05-18T15:14:07","date_gmt":"2022-05-18T14:14:07","guid":{"rendered":"https:\/\/lebronze-distribution.com\/product\/hardiall-hochfeste-spinodal-kupfer-nickel-zinn-legierung-cuni15sn8-c72900-ams-4596-ams-4597-ams-4598\/"},"modified":"2025-02-26T11:33:16","modified_gmt":"2025-02-26T11:33:16","slug":"hardiall-c72900-cuni15sn8-ams-4596-toughmet","status":"publish","type":"product","link":"https:\/\/lebronze-distribution.com\/de\/produkt\/hardiall-c72900-cuni15sn8-ams-4596-toughmet\/","title":{"rendered":"Hardiall\u00ae | C72900 | CuNi15Sn8 | AMS4596 | AMS4597 | AMS 4598 \u2013 Hochfeste Spinodale Kupfer-Nickel-Zinn-Legierung"},"content":{"rendered":"<div class=\"text text--wysiwyg-product text--list\">\n<h2 style=\"text-align: left;\"><strong>Hardiall \u00ae | CuNi15Sn8 | C72900 Schl\u00fcsseleigenschaften<\/strong><\/h2>\n<p><strong>Hardiall\u00ae<\/strong> ist eine geknetete, spinodal geh\u00e4rtete Kupferlegierung <strong>CuNi15Sn8 | C72900<\/strong>, die f\u00fcr hochfeste Anwendungen entwickelt wurde, bei denen Z\u00e4higkeit erforderlich ist. Es ist nicht magnetisch und widersteht mechanischem Verschlei\u00df, Fressen, Spannungsabbau, Korrosion und Erosion.<br \/>\n Es l\u00e4sst sich leicht zu komplexen Komponenten verarbeiten und ist gleichzeitig umweltfreundlich, da es weder Blei noch Beryllium enth\u00e4lt. <strong>Hardiall \u00ae | CuNi15Sn8 | C72900<\/strong> wird dank seiner hervorragenden physikalischen und mechanischen Eigenschaften in vielen verschiedenen Komponenten in zahlreichen Branchen eingesetzt.<\/p>\n<p><strong>Hardiall \u00ae | CuNi15Sn8 | C72900<\/strong> ist eine ideale und nachweislich erfolgreiche L\u00f6sung. Umfassende Tests stellen sicher, dass Hardiall \u00ae | CuNi15Sn8 | C72900 die einschl\u00e4gigen Spezifikationen in vollem Umfang erf\u00fcllt: In dieser Hinsicht kann die Verwendung von <strong>Hardiall \u00ae | CuNi15Sn8 | C72900<\/strong> der High-End-Industrie helfen, ihre Risiken in der Lieferkette zu minimieren.<\/p>\n<p><strong>Hardiall \u00ae | CuNi15Sn8 | C72900<\/strong> <strong>ist ein idealer Ersatz f\u00fcr CuBe2 Berylliumkupfer<\/strong>. <strong>Hardiall \u00ae | CuNi15Sn8 | C72900<\/strong> erreicht \u00e4hnliche mechanische Eigenschaften sowie hervorragende Oberfl\u00e4cheneigenschaften und Verarbeitbarkeit.<\/p>\n<p>In der Luft- und Raumfahrt erf\u00fcllt <strong>Hardiall \u00ae | CuNi15Sn8 | C72900<\/strong> die <strong>Normen AMS 4596, AMS 4597, AMS 4598 und UT AMS 2154 Klasse B<\/strong>.<\/p>\n<p>In der \u00d6l- und Gasindustrie erf\u00fcllt <strong>Hardiall \u00ae | CuNi15Sn8 | C72900<\/strong> die <strong>Normen NACE MR0175, ASTM B505 und ASTM B929<\/strong>.<\/p>\n<p><strong>Hardiall \u00ae | CuNi15Sn8 | C72900 <\/strong>wird von <strong>Lebronze alloys<\/strong> hergestellt und profitiert von einem vollst\u00e4ndig integrierten Produktionsprozess vom Gie\u00dfen bis zur Endbearbeitung.<\/p>\n<h2 style=\"text-align: left;\"><strong>Hardiall \u00ae | CuNi15Sn8 | C72900 Anwendungen<\/strong><\/h2>\n<h3>Luft- und Raumfahrt<\/h3>\n<p><strong>Hardiall \u00ae | CuNi15Sn8 | C72900<\/strong> findet breite Anwendung in Bet\u00e4tigungssystemen, Gleitbuchsen und Lagern f\u00fcr prim\u00e4re und sekund\u00e4re Flugsteuerungen, R\u00e4der und Bremsen sowie verschiedene Anbauteile von Flugzeugsystemen.<\/p>\n<p><strong>Hardiall \u00ae | CuNi15Sn8 | C72900<\/strong> entspricht den wichtigsten Kundenspezifikationen im Luft- und Raumfahrtbereich, n\u00e4mlich: BS 5849, ABS 5152, BMS 7-373 Klasse 90 Klasse 100 Klasse TS.<br \/>\n MTL 4112<\/p>\n<h3>\u00d6l und Gas<\/h3>\n<p><strong>Hardiall \u00ae | CuNi15Sn8 | C72900<\/strong> wird in Onshore-Saugstangen f\u00fcr k\u00fcnstlichen Auftrieb, Ventilf\u00fchrungskupplungen<br \/>\n<strong>Hardiall \u00ae | CuNi15Sn8 | C72900 <\/strong>kann auch als Offshore Subsea Wellhead Controls, Manifold, Mud Pumpen, LWD und MWD Komponenten, HDD Werkzeuge, Bohrer, Lager, Buchsen, Druckscheiben, ROV hydraulische Anschl\u00fcsse, Ventile Komponenten Trim verwendet werden.<\/p>\n<p><strong>Hardiall \u00ae | CuNi15Sn8 | C72900,<\/strong> entspricht den wichtigsten Kundenspezifikationen in der \u00d6l- und Gasindustrie, n\u00e4mlich: 22-000119-03, CU07 CU08, MS013, WN 135, 6000062, MS 145, 100082256, 100679610, M 40131C, 50 2L 50 2D<\/p>\n<h3>Bergbau<\/h3>\n<p><strong>Hardiall \u00ae | CuNi15Sn8 | C72900<\/strong> findet Anwendung in schweren Bergbauausr\u00fcstungen und -fahrzeugen wie Baggern, Schleppern, Baggerschaufeln und Schleppschaufeln, kontinuierlichen Bergbauanlagen, Drehbuchsen und Lagern, Tri-Cone Rock Bit Roller Cone, Reamers HDD Tools Bushings, Thrust Washers.<\/p>\n<\/div>\n<h3>Automobilindustrie<\/h3>\n<p><strong>Hardiall \u00ae | CuNi15Sn8 | C72900<\/strong> wird auch f\u00fcr Hochleistungsanwendungen in Rennwagen, Pkw-Antriebskomponenten (Ventilf\u00fchrungen, Gleitlager, Buchsen), Brems- und Lenksystemen (Bremssattelbuchsen, Lenkungsbuchsen) eingesetzt.<\/p>\n","protected":false},"excerpt":{"rendered":"<p>Hardiall\u00ae hochfeste spinodale Kupfer-Nickel-Zinn-Legierung | CuNi15Sn8 | C72900 | C729 | AMS 4596 | AMS 4597 | AMS 4598 | ASTM B505 | ASTM B929 | EN 12163 | CW355H | NACE MR0175<\/p>\n","protected":false},"featured_media":6673,"comment_status":"closed","ping_status":"closed","template":"","meta":{"_acf_changed":false,"_seopress_robots_primary_cat":"none","_seopress_titles_title":"Hardiall\u00ae | CuNi15Sn8 | C729 C72900 | AMS 4596 4597 4598","_seopress_titles_desc":"","_seopress_robots_index":""},"product_brand":[],"product_cat":[238],"product_tag":[253,255,257,258,261,249,245,265,262,216,263,264],"class_list":{"0":"post-3793","1":"product","2":"type-product","3":"status-publish","4":"has-post-thumbnail","6":"product_cat-spinodal-legierungen","7":"product_tag-ams-4596-de","8":"product_tag-ams-4597-de","9":"product_tag-ams-4598-de","10":"product_tag-astm-b505-de","11":"product_tag-astm-b929-de","12":"product_tag-c729-de","13":"product_tag-c72900-de","14":"product_tag-cuni15sn8-de","15":"product_tag-cw355h-de","16":"product_tag-en-12163-de","17":"product_tag-nace-mr0175-de","18":"product_tag-toughmet-3-de","20":"first","21":"outofstock","22":"shipping-taxable","23":"purchasable","24":"product-type-variable"},"acf":[],"_links":{"self":[{"href":"https:\/\/lebronze-distribution.com\/de\/wp-json\/wp\/v2\/product\/3793","targetHints":{"allow":["GET"]}}],"collection":[{"href":"https:\/\/lebronze-distribution.com\/de\/wp-json\/wp\/v2\/product"}],"about":[{"href":"https:\/\/lebronze-distribution.com\/de\/wp-json\/wp\/v2\/types\/product"}],"replies":[{"embeddable":true,"href":"https:\/\/lebronze-distribution.com\/de\/wp-json\/wp\/v2\/comments?post=3793"}],"wp:featuredmedia":[{"embeddable":true,"href":"https:\/\/lebronze-distribution.com\/de\/wp-json\/wp\/v2\/media\/6673"}],"wp:attachment":[{"href":"https:\/\/lebronze-distribution.com\/de\/wp-json\/wp\/v2\/media?parent=3793"}],"wp:term":[{"taxonomy":"product_brand","embeddable":true,"href":"https:\/\/lebronze-distribution.com\/de\/wp-json\/wp\/v2\/product_brand?post=3793"},{"taxonomy":"product_cat","embeddable":true,"href":"https:\/\/lebronze-distribution.com\/de\/wp-json\/wp\/v2\/product_cat?post=3793"},{"taxonomy":"product_tag","embeddable":true,"href":"https:\/\/lebronze-distribution.com\/de\/wp-json\/wp\/v2\/product_tag?post=3793"}],"curies":[{"name":"wp","href":"https:\/\/api.w.org\/{rel}","templated":true}]}}