{"id":3791,"date":"2022-07-05T16:52:30","date_gmt":"2022-07-05T15:52:30","guid":{"rendered":"https:\/\/lebronze-distribution.com\/product\/k5-kupfer-nickel-aluminium-legierung-cuni14al3-nfl14702\/"},"modified":"2025-02-17T13:30:18","modified_gmt":"2025-02-17T13:30:18","slug":"k5-cuni14al3-nfl14702-aluminum-nickel-copper-alloy","status":"publish","type":"product","link":"https:\/\/lebronze-distribution.com\/de\/produkt\/k5-cuni14al3-nfl14702-aluminum-nickel-copper-alloy\/","title":{"rendered":"K5 | CuNi14Al3 | NFL14702 &#8211; Kupfer-Nickel-Aluminiumlegierung"},"content":{"rendered":"<h2><strong>K5 | CuNi14Al3 | NFL14702 Schl\u00fcsseleigenschaften<\/strong><\/h2>\n<p><strong>K5 | CuNi14Al3 | NFL14702<\/strong> ist ein Kupfer-Nickel-Aluminium-Knetwerkstoff CuNi14Al3\/ CuNi14Al2 (NFL 14702, GAM MM11) mit sehr guten mechanischen Eigenschaften, guter Schlagz\u00e4higkeit, guter Erm\u00fcdungsbest\u00e4ndigkeit und nicht abbl\u00e4tternd bei Schlag.<\/p>\n<p><strong>K5 | CuNi14Al3 | NFL14702<\/strong> ist ebenfalls streng amagnetisch.<\/p>\n<h2>K5 | CuNi14Al3 | NFL14702 Wichtige Anwendungen<\/h2>\n<p><strong>Elektroingenieurwesen<\/strong><\/p>\n<p><strong>K5 | CuNi14Al3 | NFL14702<\/strong> wird f\u00fcr elektrotechnische Anwendungen verwendet.<\/p>\n<p><strong>Marine<\/strong><\/p>\n<p><strong>K5 | CuNi14Al3 | NFL14702<\/strong> wird f\u00fcr Teile in der Schifffahrtsindustrie verwendet.<\/p>\n","protected":false},"excerpt":{"rendered":"<p><strong>K5 | CuNi14Al3 | NFL14702<\/strong> ist ein Kupfer-Nickel-Aluminium-Knetwerkstoff CuNi14Al3\/ CuNi14Al2 (NFL14702, GAM MM11) mit sehr guten mechanischen Eigenschaften, guter Schlagz\u00e4higkeit, guter Erm\u00fcdungsbest\u00e4ndigkeit und nicht abbl\u00e4tternd bei Schlag.<\/p>\n","protected":false},"featured_media":556,"comment_status":"open","ping_status":"closed","template":"","meta":{"_acf_changed":false,"_seopress_robots_primary_cat":"none","_seopress_titles_title":"K5 | CuNi14Al3 | NFL14702 | Kupfer-Nickel-Aluminium-Legierung","_seopress_titles_desc":"","_seopress_robots_index":""},"product_brand":[],"product_cat":[220],"product_tag":[223,227,239,231],"class_list":{"0":"post-3791","1":"product","2":"type-product","3":"status-publish","4":"has-post-thumbnail","6":"product_cat-kupfer-nickel-bronze-legierungen","7":"product_tag-cuni14al3-de","8":"product_tag-gam-mm11-de","9":"product_tag-nfl14702-de","10":"product_tag-x316-de","12":"first","13":"instock","14":"shipping-taxable","15":"product-type-simple"},"acf":[],"_links":{"self":[{"href":"https:\/\/lebronze-distribution.com\/de\/wp-json\/wp\/v2\/product\/3791","targetHints":{"allow":["GET"]}}],"collection":[{"href":"https:\/\/lebronze-distribution.com\/de\/wp-json\/wp\/v2\/product"}],"about":[{"href":"https:\/\/lebronze-distribution.com\/de\/wp-json\/wp\/v2\/types\/product"}],"replies":[{"embeddable":true,"href":"https:\/\/lebronze-distribution.com\/de\/wp-json\/wp\/v2\/comments?post=3791"}],"wp:featuredmedia":[{"embeddable":true,"href":"https:\/\/lebronze-distribution.com\/de\/wp-json\/wp\/v2\/media\/556"}],"wp:attachment":[{"href":"https:\/\/lebronze-distribution.com\/de\/wp-json\/wp\/v2\/media?parent=3791"}],"wp:term":[{"taxonomy":"product_brand","embeddable":true,"href":"https:\/\/lebronze-distribution.com\/de\/wp-json\/wp\/v2\/product_brand?post=3791"},{"taxonomy":"product_cat","embeddable":true,"href":"https:\/\/lebronze-distribution.com\/de\/wp-json\/wp\/v2\/product_cat?post=3791"},{"taxonomy":"product_tag","embeddable":true,"href":"https:\/\/lebronze-distribution.com\/de\/wp-json\/wp\/v2\/product_tag?post=3791"}],"curies":[{"name":"wp","href":"https:\/\/api.w.org\/{rel}","templated":true}]}}