{"id":3768,"date":"2022-07-11T10:45:24","date_gmt":"2022-07-11T09:45:24","guid":{"rendered":"https:\/\/lebronze-distribution.com\/product\/ncs-luft-und-raumfahrt-nickel-aluminium-bronze-c63020-cual11ni5fe5-ams-4590-astm-b-150-cw308g\/"},"modified":"2025-02-17T13:30:17","modified_gmt":"2025-02-17T13:30:17","slug":"ncs-c63020-cuni11al5fe5-ams4590-cw308g","status":"publish","type":"product","link":"https:\/\/lebronze-distribution.com\/de\/produkt\/ncs-c63020-cuni11al5fe5-ams4590-cw308g\/","title":{"rendered":"NCS | C63020 | CuAl11Ni5Fe5 | AMS4590 | ASTM B 150 | CW308G &#8211; Nickel-Aluminium-Bronze f\u00fcr die Luft- und Raumfahrt"},"content":{"rendered":"<h2>NCS | C63020 | CuAl11Ni5Fe5 | AMS 4590 Schl\u00fcsseleigenschaften<\/h2>\n<p><strong>NCS | C63020 | CuAl11Ni5Fe5 | AMS4590<\/strong> ist eine zweiphasige Hochleistungs-Nickel-Aluminium-Bronze-Legierung. Es weist hohe mechanische Eigenschaften sowie hervorragende Oberfl\u00e4cheneigenschaften auf.<\/p>\n<p><strong>NCS | C63020 | CuAl11Ni5Fe5 | AMS4590<\/strong> weist auch eine hervorragende Oxidations- und Korrosionsbest\u00e4ndigkeit auf, selbst in salzhaltigen Nebelgebieten.<\/p>\n<h2>NCS | C63020 | CuAl11Ni5Fe5 | AMS 4590 Schl\u00fcsselanwendungen<\/h2>\n<p><strong>Luft- und Raumfahrt<\/strong><\/p>\n<p><strong>NCS | C63020 | CuAl11Ni5Fe5 | AMS 4590<\/strong> k\u00f6nnen zu Ringen f\u00fcr die Luft- und Raumfahrtindustrie verarbeitet werden. Es ist das ideale Material f\u00fcr Buchsen und Lager in Fahrwerken.<\/p>\n<p><strong>NCS | C63020 | CuAl11Ni5Fe5 | AMS 4590<\/strong> k\u00f6nnen auch als mechanische Teile verwendet werden.<\/p>\n<p><strong>Hydraulische Industrie<\/strong><\/p>\n<p><strong>NCS | C63020 | CuAl11Ni5Fe5 | AMS 4590<\/strong> k\u00f6nnen als Pumpenbl\u00f6cke verwendet werden.<\/p>\n","protected":false},"excerpt":{"rendered":"<p><strong>NCS | AMS 4590 | CuAl11Ni5Fe5 | CW 308G<\/strong> ist eine zweiphasige Hochleistungs-Nickel-Aluminium-Bronze-Legierung. Es entspricht den folgenden Normen: C63020, ASTM B150, AMS 4590, NFA 51-116, NFL 14-706, DIN 17665 WN 20978, DIN 17672 WN 20978, EN 12167, EN 12163, EN 12420, und CW308G.<\/p>\n","protected":false},"featured_media":6695,"comment_status":"closed","ping_status":"closed","template":"","meta":{"_acf_changed":false,"_seopress_robots_primary_cat":"none","_seopress_titles_title":"NCS | C63020 | CuAl11Ni5Fe5 | AMS4590 | ASTM B 150 | CW308G","_seopress_titles_desc":"","_seopress_robots_index":""},"product_brand":[],"product_cat":[189],"product_tag":[190,196,195,193,194,191,192,197],"class_list":{"0":"post-3768","1":"product","2":"type-product","3":"status-publish","4":"has-post-thumbnail","6":"product_cat-nickel-aluminium-bronze-legierungen","7":"product_tag-ams-4590-de","8":"product_tag-cuni11al5fe5-de","9":"product_tag-cw308g-de","10":"product_tag-din-17665-wn-20978-de","11":"product_tag-din-17672-wn-20978-de","12":"product_tag-nfa-51-116-de","13":"product_tag-nfl-14-706-de","14":"product_tag-nickel-aluminium-bronze","16":"first","17":"instock","18":"shipping-taxable","19":"product-type-simple"},"acf":[],"_links":{"self":[{"href":"https:\/\/lebronze-distribution.com\/de\/wp-json\/wp\/v2\/product\/3768","targetHints":{"allow":["GET"]}}],"collection":[{"href":"https:\/\/lebronze-distribution.com\/de\/wp-json\/wp\/v2\/product"}],"about":[{"href":"https:\/\/lebronze-distribution.com\/de\/wp-json\/wp\/v2\/types\/product"}],"replies":[{"embeddable":true,"href":"https:\/\/lebronze-distribution.com\/de\/wp-json\/wp\/v2\/comments?post=3768"}],"wp:featuredmedia":[{"embeddable":true,"href":"https:\/\/lebronze-distribution.com\/de\/wp-json\/wp\/v2\/media\/6695"}],"wp:attachment":[{"href":"https:\/\/lebronze-distribution.com\/de\/wp-json\/wp\/v2\/media?parent=3768"}],"wp:term":[{"taxonomy":"product_brand","embeddable":true,"href":"https:\/\/lebronze-distribution.com\/de\/wp-json\/wp\/v2\/product_brand?post=3768"},{"taxonomy":"product_cat","embeddable":true,"href":"https:\/\/lebronze-distribution.com\/de\/wp-json\/wp\/v2\/product_cat?post=3768"},{"taxonomy":"product_tag","embeddable":true,"href":"https:\/\/lebronze-distribution.com\/de\/wp-json\/wp\/v2\/product_tag?post=3768"}],"curies":[{"name":"wp","href":"https:\/\/api.w.org\/{rel}","templated":true}]}}