{"id":8882,"date":"2026-02-16T11:13:11","date_gmt":"2026-02-16T11:13:11","guid":{"rendered":"https:\/\/lebronze-distribution.com\/zinnbronzen\/"},"modified":"2026-02-18T14:17:02","modified_gmt":"2026-02-18T14:17:02","slug":"zinnbronzen","status":"publish","type":"page","link":"https:\/\/lebronze-distribution.com\/de\/zinnbronzen\/","title":{"rendered":"Zinnbronzen"},"content":{"rendered":"\t\t<div data-elementor-type=\"wp-page\" data-elementor-id=\"8882\" class=\"elementor elementor-8882 elementor-8774\" data-elementor-post-type=\"page\">\n\t\t\t\t\t\t<section class=\"elementor-section elementor-top-section elementor-element elementor-element-b657497 elementor-section-boxed elementor-section-height-default elementor-section-height-default\" data-id=\"b657497\" data-element_type=\"section\" data-e-type=\"section\" data-settings=\"{&quot;jet_parallax_layout_list&quot;:[],&quot;background_background&quot;:&quot;classic&quot;}\">\n\t\t\t\t\t\t\t<div class=\"elementor-background-overlay\"><\/div>\n\t\t\t\t\t\t\t<div class=\"elementor-container elementor-column-gap-default\">\n\t\t\t\t\t<div class=\"elementor-column elementor-col-100 elementor-top-column elementor-element elementor-element-7466883\" data-id=\"7466883\" data-element_type=\"column\" data-e-type=\"column\">\n\t\t\t<div class=\"elementor-widget-wrap elementor-element-populated\">\n\t\t\t\t\t\t<div class=\"elementor-element elementor-element-3e9be6f bdt-backdrop-filter-yes bdt-filter-backdrop elementor-widget elementor-widget-heading\" data-id=\"3e9be6f\" data-element_type=\"widget\" data-e-type=\"widget\" data-widget_type=\"heading.default\">\n\t\t\t\t<div class=\"elementor-widget-container\">\n\t\t\t\t\t<h1 class=\"elementor-heading-title elementor-size-default\">Zinnbronzen<\/h1>\t\t\t\t<\/div>\n\t\t\t\t<\/div>\n\t\t\t\t\t<\/div>\n\t\t<\/div>\n\t\t\t\t\t<\/div>\n\t\t<\/section>\n\t\t\t\t<section class=\"elementor-section elementor-top-section elementor-element elementor-element-5014356 elementor-section-boxed elementor-section-height-default elementor-section-height-default\" data-id=\"5014356\" data-element_type=\"section\" data-e-type=\"section\" data-settings=\"{&quot;jet_parallax_layout_list&quot;:[]}\">\n\t\t\t\t\t\t<div class=\"elementor-container elementor-column-gap-default\">\n\t\t\t\t\t<div class=\"elementor-column elementor-col-100 elementor-top-column elementor-element elementor-element-9d01e50\" data-id=\"9d01e50\" data-element_type=\"column\" data-e-type=\"column\">\n\t\t\t<div class=\"elementor-widget-wrap elementor-element-populated\">\n\t\t\t\t\t\t<div class=\"elementor-element elementor-element-978b3c9 elementor-widget elementor-widget-spacer\" data-id=\"978b3c9\" data-element_type=\"widget\" data-e-type=\"widget\" data-widget_type=\"spacer.default\">\n\t\t\t\t<div class=\"elementor-widget-container\">\n\t\t\t\t\t\t\t<div class=\"elementor-spacer\">\n\t\t\t<div class=\"elementor-spacer-inner\"><\/div>\n\t\t<\/div>\n\t\t\t\t\t\t<\/div>\n\t\t\t\t<\/div>\n\t\t\t\t<div class=\"elementor-element elementor-element-056ddd5 elementor-product-loop-item--align-left elementor-grid-mobile-1 elementor-grid-4 elementor-grid-tablet-3 elementor-products-grid elementor-wc-products elementor-show-pagination-border-yes elementor-widget elementor-widget-woocommerce-products\" data-id=\"056ddd5\" data-element_type=\"widget\" data-e-type=\"widget\" data-widget_type=\"woocommerce-products.default\">\n\t\t\t\t<div class=\"elementor-widget-container\">\n\t\t\t\t\t<div class=\"woocommerce columns-4 \"><div class=\"woocommerce-notices-wrapper\"><\/div><p class=\"woocommerce-result-count\" role=\"alert\" aria-relevant=\"all\" >\n\tEinzelnes Ergebnis wird angezeigt<\/p>\n<ul class=\"products elementor-grid columns-4\">\n<li class=\"product type-product post-8872 status-publish first instock product_cat-tin-bronzes product_tag-bz4 product_tag-c54400 product_tag-cusn4pb4zn4 has-post-thumbnail shipping-taxable product-type-simple\">\n\t<a href=\"https:\/\/lebronze-distribution.com\/de\/produkt\/bz4-cusn4pb4zn4-c54400\/\" class=\"woocommerce-LoopProduct-link woocommerce-loop-product__link\"><img fetchpriority=\"high\" decoding=\"async\" width=\"300\" height=\"300\" src=\"https:\/\/lebronze-distribution.com\/wp-content\/uploads\/2026\/01\/BZ4_LBA_UK.png-300x300.jpg\" class=\"attachment-woocommerce_thumbnail size-woocommerce_thumbnail\" alt=\"BZ4\" srcset=\"https:\/\/lebronze-distribution.com\/wp-content\/uploads\/2026\/01\/BZ4_LBA_UK.png-300x300.jpg 300w, https:\/\/lebronze-distribution.com\/wp-content\/uploads\/2026\/01\/BZ4_LBA_UK.png-1024x1024.jpg 1024w, https:\/\/lebronze-distribution.com\/wp-content\/uploads\/2026\/01\/BZ4_LBA_UK.png-150x150.jpg 150w, https:\/\/lebronze-distribution.com\/wp-content\/uploads\/2026\/01\/BZ4_LBA_UK.png-768x767.jpg 768w, https:\/\/lebronze-distribution.com\/wp-content\/uploads\/2026\/01\/BZ4_LBA_UK.png-1536x1534.jpg 1536w, https:\/\/lebronze-distribution.com\/wp-content\/uploads\/2026\/01\/BZ4_LBA_UK.png-2048x2046.jpg 2048w, https:\/\/lebronze-distribution.com\/wp-content\/uploads\/2026\/01\/BZ4_LBA_UK.png-600x599.jpg 600w, https:\/\/lebronze-distribution.com\/wp-content\/uploads\/2026\/01\/BZ4_LBA_UK.png-100x100.jpg 100w\" sizes=\"(max-width: 300px) 100vw, 300px\" \/><h2 class=\"woocommerce-loop-product__title\">BZ4 | CuSn4Pb4Zn4 | C54400 Hochleistungslegierung f\u00fcr Festigkeit, Verschlei\u00dffestigkeit und thermische Stabilit\u00e4t<\/h2>\n<\/a><\/li>\n<\/ul>\n<\/div>\t\t\t\t<\/div>\n\t\t\t\t<\/div>\n\t\t\t\t\t<\/div>\n\t\t<\/div>\n\t\t\t\t\t<\/div>\n\t\t<\/section>\n\t\t\t\t<\/div>\n\t\t","protected":false},"excerpt":{"rendered":"<p>Zinnbronzen<\/p>\n","protected":false},"author":31,"featured_media":0,"parent":0,"menu_order":0,"comment_status":"closed","ping_status":"closed","template":"elementor_header_footer","meta":{"_acf_changed":false,"_seopress_robots_primary_cat":"","_seopress_titles_title":"","_seopress_titles_desc":"","_seopress_robots_index":"","footnotes":""},"class_list":["post-8882","page","type-page","status-publish","hentry"],"acf":[],"_links":{"self":[{"href":"https:\/\/lebronze-distribution.com\/de\/wp-json\/wp\/v2\/pages\/8882","targetHints":{"allow":["GET"]}}],"collection":[{"href":"https:\/\/lebronze-distribution.com\/de\/wp-json\/wp\/v2\/pages"}],"about":[{"href":"https:\/\/lebronze-distribution.com\/de\/wp-json\/wp\/v2\/types\/page"}],"author":[{"embeddable":true,"href":"https:\/\/lebronze-distribution.com\/de\/wp-json\/wp\/v2\/users\/31"}],"replies":[{"embeddable":true,"href":"https:\/\/lebronze-distribution.com\/de\/wp-json\/wp\/v2\/comments?post=8882"}],"version-history":[{"count":1,"href":"https:\/\/lebronze-distribution.com\/de\/wp-json\/wp\/v2\/pages\/8882\/revisions"}],"predecessor-version":[{"id":8883,"href":"https:\/\/lebronze-distribution.com\/de\/wp-json\/wp\/v2\/pages\/8882\/revisions\/8883"}],"wp:attachment":[{"href":"https:\/\/lebronze-distribution.com\/de\/wp-json\/wp\/v2\/media?parent=8882"}],"curies":[{"name":"wp","href":"https:\/\/api.w.org\/{rel}","templated":true}]}}