{"id":3693,"date":"2022-06-14T15:50:56","date_gmt":"2022-06-14T14:50:56","guid":{"rendered":"https:\/\/lebronze-distribution.com\/nutzungsbedingungen\/"},"modified":"2024-01-24T14:50:49","modified_gmt":"2024-01-24T14:50:49","slug":"nutzungsbedingungen","status":"publish","type":"page","link":"https:\/\/lebronze-distribution.com\/de\/nutzungsbedingungen\/","title":{"rendered":"Nutzungsbedingungen"},"content":{"rendered":"\t\t<div data-elementor-type=\"wp-page\" data-elementor-id=\"3693\" class=\"elementor elementor-3693 elementor-1384\" data-elementor-post-type=\"page\">\n\t\t\t\t\t\t<section class=\"elementor-section elementor-top-section elementor-element elementor-element-f06c0f0 elementor-section-boxed elementor-section-height-default elementor-section-height-default\" data-id=\"f06c0f0\" data-element_type=\"section\" data-e-type=\"section\" data-settings=\"{&quot;jet_parallax_layout_list&quot;:[]}\">\n\t\t\t\t\t\t<div class=\"elementor-container elementor-column-gap-default\">\n\t\t\t\t\t<div class=\"elementor-column elementor-col-100 elementor-top-column elementor-element elementor-element-0c33322\" data-id=\"0c33322\" data-element_type=\"column\" data-e-type=\"column\">\n\t\t\t<div class=\"elementor-widget-wrap elementor-element-populated\">\n\t\t\t\t\t\t<div class=\"elementor-element elementor-element-bded373 elementor-widget elementor-widget-text-editor\" data-id=\"bded373\" data-element_type=\"widget\" data-e-type=\"widget\" data-widget_type=\"text-editor.default\">\n\t\t\t\t<div class=\"elementor-widget-container\">\n\t\t\t\t\t\t\t\t\t<h1> <\/h1>\n<h1>WEBSITE-NUTZUNGSBEDINGUNGEN<\/h1>\n<p><em>(Zuletzt aktualisiert im Juni 2022)<\/em><\/p>\n<h2>ARTIKEL 1 : Zweck<\/h2>\n<p>Diese Website-Nutzungsbedingungen (im Folgenden als die  <strong>&#8222;Bedingungen&#8220;<\/strong>) legen die rechtlichen Bedingungen fest, unter denen LEBRONZE ALLOYS UK LIMITED (im Folgenden als  <strong>&#8222;Verlag&#8220;<\/strong>(in Artikel 2.1 genannt) erbringt Dienstleistungen \u00fcber die Website  <a href=\"https:\/\/lebronze-distribution.com\/de\/\">https:\/\/lebronze-distribution.com\/<\/a>  (nachstehend &#8222;die&#8220; genannt)  <strong>&#8222;Website&#8220;<\/strong>), und diese Dienste werden von dem Internetnutzer (im Folgenden als  <strong>&#8222;Benutzer&#8220;<\/strong>).<\/p>\n<p>Jeder Nutzer, der auf die Website zugreifen m\u00f6chte, muss diese Bedingungen akzeptieren. Sie begr\u00fcnden einen Vertrag zwischen dem Herausgeber und dem Nutzer (im Folgenden <strong>\u201eVertrag\u201c<\/strong> genannt). Mit dem Zugriff auf die Website erkl\u00e4rt sich der Nutzer mit diesen Bedingungen einverstanden.<\/p>\n<p>Wenn der Nutzer mit den Vertragsbedingungen nicht einverstanden ist, muss er davon absehen, die vom Verlag auf der Website angebotenen Dienste in Anspruch zu nehmen.<\/p>\n<p>Der Verlag beh\u00e4lt sich das Recht vor, die Bedingungen jederzeit nach eigenem Ermessen zu \u00e4ndern.<\/p>\n<h2>ARTIKEL 2 : Impressum der Website<\/h2>\n<h3><span style=\"text-decoration: underline;\">2.1 Website Herausgeber:<strong> <\/strong><\/span><\/h3>\n<p><strong>LEBRONZE ALLOYS UK LIMITED<\/strong><\/p>\n<p>Eine Gesellschaft mit beschr\u00e4nkter Haftung,<\/p>\n<p>Eingetragene Anschrift: Unit 58 Empire Industrial Park, Aldridge, Walsall, ENGLAND, WS9 8UY,<\/p>\n<p>Registrierung des Unternehmens: 01650805,<\/p>\n<p>Tel.: <a href=\"tel:+44%20(0)%201922%20612722\">+44 (0) 1922 612722<\/a><\/p>\n<p><strong> <\/strong><\/p>\n<h3><u>2.2 Publishing Manager<\/u>:<\/h3>\n<p>Richard MONCKTON<\/p>\n<p><strong> <\/strong><\/p>\n<h3><u>2.2 Website-Design und -Entwicklung<\/u>:<\/h3>\n<p><strong> <\/strong><\/p>\n<p><strong>ADVENTURE GRAPHICS GMBH<\/strong><\/p>\n<p>Eine Gesellschaft mit beschr\u00e4nkter Haftung,<\/p>\n<p>Eingetragene Anschrift: First Floor Station House, Midland Drive, Sutton Coldfield, ENGLAND, B72 1TU,<\/p>\n<p>Registrierung des Unternehmens: 07014188,<\/p>\n<p>Tel.: +44 (0) 121 354 1010<\/p>\n<p>Website: <a href=\"https:\/\/adventuregraphics.co.uk\/\">https:\/\/adventuregraphics.co.uk\/<\/a><\/p>\n<h3><u>2.3 Website-Hosting-Anbieter<\/u>:<\/h3>\n<p><strong> <\/strong><\/p>\n<p><strong>DUNBLUE LIMITED<\/strong><\/p>\n<p>Eine Gesellschaft mit beschr\u00e4nkter Haftung,<\/p>\n<p>Eingetragene Anschrift: 70-72 The Havens<\/p>\n<p>Ransomes Europark, Ipswich, Suffolk ENGLAND, IP3 9BF<\/p>\n<p>Registrierung des Unternehmens: 6291003<\/p>\n<p>Tel.: 01473553335  <\/p>\n<p>Website: <a href=\"https:\/\/www.dunblue.com\">https:\/\/www.dunblue.com<\/a><\/p>\n<h2>ARTIKEL 3: Zugang zu Dienstleistungen<\/h2>\n<p>Der Herausgeber erm\u00f6glicht dem Nutzer den kostenlosen Zugang zu den folgenden Diensten auf der Website:<\/p>\n<ul>\n<li>Informationen \u00fcber das Unternehmen des Herausgebers,<\/li>\n<li>Informationen \u00fcber die Produkte des Verlags,<\/li>\n<li>Nachrichtenartikel,<\/li>\n<li>Kontakt mit dem Herausgeber,<\/li>\n<\/ul>\n<p>(Im Folgenden als <strong>\u201eDienste\u201c bezeichnet<\/strong> ).<\/p>\n<p>Die Website kann von jedem Nutzer, der \u00fcber einen Internetzugang verf\u00fcgt, von jedem Ort aus kostenlos genutzt werden. Der Nutzer ist f\u00fcr alle Kosten verantwortlich, die f\u00fcr den Zugang zu den Diensten anfallen (z.B. Hardware, Software, Internetverbindung).<\/p>\n<p>Der Verlag ergreift alle verf\u00fcgbaren Ma\u00dfnahmen, um einen qualitativ hochwertigen Zugang zu den Diensten zu erm\u00f6glichen, und ist an die Verpflichtung zur Bereitstellung von Mitteln gebunden.<\/p>\n<p>Der Zugang zu den Website-Diensten kann jederzeit ohne Vorank\u00fcndigung aus Wartungsgr\u00fcnden oder aus anderen Gr\u00fcnden unterbrochen, ausgesetzt oder ge\u00e4ndert werden. Die Nutzer haben keinen Anspruch auf Entsch\u00e4digung f\u00fcr eine Unterbrechung, Aussetzung oder \u00c4nderung des Vertrags.<\/p>\n<p>Benutzer k\u00f6nnen den Herausgeber \u00fcber das unter <a href=\"mailto:contact@lebronze-distribution.com\">contact@lebronze-distribution.com<\/a> verf\u00fcgbare Kontaktformular kontaktieren.<\/p>\n<h2><strong>ARTIKEL 4 : <\/strong><strong>Hyperlinks und Websites Dritter<\/strong><\/h2>\n<p>Die Website kann Hyperlinks zu anderen Websites enthalten, die nicht von LEBRONZE ALLOYS UK LIMITED ver\u00f6ffentlicht werden. LEBRONZE ALLOYS UK LIMITED \u00fcbernimmt keine Haftung f\u00fcr die Verf\u00fcgbarkeit oder den Inhalt dieser Websites Dritter und hat keine Kontrolle \u00fcber diese Links.<\/p>\n<p>F\u00fcr die Nutzung von Hyperlinks zu anderen Websites sind allein die Nutzer verantwortlich.<\/p>\n<h2>ARTIKEL 5 : Geistiges Eigentum<\/h2>\n<p>Die Marken LEBRONZE ALLOYS<strong><br \/>\n  <sup>\u00ae<\/sup><br \/>\n<\/strong>, HARDIALL<strong><br \/>\n  <sup>\u00ae<\/sup><br \/>\n<\/strong>, BRONZIALL<strong><br \/>\n  <sup>\u00ae<\/sup><br \/>\n<\/strong>, STERIALL<strong><sup>\u00ae<\/sup><\/strong>ARCAP<strong><sup>\u00ae<\/sup><\/strong>CUPROFOR<strong><sup>\u00ae<\/sup><\/strong>NICLAFOR<strong><sup>\u00ae<\/sup><\/strong>, CRM16<strong><sup>\u00ae<\/sup><\/strong>usw., die Logos, Dom\u00e4nennamen, alle Unterscheidungszeichen und alle anderen Inhalte der Website, einschlie\u00dflich der Texte, Videos, Bilder, Fotografien und des Styleguides usw., sind Eigentum der Gruppe LEBRONZE ALLOYS und durch franz\u00f6sische, britische, europ\u00e4ische und internationale Gesetze \u00fcber geistiges Eigentum, einschlie\u00dflich des Urheberrechts, gesch\u00fctzt.<\/p>\n<p>Die Fotos und Visuals stammen entweder aus der Bilddatenbank der Gruppe LEBRONZE ALLOYS oder werden unter Lizenz verwendet.<\/p>\n<p>Jede vollst\u00e4ndige oder teilweise Vervielf\u00e4ltigung dieses Inhalts und dieser Marken ist strengstens untersagt und kann den Straftatbestand der F\u00e4lschung erf\u00fcllen.<\/p>\n<p>F\u00fcr jede Reproduktion, Ver\u00f6ffentlichung, Vervielf\u00e4ltigung, Verlinkung, Einrahmung usw. des Inhalts der Website muss der Nutzer zuvor die Genehmigung des Herausgebers einholen. Die Nutzer k\u00f6nnen den Verlag unter <a href=\"mailto:contact@lebronze-distribution.com\">contact@lebronze-distribution.com<\/a> kontaktieren.<\/p>\n<h2>ARTIKEL 6 : Personenbezogene Daten<\/h2>\n<p>Die Datenschutzrichtlinie des Herausgebers finden Sie unter <a href=\"https:\/\/lebronze-distribution.com\/de\/datenschutzbestimmungen\/\">https:\/\/lebronze-distribution.com\/privacy-policy\/<\/a><\/p>\n<h2>ARTIKEL 7 : Haftung<\/h2>\n<p>Die Website ist bestrebt, Informationen aus zuverl\u00e4ssigen Quellen zu ver\u00f6ffentlichen. Der Herausgeber kann jedoch nicht f\u00fcr die Richtigkeit, Vollst\u00e4ndigkeit und Aktualit\u00e4t der Informationen auf der Website garantieren. Alle Informationen auf der Website dienen lediglich der Veranschaulichung, und der Nutzer ist allein f\u00fcr die Nutzung der Informationen und Inhalte der Website verantwortlich.<\/p>\n<p>Die Website \u00fcbernimmt keine Haftung f\u00fcr (i) h\u00f6here Gewalt; (ii) Fehler oder Auslassungen auf der Website; (iii) direkte oder indirekte Sch\u00e4den, unabh\u00e4ngig von der Ursache, der Art oder den Folgen, die sich aus dem Zugang zur oder der Nutzung der Website ergeben, einschlie\u00dflich der Zug\u00e4nglichkeit, des Datenverlusts, der Besch\u00e4digung, der Zerst\u00f6rung oder des Virus, der die Ger\u00e4te des Nutzers beeintr\u00e4chtigt und\/oder aus dem Vorhandensein eines Virus auf der Website.<\/p>\n<p>Der Verlag kann f\u00fcr jede Nutzung des Dienstes durch einen Nutzer, die zu einem direkten oder indirekten Schaden f\u00fchrt, einen Anspruch auf Entsch\u00e4digung haben.<\/p>\n<h2>ARTIKEL 8 : Dauer<\/h2>\n<p>Der Vertrag hat kein festes Enddatum. Der Vertrag wird f\u00fcr den Nutzer mit der Nutzung des Dienstes verbindlich.<\/p>\n<h2>ARTIKEL 9 : \u00c4nderungen<\/h2>\n<p>Die Website beh\u00e4lt sich das Recht vor, den Vertrag jederzeit zu \u00e4ndern.<\/p>\n<h2>ARTIKEL 10 : Anwendbares Recht und Gerichtsbarkeit<\/h2>\n<p>Die Website, ihr Inhalt und der Vertrag unterliegen dem Recht von England und Wales.<\/p>\n<p>Gelingt es den Parteien nicht, eine g\u00fctliche Einigung zu erzielen, so wird die Angelegenheit der Zust\u00e4ndigkeit der englischen Gerichte unterworfen.<\/p>\n\t\t\t\t\t\t\t\t<\/div>\n\t\t\t\t<\/div>\n\t\t\t\t\t<\/div>\n\t\t<\/div>\n\t\t\t\t\t<\/div>\n\t\t<\/section>\n\t\t\t\t<\/div>\n\t\t","protected":false},"excerpt":{"rendered":"<p>WEBSITE-NUTZUNGSBEDINGUNGEN (Zuletzt aktualisiert im Juni 2022) ARTIKEL 1 : Zweck Diese Website-Nutzungsbedingungen (im Folgenden als die &#8222;Bedingungen&#8220;) legen die rechtlichen Bedingungen fest, unter denen LEBRONZE ALLOYS UK LIMITED (im Folgenden als &#8222;Verlag&#8220;(in Artikel 2.1 genannt) erbringt Dienstleistungen \u00fcber die Website https:\/\/lebronze-distribution.com\/ (nachstehend &#8222;die&#8220; genannt) &#8222;Website&#8220;), und diese Dienste werden von dem Internetnutzer (im Folgenden als [&hellip;]<\/p>\n","protected":false},"author":1,"featured_media":0,"parent":0,"menu_order":0,"comment_status":"closed","ping_status":"closed","template":"elementor_header_footer","meta":{"_acf_changed":false,"_seopress_robots_primary_cat":"","_seopress_titles_title":"","_seopress_titles_desc":"","_seopress_robots_index":"","footnotes":""},"class_list":["post-3693","page","type-page","status-publish","hentry"],"acf":[],"_links":{"self":[{"href":"https:\/\/lebronze-distribution.com\/de\/wp-json\/wp\/v2\/pages\/3693","targetHints":{"allow":["GET"]}}],"collection":[{"href":"https:\/\/lebronze-distribution.com\/de\/wp-json\/wp\/v2\/pages"}],"about":[{"href":"https:\/\/lebronze-distribution.com\/de\/wp-json\/wp\/v2\/types\/page"}],"author":[{"embeddable":true,"href":"https:\/\/lebronze-distribution.com\/de\/wp-json\/wp\/v2\/users\/1"}],"replies":[{"embeddable":true,"href":"https:\/\/lebronze-distribution.com\/de\/wp-json\/wp\/v2\/comments?post=3693"}],"version-history":[{"count":5,"href":"https:\/\/lebronze-distribution.com\/de\/wp-json\/wp\/v2\/pages\/3693\/revisions"}],"predecessor-version":[{"id":6561,"href":"https:\/\/lebronze-distribution.com\/de\/wp-json\/wp\/v2\/pages\/3693\/revisions\/6561"}],"wp:attachment":[{"href":"https:\/\/lebronze-distribution.com\/de\/wp-json\/wp\/v2\/media?parent=3693"}],"curies":[{"name":"wp","href":"https:\/\/api.w.org\/{rel}","templated":true}]}}