{"id":3528,"date":"2022-05-11T11:33:18","date_gmt":"2022-05-11T10:33:18","guid":{"rendered":"https:\/\/lebronze-distribution.com\/haerte-umrechnungstabelle\/"},"modified":"2026-03-23T14:17:18","modified_gmt":"2026-03-23T14:17:18","slug":"haerte-umrechnungstabelle","status":"publish","type":"page","link":"https:\/\/lebronze-distribution.com\/de\/haerte-umrechnungstabelle\/","title":{"rendered":"H\u00e4rte-Umrechnungstabelle"},"content":{"rendered":"\t\t<div data-elementor-type=\"wp-page\" data-elementor-id=\"3528\" class=\"elementor elementor-3528 elementor-672\" data-elementor-post-type=\"page\">\n\t\t\t\t\t\t<section class=\"elementor-section elementor-top-section elementor-element elementor-element-286a59e elementor-section-boxed elementor-section-height-default elementor-section-height-default\" data-id=\"286a59e\" data-element_type=\"section\" data-e-type=\"section\" data-settings=\"{&quot;jet_parallax_layout_list&quot;:[],&quot;background_background&quot;:&quot;classic&quot;}\">\n\t\t\t\t\t\t\t<div class=\"elementor-background-overlay\"><\/div>\n\t\t\t\t\t\t\t<div class=\"elementor-container elementor-column-gap-default\">\n\t\t\t\t\t<div class=\"elementor-column elementor-col-100 elementor-top-column elementor-element elementor-element-1476826\" data-id=\"1476826\" data-element_type=\"column\" data-e-type=\"column\">\n\t\t\t<div class=\"elementor-widget-wrap elementor-element-populated\">\n\t\t\t\t\t\t\t<\/div>\n\t\t<\/div>\n\t\t\t\t\t<\/div>\n\t\t<\/section>\n\t\t\t\t<section class=\"elementor-section elementor-top-section elementor-element elementor-element-58cf4b2 elementor-section-boxed elementor-section-height-default elementor-section-height-default\" data-id=\"58cf4b2\" data-element_type=\"section\" data-e-type=\"section\" data-settings=\"{&quot;jet_parallax_layout_list&quot;:[]}\">\n\t\t\t\t\t\t<div class=\"elementor-container elementor-column-gap-default\">\n\t\t\t\t\t<div class=\"elementor-column elementor-col-100 elementor-top-column elementor-element elementor-element-0a99694\" data-id=\"0a99694\" data-element_type=\"column\" data-e-type=\"column\">\n\t\t\t<div class=\"elementor-widget-wrap elementor-element-populated\">\n\t\t\t\t\t\t<div class=\"elementor-element elementor-element-d968b31 hardness-conversion-table elementor-widget elementor-widget-accordion\" data-id=\"d968b31\" data-element_type=\"widget\" data-e-type=\"widget\" data-widget_type=\"accordion.default\">\n\t\t\t\t<div class=\"elementor-widget-container\">\n\t\t\t\t\t\t\t<div class=\"elementor-accordion\">\n\t\t\t\t\t\t\t<div class=\"elementor-accordion-item\">\n\t\t\t\t\t<div id=\"elementor-tab-title-2271\" class=\"elementor-tab-title\" data-tab=\"1\" role=\"button\" aria-controls=\"elementor-tab-content-2271\" aria-expanded=\"false\">\n\t\t\t\t\t\t\t\t\t\t\t\t\t<span class=\"elementor-accordion-icon elementor-accordion-icon-left\" aria-hidden=\"true\">\n\t\t\t\t\t\t\t\t\t\t\t\t\t\t\t<span class=\"elementor-accordion-icon-closed\"><i class=\"fas fa-plus\"><\/i><\/span>\n\t\t\t\t\t\t\t\t<span class=\"elementor-accordion-icon-opened\"><i class=\"fas fa-minus\"><\/i><\/span>\n\t\t\t\t\t\t\t\t\t\t\t\t\t\t<\/span>\n\t\t\t\t\t\t\t\t\t\t\t\t<a class=\"elementor-accordion-title\" tabindex=\"0\">H\u00e4rte-Umrechnungstabelle<\/a>\n\t\t\t\t\t<\/div>\n\t\t\t\t\t<div id=\"elementor-tab-content-2271\" class=\"elementor-tab-content elementor-clearfix\" data-tab=\"1\" role=\"region\" aria-labelledby=\"elementor-tab-title-2271\"><table style=\"margin-top: 20px;\" width=\"100%\">\n<thead>\n<tr>\n<th align=\"center\">Brinell-H\u00e4rte<\/th>\n<th colspan=\"3\" align=\"center\">Rockwell-H\u00e4rte<\/th>\n<th align=\"center\">Zugfestigkeit<\/th>\n<\/tr>\n<tr>\n<th align=\"center\">Wolframkarbid-Kugel 3000 KG<\/th>\n<th align=\"center\">A Waage 60KG<\/th>\n<th align=\"center\">B Waage 100KG<\/th>\n<th align=\"center\">C Waage 150KG<\/th>\n<th align=\"center\">(Ca.)<\/th>\n<\/tr>\n<\/thead>\n<tbody>\n<tr>\n<td align=\"center\">&#8211;<\/td>\n<td align=\"center\">85.6<\/td>\n<td align=\"center\">&#8211;<\/td>\n<td align=\"center\">68.0<\/td>\n<td align=\"center\">68.0<\/td>\n<\/tr>\n<tr>\n<td align=\"center\">&#8211;<\/td>\n<td align=\"center\">85.3<\/td>\n<td align=\"center\">&#8211;<\/td>\n<td align=\"center\">67.5<\/td>\n<td align=\"center\">67.5<\/td>\n<\/tr>\n<tr>\n<td align=\"center\">&#8211;<\/td>\n<td align=\"center\">85.0<\/td>\n<td align=\"center\">&#8211;<\/td>\n<td align=\"center\">67.0<\/td>\n<td align=\"center\">67.0<\/td>\n<\/tr>\n<tr>\n<td align=\"center\">767<\/td>\n<td align=\"center\">84.7<\/td>\n<td align=\"center\">&#8211;<\/td>\n<td align=\"center\">66.4<\/td>\n<td align=\"center\">66.4<\/td>\n<\/tr>\n<tr>\n<td align=\"center\">757<\/td>\n<td align=\"center\">84.4<\/td>\n<td align=\"center\">&#8211;<\/td>\n<td align=\"center\">65.9<\/td>\n<td align=\"center\">65.9<\/td>\n<\/tr>\n<tr>\n<td align=\"center\">745<\/td>\n<td align=\"center\">84.1<\/td>\n<td align=\"center\">&#8211;<\/td>\n<td align=\"center\">65.3<\/td>\n<td align=\"center\">65.3<\/td>\n<\/tr>\n<tr>\n<td align=\"center\">733<\/td>\n<td align=\"center\">83.8<\/td>\n<td align=\"center\">&#8211;<\/td>\n<td align=\"center\">64.7<\/td>\n<td align=\"center\">64.7<\/td>\n<\/tr>\n<tr>\n<td align=\"center\">722<\/td>\n<td align=\"center\">83.4<\/td>\n<td align=\"center\">&#8211;<\/td>\n<td align=\"center\">64.0<\/td>\n<td align=\"center\">64.0<\/td>\n<\/tr>\n<tr>\n<td align=\"center\">712<\/td>\n<td align=\"center\">&#8211;<\/td>\n<td align=\"center\">&#8211;<\/td>\n<td align=\"center\">&#8211;<\/td>\n<td align=\"center\">&#8211;<\/td>\n<\/tr>\n<tr>\n<td align=\"center\">710<\/td>\n<td align=\"center\">83.0<\/td>\n<td align=\"center\">&#8211;<\/td>\n<td align=\"center\">63.3<\/td>\n<td align=\"center\">63.3<\/td>\n<\/tr>\n<tr>\n<td align=\"center\">698<\/td>\n<td align=\"center\">82.6<\/td>\n<td align=\"center\">&#8211;<\/td>\n<td align=\"center\">62.5<\/td>\n<td align=\"center\">62.5<\/td>\n<\/tr>\n<tr>\n<td align=\"center\">684<\/td>\n<td align=\"center\">82.2<\/td>\n<td align=\"center\">&#8211;<\/td>\n<td align=\"center\">61.8<\/td>\n<td align=\"center\">61.8<\/td>\n<\/tr>\n<tr>\n<td align=\"center\">682<\/td>\n<td align=\"center\">82.2<\/td>\n<td align=\"center\">&#8211;<\/td>\n<td align=\"center\">61.7<\/td>\n<td align=\"center\">61.7<\/td>\n<\/tr>\n<tr>\n<td align=\"center\">670<\/td>\n<td align=\"center\">81.8<\/td>\n<td align=\"center\">&#8211;<\/td>\n<td align=\"center\">61.0<\/td>\n<td align=\"center\">61.0<\/td>\n<\/tr>\n<tr>\n<td align=\"center\">656<\/td>\n<td align=\"center\">81.3<\/td>\n<td align=\"center\">&#8211;<\/td>\n<td align=\"center\">60.1<\/td>\n<td align=\"center\">60.1<\/td>\n<\/tr>\n<tr>\n<td align=\"center\">653<\/td>\n<td align=\"center\">81.2<\/td>\n<td align=\"center\">&#8211;<\/td>\n<td align=\"center\">60.0<\/td>\n<td align=\"center\">60.0<\/td>\n<\/tr>\n<tr>\n<td align=\"center\">647<\/td>\n<td align=\"center\">81.1<\/td>\n<td align=\"center\">&#8211;<\/td>\n<td align=\"center\">59.7<\/td>\n<td align=\"center\">59.7<\/td>\n<\/tr>\n<tr>\n<td align=\"center\">638<\/td>\n<td align=\"center\">80.8<\/td>\n<td align=\"center\">&#8211;<\/td>\n<td align=\"center\">59.2<\/td>\n<td align=\"center\">59.2<\/td>\n<\/tr>\n<tr>\n<td align=\"center\">630<\/td>\n<td align=\"center\">80.6<\/td>\n<td align=\"center\">&#8211;<\/td>\n<td align=\"center\">58.8<\/td>\n<td align=\"center\">58.8<\/td>\n<\/tr>\n<tr>\n<td align=\"center\">627<\/td>\n<td align=\"center\">80.5<\/td>\n<td align=\"center\">&#8211;<\/td>\n<td align=\"center\">58.7<\/td>\n<td align=\"center\">58.7<\/td>\n<\/tr>\n<tr>\n<td align=\"center\">601<\/td>\n<td align=\"center\">79.8<\/td>\n<td align=\"center\">&#8211;<\/td>\n<td align=\"center\">57.3<\/td>\n<td align=\"center\">57.3<\/td>\n<\/tr>\n<tr>\n<td align=\"center\">578<\/td>\n<td align=\"center\">79.1<\/td>\n<td align=\"center\">&#8211;<\/td>\n<td align=\"center\">56.0<\/td>\n<td align=\"center\">56.0<\/td>\n<\/tr>\n<tr>\n<td align=\"center\">555<\/td>\n<td align=\"center\">78.4<\/td>\n<td align=\"center\">&#8211;<\/td>\n<td align=\"center\">54.7<\/td>\n<td align=\"center\">54.7<\/td>\n<\/tr>\n<tr>\n<td align=\"center\">534<\/td>\n<td align=\"center\">77.8<\/td>\n<td align=\"center\">&#8211;<\/td>\n<td align=\"center\">53.5<\/td>\n<td align=\"center\">53.5<\/td>\n<\/tr>\n<tr>\n<td align=\"center\">514<\/td>\n<td align=\"center\">76.9<\/td>\n<td align=\"center\">&#8211;<\/td>\n<td align=\"center\">52.1<\/td>\n<td align=\"center\">52.1<\/td>\n<\/tr>\n<tr>\n<td align=\"center\">495<\/td>\n<td align=\"center\">76.3<\/td>\n<td align=\"center\">&#8211;<\/td>\n<td align=\"center\">51.0<\/td>\n<td align=\"center\">51.0<\/td>\n<\/tr>\n<tr>\n<td align=\"center\">477<\/td>\n<td align=\"center\">75.6<\/td>\n<td align=\"center\">&#8211;<\/td>\n<td align=\"center\">49.6<\/td>\n<td align=\"center\">49.6<\/td>\n<\/tr>\n<tr>\n<td align=\"center\">461<\/td>\n<td align=\"center\">74.9<\/td>\n<td align=\"center\">&#8211;<\/td>\n<td align=\"center\">48.5<\/td>\n<td align=\"center\">48.5<\/td>\n<\/tr>\n<tr>\n<td align=\"center\">444<\/td>\n<td align=\"center\">74.2<\/td>\n<td align=\"center\">&#8211;<\/td>\n<td align=\"center\">47.1<\/td>\n<td align=\"center\">47.1<\/td>\n<\/tr>\n<tr>\n<td align=\"center\">429<\/td>\n<td align=\"center\">73.4<\/td>\n<td align=\"center\">&#8211;<\/td>\n<td align=\"center\">45.7<\/td>\n<td align=\"center\">45.7<\/td>\n<\/tr>\n<tr>\n<td align=\"center\">415<\/td>\n<td align=\"center\">72.8<\/td>\n<td align=\"center\">&#8211;<\/td>\n<td align=\"center\">44.5<\/td>\n<td align=\"center\">44.5<\/td>\n<\/tr>\n<tr>\n<td align=\"center\">401<\/td>\n<td align=\"center\">72.0<\/td>\n<td align=\"center\">&#8211;<\/td>\n<td align=\"center\">43.1<\/td>\n<td align=\"center\">43.1<\/td>\n<\/tr>\n<tr>\n<td align=\"center\">388<\/td>\n<td align=\"center\">71.4<\/td>\n<td align=\"center\">&#8211;<\/td>\n<td align=\"center\">41.8<\/td>\n<td align=\"center\">41.8<\/td>\n<\/tr>\n<tr>\n<td align=\"center\">375<\/td>\n<td align=\"center\">70.6<\/td>\n<td align=\"center\">&#8211;<\/td>\n<td align=\"center\">40.4<\/td>\n<td align=\"center\">40.4<\/td>\n<\/tr>\n<tr>\n<td align=\"center\">363<\/td>\n<td align=\"center\">70.0<\/td>\n<td align=\"center\">&#8211;<\/td>\n<td align=\"center\">39.1<\/td>\n<td align=\"center\">39.1<\/td>\n<\/tr>\n<tr>\n<td align=\"center\">352<\/td>\n<td align=\"center\">69.3<\/td>\n<td align=\"center\">&#8211;<\/td>\n<td align=\"center\">37.9<\/td>\n<td align=\"center\">37.9<\/td>\n<\/tr>\n<tr>\n<td align=\"center\">341<\/td>\n<td align=\"center\">68.7<\/td>\n<td align=\"center\">&#8211;<\/td>\n<td align=\"center\">36.6<\/td>\n<td align=\"center\">36.6<\/td>\n<\/tr>\n<\/tbody>\n<\/table>\n<table width=\"100%\">\n<thead>\n<tr>\n<th align=\"center\">Brinell-H\u00e4rte<\/th>\n<th colspan=\"3\" align=\"center\">Rockwell-H\u00e4rte<\/th>\n<th align=\"center\">Zugfestigkeit<\/th>\n<\/tr>\n<tr>\n<th align=\"center\">Wolframkarbid-Kugel 3000 KG<\/th>\n<th align=\"center\">A Waage 60KG<\/th>\n<th align=\"center\">B Waage 100KG<\/th>\n<th align=\"center\">C Waage 150KG<\/th>\n<th align=\"center\">(Ca.)<\/th>\n<\/tr>\n<\/thead>\n<tbody>\n<tr>\n<td align=\"center\">331<\/td>\n<td align=\"center\">68.1<\/td>\n<td align=\"center\">&#8211;<\/td>\n<td align=\"center\">35.5<\/td>\n<td align=\"center\">35.5<\/td>\n<\/tr>\n<tr>\n<td align=\"center\">321<\/td>\n<td align=\"center\">67.5<\/td>\n<td align=\"center\">&#8211;<\/td>\n<td align=\"center\">34.3<\/td>\n<td align=\"center\">34.3<\/td>\n<\/tr>\n<tr>\n<td align=\"center\">311<\/td>\n<td align=\"center\">66.9<\/td>\n<td align=\"center\">&#8211;<\/td>\n<td align=\"center\">33.1<\/td>\n<td align=\"center\">33.1<\/td>\n<\/tr>\n<tr>\n<td align=\"center\">302<\/td>\n<td align=\"center\">66.3<\/td>\n<td align=\"center\">&#8211;<\/td>\n<td align=\"center\">32.1<\/td>\n<td align=\"center\">32.1<\/td>\n<\/tr>\n<tr>\n<td align=\"center\">293<\/td>\n<td align=\"center\">65.7<\/td>\n<td align=\"center\">&#8211;<\/td>\n<td align=\"center\">30.9<\/td>\n<td align=\"center\">30.9<\/td>\n<\/tr>\n<tr>\n<td align=\"center\">285<\/td>\n<td align=\"center\">65.3<\/td>\n<td align=\"center\">&#8211;<\/td>\n<td align=\"center\">29.9<\/td>\n<td align=\"center\">29.9<\/td>\n<\/tr>\n<tr>\n<td align=\"center\">277<\/td>\n<td align=\"center\">64.6<\/td>\n<td align=\"center\">&#8211;<\/td>\n<td align=\"center\">28.8<\/td>\n<td align=\"center\">28.8<\/td>\n<\/tr>\n<tr>\n<td align=\"center\">269<\/td>\n<td align=\"center\">64.1<\/td>\n<td align=\"center\">&#8211;<\/td>\n<td align=\"center\">27.6<\/td>\n<td align=\"center\">27.6<\/td>\n<\/tr>\n<tr>\n<td align=\"center\">262<\/td>\n<td align=\"center\">63.6<\/td>\n<td align=\"center\">&#8211;<\/td>\n<td align=\"center\">26.6<\/td>\n<td align=\"center\">26.6<\/td>\n<\/tr>\n<tr>\n<td align=\"center\">255<\/td>\n<td align=\"center\">63.0<\/td>\n<td align=\"center\">&#8211;<\/td>\n<td align=\"center\">25.4<\/td>\n<td align=\"center\">25.4<\/td>\n<\/tr>\n<tr>\n<td align=\"center\">248<\/td>\n<td align=\"center\">62.5<\/td>\n<td align=\"center\">&#8211;<\/td>\n<td align=\"center\">24.2<\/td>\n<td align=\"center\">24.2<\/td>\n<\/tr>\n<tr>\n<td align=\"center\">241<\/td>\n<td align=\"center\">61.8<\/td>\n<td align=\"center\">100.0<\/td>\n<td align=\"center\">22.8<\/td>\n<td align=\"center\">22.8<\/td>\n<\/tr>\n<tr>\n<td align=\"center\">235<\/td>\n<td align=\"center\">61.4<\/td>\n<td align=\"center\">99.0<\/td>\n<td align=\"center\">21.7<\/td>\n<td align=\"center\">21.7<\/td>\n<\/tr>\n<tr>\n<td align=\"center\">229<\/td>\n<td align=\"center\">60.8<\/td>\n<td align=\"center\">98.2<\/td>\n<td align=\"center\">20.5<\/td>\n<td align=\"center\">20.5<\/td>\n<\/tr>\n<tr>\n<td align=\"center\">223<\/td>\n<td align=\"center\">&#8211;<\/td>\n<td align=\"center\">97.3<\/td>\n<td align=\"center\">20.0<\/td>\n<td align=\"center\">20.0<\/td>\n<\/tr>\n<tr>\n<td align=\"center\">217<\/td>\n<td align=\"center\">&#8211;<\/td>\n<td align=\"center\">96.4<\/td>\n<td align=\"center\">18.0<\/td>\n<td align=\"center\">18.0<\/td>\n<\/tr>\n<tr>\n<td align=\"center\">212<\/td>\n<td align=\"center\">&#8211;<\/td>\n<td align=\"center\">95.5<\/td>\n<td align=\"center\">17.0<\/td>\n<td align=\"center\">17.0<\/td>\n<\/tr>\n<tr>\n<td align=\"center\">207<\/td>\n<td align=\"center\">&#8211;<\/td>\n<td align=\"center\">94.6<\/td>\n<td align=\"center\">16.0<\/td>\n<td align=\"center\">16.0<\/td>\n<\/tr>\n<tr>\n<td align=\"center\">201<\/td>\n<td align=\"center\">&#8211;<\/td>\n<td align=\"center\">93.8<\/td>\n<td align=\"center\">15.0<\/td>\n<td align=\"center\">15.0<\/td>\n<\/tr>\n<tr>\n<td align=\"center\">197<\/td>\n<td align=\"center\">&#8211;<\/td>\n<td align=\"center\">92.8<\/td>\n<td align=\"center\">&#8211;<\/td>\n<td align=\"center\">&#8211;<\/td>\n<\/tr>\n<tr>\n<td align=\"center\">192<\/td>\n<td align=\"center\">&#8211;<\/td>\n<td align=\"center\">91.9<\/td>\n<td align=\"center\">&#8211;<\/td>\n<td align=\"center\">&#8211;<\/td>\n<\/tr>\n<tr>\n<td align=\"center\">187<\/td>\n<td align=\"center\">&#8211;<\/td>\n<td align=\"center\">90.7<\/td>\n<td align=\"center\">&#8211;<\/td>\n<td align=\"center\">&#8211;<\/td>\n<\/tr>\n<tr>\n<td align=\"center\">183<\/td>\n<td align=\"center\">&#8211;<\/td>\n<td align=\"center\">90.0<\/td>\n<td align=\"center\">&#8211;<\/td>\n<td align=\"center\">&#8211;<\/td>\n<\/tr>\n<tr>\n<td align=\"center\">179<\/td>\n<td align=\"center\">&#8211;<\/td>\n<td align=\"center\">89.0<\/td>\n<td align=\"center\">&#8211;<\/td>\n<td align=\"center\">&#8211;<\/td>\n<\/tr>\n<tr>\n<td align=\"center\">174<\/td>\n<td align=\"center\">&#8211;<\/td>\n<td align=\"center\">87.8<\/td>\n<td align=\"center\">&#8211;<\/td>\n<td align=\"center\">&#8211;<\/td>\n<\/tr>\n<tr>\n<td align=\"center\">170<\/td>\n<td align=\"center\">&#8211;<\/td>\n<td align=\"center\">86.8<\/td>\n<td align=\"center\">&#8211;<\/td>\n<td align=\"center\">&#8211;<\/td>\n<\/tr>\n<tr>\n<td align=\"center\">167<\/td>\n<td align=\"center\">&#8211;<\/td>\n<td align=\"center\">86.0<\/td>\n<td align=\"center\">&#8211;<\/td>\n<td align=\"center\">&#8211;<\/td>\n<\/tr>\n<tr>\n<td align=\"center\">163<\/td>\n<td align=\"center\">&#8211;<\/td>\n<td align=\"center\">85.0<\/td>\n<td align=\"center\">&#8211;<\/td>\n<td align=\"center\">&#8211;<\/td>\n<\/tr>\n<tr>\n<td align=\"center\">156<\/td>\n<td align=\"center\">&#8211;<\/td>\n<td align=\"center\">82.9<\/td>\n<td align=\"center\">&#8211;<\/td>\n<td align=\"center\">&#8211;<\/td>\n<\/tr>\n<tr>\n<td align=\"center\">149<\/td>\n<td align=\"center\">&#8211;<\/td>\n<td align=\"center\">80.8<\/td>\n<td align=\"center\">&#8211;<\/td>\n<td align=\"center\">&#8211;<\/td>\n<\/tr>\n<tr>\n<td align=\"center\">143<\/td>\n<td align=\"center\">&#8211;<\/td>\n<td align=\"center\">78.7<\/td>\n<td align=\"center\">&#8211;<\/td>\n<td align=\"center\">&#8211;<\/td>\n<\/tr>\n<tr>\n<td align=\"center\">137<\/td>\n<td align=\"center\">&#8211;<\/td>\n<td align=\"center\">76.4<\/td>\n<td align=\"center\">&#8211;<\/td>\n<td align=\"center\">&#8211;<\/td>\n<\/tr>\n<tr>\n<td align=\"center\">131<\/td>\n<td align=\"center\">&#8211;<\/td>\n<td align=\"center\">74.0<\/td>\n<td align=\"center\">&#8211;<\/td>\n<td align=\"center\">&#8211;<\/td>\n<\/tr>\n<tr>\n<td align=\"center\">126<\/td>\n<td align=\"center\">&#8211;<\/td>\n<td align=\"center\">72.0<\/td>\n<td align=\"center\">&#8211;<\/td>\n<td align=\"center\">&#8211;<\/td>\n<\/tr>\n<tr>\n<td align=\"center\">121<\/td>\n<td align=\"center\">&#8211;<\/td>\n<td align=\"center\">69.8<\/td>\n<td align=\"center\">&#8211;<\/td>\n<td align=\"center\">&#8211;<\/td>\n<\/tr>\n<tr>\n<td align=\"center\">116<\/td>\n<td align=\"center\">&#8211;<\/td>\n<td align=\"center\">67.6<\/td>\n<td align=\"center\">&#8211;<\/td>\n<td align=\"center\">&#8211;<\/td>\n<\/tr>\n<tr>\n<td align=\"center\">111<\/td>\n<td align=\"center\">&#8211;<\/td>\n<td align=\"center\">65.7<\/td>\n<td align=\"center\">&#8211;<\/td>\n<td align=\"center\">&#8211;<\/td>\n<\/tr>\n<\/tbody>\n<\/table>\n<\/div>\n\t\t\t\t<\/div>\n\t\t\t\t\t\t\t\t<\/div>\n\t\t\t\t\t\t<\/div>\n\t\t\t\t<\/div>\n\t\t\t\t\t<\/div>\n\t\t<\/div>\n\t\t\t\t\t<\/div>\n\t\t<\/section>\n\t\t\t\t<section class=\"elementor-section elementor-top-section elementor-element elementor-element-aaa3de9 elementor-section-boxed elementor-section-height-default elementor-section-height-default\" data-id=\"aaa3de9\" data-element_type=\"section\" data-e-type=\"section\" data-settings=\"{&quot;jet_parallax_layout_list&quot;:[]}\">\n\t\t\t\t\t\t<div class=\"elementor-container elementor-column-gap-default\">\n\t\t\t\t\t<div class=\"elementor-column elementor-col-100 elementor-top-column elementor-element elementor-element-f08a882\" data-id=\"f08a882\" data-element_type=\"column\" data-e-type=\"column\">\n\t\t\t<div class=\"elementor-widget-wrap elementor-element-populated\">\n\t\t\t\t\t\t<div class=\"elementor-element elementor-element-fad1c90 elementor-widget elementor-widget-text-editor\" data-id=\"fad1c90\" data-element_type=\"widget\" data-e-type=\"widget\" data-widget_type=\"text-editor.default\">\n\t\t\t\t<div class=\"elementor-widget-container\">\n\t\t\t\t\t\t\t\t\t<p>Haftungsausschluss: Alle Berechnungen und Werte dienen nur zur Information und es wird keine Haftung \u00fcbernommen. Es liegt in der Verantwortung des Benutzers, alle Werte zu \u00fcberpr\u00fcfen.<\/p>\n\t\t\t\t\t\t\t\t<\/div>\n\t\t\t\t<\/div>\n\t\t\t\t\t<\/div>\n\t\t<\/div>\n\t\t\t\t\t<\/div>\n\t\t<\/section>\n\t\t\t\t<\/div>\n\t\t","protected":false},"excerpt":{"rendered":"<p>H\u00e4rte-Umrechnungstabelle Brinell-H\u00e4rte Rockwell-H\u00e4rte Zugfestigkeit Wolframkarbid-Kugel 3000 KG A Waage 60KG B Waage 100KG C Waage 150KG (Ca.) &#8211; 85.6 &#8211; 68.0 68.0 &#8211; 85.3 &#8211; 67.5 67.5 &#8211; 85.0 &#8211; 67.0 67.0 767 84.7 &#8211; 66.4 66.4 757 84.4 &#8211; 65.9 65.9 745 84.1 &#8211; 65.3 65.3 733 83.8 &#8211; 64.7 64.7 722 83.4 &#8211; [&hellip;]<\/p>\n","protected":false},"author":1,"featured_media":0,"parent":0,"menu_order":0,"comment_status":"closed","ping_status":"closed","template":"elementor_header_footer","meta":{"_acf_changed":false,"_seopress_robots_primary_cat":"","_seopress_titles_title":"","_seopress_titles_desc":"","_seopress_robots_index":"","footnotes":""},"class_list":["post-3528","page","type-page","status-publish","hentry"],"acf":[],"_links":{"self":[{"href":"https:\/\/lebronze-distribution.com\/de\/wp-json\/wp\/v2\/pages\/3528","targetHints":{"allow":["GET"]}}],"collection":[{"href":"https:\/\/lebronze-distribution.com\/de\/wp-json\/wp\/v2\/pages"}],"about":[{"href":"https:\/\/lebronze-distribution.com\/de\/wp-json\/wp\/v2\/types\/page"}],"author":[{"embeddable":true,"href":"https:\/\/lebronze-distribution.com\/de\/wp-json\/wp\/v2\/users\/1"}],"replies":[{"embeddable":true,"href":"https:\/\/lebronze-distribution.com\/de\/wp-json\/wp\/v2\/comments?post=3528"}],"version-history":[{"count":8,"href":"https:\/\/lebronze-distribution.com\/de\/wp-json\/wp\/v2\/pages\/3528\/revisions"}],"predecessor-version":[{"id":9552,"href":"https:\/\/lebronze-distribution.com\/de\/wp-json\/wp\/v2\/pages\/3528\/revisions\/9552"}],"wp:attachment":[{"href":"https:\/\/lebronze-distribution.com\/de\/wp-json\/wp\/v2\/media?parent=3528"}],"curies":[{"name":"wp","href":"https:\/\/api.w.org\/{rel}","templated":true}]}}