{"id":3460,"date":"2022-05-11T11:32:50","date_gmt":"2022-05-11T10:32:50","guid":{"rendered":"https:\/\/lebronze-distribution.com\/metrisch-imperialer-konverter\/"},"modified":"2026-03-23T14:25:45","modified_gmt":"2026-03-23T14:25:45","slug":"metrisch-imperialer-konverter","status":"publish","type":"page","link":"https:\/\/lebronze-distribution.com\/de\/metrisch-imperialer-konverter\/","title":{"rendered":"Metrisch\/Imperialer Konverter"},"content":{"rendered":"\t\t<div data-elementor-type=\"wp-page\" data-elementor-id=\"3460\" class=\"elementor elementor-3460 elementor-670\" data-elementor-post-type=\"page\">\n\t\t\t\t\t\t<section class=\"elementor-section elementor-top-section elementor-element elementor-element-743c2a6 elementor-section-boxed elementor-section-height-default elementor-section-height-default\" data-id=\"743c2a6\" data-element_type=\"section\" data-e-type=\"section\" data-settings=\"{&quot;jet_parallax_layout_list&quot;:[],&quot;background_background&quot;:&quot;classic&quot;}\">\n\t\t\t\t\t\t\t<div class=\"elementor-background-overlay\"><\/div>\n\t\t\t\t\t\t\t<div class=\"elementor-container elementor-column-gap-default\">\n\t\t\t\t\t<div class=\"elementor-column elementor-col-100 elementor-top-column elementor-element elementor-element-4fb49e2\" data-id=\"4fb49e2\" data-element_type=\"column\" data-e-type=\"column\">\n\t\t\t<div class=\"elementor-widget-wrap elementor-element-populated\">\n\t\t\t\t\t\t\t<\/div>\n\t\t<\/div>\n\t\t\t\t\t<\/div>\n\t\t<\/section>\n\t\t\t\t<section class=\"elementor-section elementor-top-section elementor-element elementor-element-76b45e3 elementor-section-content-middle elementor-section-boxed elementor-section-height-default elementor-section-height-default\" data-id=\"76b45e3\" data-element_type=\"section\" data-e-type=\"section\" data-settings=\"{&quot;jet_parallax_layout_list&quot;:[]}\">\n\t\t\t\t\t\t<div class=\"elementor-container elementor-column-gap-default\">\n\t\t\t\t\t<div class=\"elementor-column elementor-col-100 elementor-top-column elementor-element elementor-element-8dc6927\" data-id=\"8dc6927\" data-element_type=\"column\" data-e-type=\"column\">\n\t\t\t<div class=\"elementor-widget-wrap elementor-element-populated\">\n\t\t\t\t\t\t<div class=\"elementor-element elementor-element-3e6fa18 elementor-widget elementor-widget-shortcode\" data-id=\"3e6fa18\" data-element_type=\"widget\" data-e-type=\"widget\" data-widget_type=\"shortcode.default\">\n\t\t\t\t<div class=\"elementor-widget-container\">\n\t\t\t\t\t\t\t<div class=\"elementor-shortcode\"><div class=\"container\">\n    <table class=\"table-big metric-to-imperial-calculator\" border=\"0\" cellspacing=\"0\" cellpadding=\"2\">\n        <tbody>\n            <tr>\n                <td colspan=\"5\">L\u00e4nge<\/td>\n            <\/tr>\n            <tr>\n                <td>\n                    <input id=\"length\" style=\"font-size: 11px;\" size=\"7\" type=\"text\">\n                <\/td>\n                <td>\n                    <select id=\"lengthUM\">\n                        <option>Millimeter<\/option>\n                        <option>Zentimeter<\/option>\n                        <option>Meter<\/option>\n                    <\/select>\n                <\/td>\n                <td class=\"sign\"><img decoding=\"async\" src=\"https:\/\/lebronze-distribution.com\/wp-content\/plugins\/metric-imperial-unit-convertor\/assets\/images\/conversion.png\"><\/td>\n                <td>\n                    <input id=\"lengthConversion\" style=\"font-size: 11px;\" size=\"7\" type=\"text\">\n                <\/td>\n                <td>\n                    <select id=\"lengthResultUM\">\n                        <option>Zoll<\/option>\n                        <option>F\u00fc\u00dfe<\/option>\n                    <\/select>\n                <\/td>\n            <\/tr>\n            <tr>\n                <td colspan=\"5\">Gewicht<\/td>\n            <\/tr>\n            <tr>\n                <td>\n                    <input id=\"weight\" style=\"font-size: 11px;\" size=\"7\" type=\"text\">\n                <\/td>\n                <td>\n                    <select id=\"weightUM\">\n                        <option>Kg<\/option>\n                    <\/select>\n                <\/td>\n                <td class=\"sign\"><img decoding=\"async\" src=\"https:\/\/lebronze-distribution.com\/wp-content\/plugins\/metric-imperial-unit-convertor\/assets\/images\/conversion.png\"><\/td>\n                <td>\n                    <input id=\"weightConversion\" style=\"font-size: 11px;\" size=\"7\" type=\"text\">\n                <\/td>\n                <td>\n                    <select id=\"weightResultUM\">\n                        <option>Pfund<\/option>\n                    <\/select>\n                <\/td>\n            <\/tr>\n        <\/tbody>\n    <\/table>\n<\/div><\/div>\n\t\t\t\t\t\t<\/div>\n\t\t\t\t<\/div>\n\t\t\t\t\t<\/div>\n\t\t<\/div>\n\t\t\t\t\t<\/div>\n\t\t<\/section>\n\t\t\t\t<section class=\"elementor-section elementor-top-section elementor-element elementor-element-c56042b elementor-section-boxed elementor-section-height-default elementor-section-height-default\" data-id=\"c56042b\" data-element_type=\"section\" data-e-type=\"section\" data-settings=\"{&quot;jet_parallax_layout_list&quot;:[]}\">\n\t\t\t\t\t\t<div class=\"elementor-container elementor-column-gap-default\">\n\t\t\t\t\t<div class=\"elementor-column elementor-col-100 elementor-top-column elementor-element elementor-element-eb392b5\" data-id=\"eb392b5\" data-element_type=\"column\" data-e-type=\"column\">\n\t\t\t<div class=\"elementor-widget-wrap elementor-element-populated\">\n\t\t\t\t\t\t<div class=\"elementor-element elementor-element-c253b14 elementor-widget elementor-widget-text-editor\" data-id=\"c253b14\" data-element_type=\"widget\" data-e-type=\"widget\" data-widget_type=\"text-editor.default\">\n\t\t\t\t<div class=\"elementor-widget-container\">\n\t\t\t\t\t\t\t\t\t<p>Haftungsausschluss: Alle Berechnungen und Werte dienen nur zur Information und es wird keine Haftung \u00fcbernommen. Es liegt in der Verantwortung des Benutzers, alle Werte zu \u00fcberpr\u00fcfen.<\/p>\n\t\t\t\t\t\t\t\t<\/div>\n\t\t\t\t<\/div>\n\t\t\t\t\t<\/div>\n\t\t<\/div>\n\t\t\t\t\t<\/div>\n\t\t<\/section>\n\t\t\t\t<\/div>\n\t\t","protected":false},"excerpt":{"rendered":"<p>Haftungsausschluss: Alle Berechnungen und Werte dienen nur zur Information und es wird keine Haftung \u00fcbernommen. Es liegt in der Verantwortung des Benutzers, alle Werte zu \u00fcberpr\u00fcfen.<\/p>\n","protected":false},"author":1,"featured_media":0,"parent":0,"menu_order":0,"comment_status":"closed","ping_status":"closed","template":"elementor_header_footer","meta":{"_acf_changed":false,"_seopress_robots_primary_cat":"","_seopress_titles_title":"","_seopress_titles_desc":"","_seopress_robots_index":"","footnotes":""},"class_list":["post-3460","page","type-page","status-publish","hentry"],"acf":[],"_links":{"self":[{"href":"https:\/\/lebronze-distribution.com\/de\/wp-json\/wp\/v2\/pages\/3460","targetHints":{"allow":["GET"]}}],"collection":[{"href":"https:\/\/lebronze-distribution.com\/de\/wp-json\/wp\/v2\/pages"}],"about":[{"href":"https:\/\/lebronze-distribution.com\/de\/wp-json\/wp\/v2\/types\/page"}],"author":[{"embeddable":true,"href":"https:\/\/lebronze-distribution.com\/de\/wp-json\/wp\/v2\/users\/1"}],"replies":[{"embeddable":true,"href":"https:\/\/lebronze-distribution.com\/de\/wp-json\/wp\/v2\/comments?post=3460"}],"version-history":[{"count":4,"href":"https:\/\/lebronze-distribution.com\/de\/wp-json\/wp\/v2\/pages\/3460\/revisions"}],"predecessor-version":[{"id":9567,"href":"https:\/\/lebronze-distribution.com\/de\/wp-json\/wp\/v2\/pages\/3460\/revisions\/9567"}],"wp:attachment":[{"href":"https:\/\/lebronze-distribution.com\/de\/wp-json\/wp\/v2\/media?parent=3460"}],"curies":[{"name":"wp","href":"https:\/\/api.w.org\/{rel}","templated":true}]}}