{"id":3455,"date":"2022-05-11T11:31:02","date_gmt":"2022-05-11T10:31:02","guid":{"rendered":"https:\/\/lebronze-distribution.com\/lba-legierungen-navigator\/"},"modified":"2026-03-23T13:58:57","modified_gmt":"2026-03-23T13:58:57","slug":"lba-legierungen-navigator","status":"publish","type":"page","link":"https:\/\/lebronze-distribution.com\/de\/lba-legierungen-navigator\/","title":{"rendered":"LBA-Legierungen-Navigator"},"content":{"rendered":"\t\t<div data-elementor-type=\"wp-page\" data-elementor-id=\"3455\" class=\"elementor elementor-3455 elementor-667\" data-elementor-post-type=\"page\">\n\t\t\t\t\t\t<section class=\"elementor-section elementor-top-section elementor-element elementor-element-e0fc0c4 elementor-section-boxed elementor-section-height-default elementor-section-height-default\" data-id=\"e0fc0c4\" data-element_type=\"section\" data-e-type=\"section\" data-settings=\"{&quot;jet_parallax_layout_list&quot;:[],&quot;background_background&quot;:&quot;classic&quot;}\">\n\t\t\t\t\t\t\t<div class=\"elementor-background-overlay\"><\/div>\n\t\t\t\t\t\t\t<div class=\"elementor-container elementor-column-gap-default\">\n\t\t\t\t\t<div class=\"elementor-column elementor-col-100 elementor-top-column elementor-element elementor-element-7269aed\" data-id=\"7269aed\" data-element_type=\"column\" data-e-type=\"column\">\n\t\t\t<div class=\"elementor-widget-wrap elementor-element-populated\">\n\t\t\t\t\t\t\t<\/div>\n\t\t<\/div>\n\t\t\t\t\t<\/div>\n\t\t<\/section>\n\t\t\t\t<section class=\"elementor-section elementor-top-section elementor-element elementor-element-34a700a elementor-section-boxed elementor-section-height-default elementor-section-height-default\" data-id=\"34a700a\" data-element_type=\"section\" data-e-type=\"section\" data-settings=\"{&quot;jet_parallax_layout_list&quot;:[]}\">\n\t\t\t\t\t\t<div class=\"elementor-container elementor-column-gap-default\">\n\t\t\t\t\t<div class=\"elementor-column elementor-col-100 elementor-top-column elementor-element elementor-element-2da6e64\" data-id=\"2da6e64\" data-element_type=\"column\" data-e-type=\"column\">\n\t\t\t<div class=\"elementor-widget-wrap elementor-element-populated\">\n\t\t\t\t\t\t<div class=\"elementor-element elementor-element-e5dadbd elementor-widget elementor-widget-heading\" data-id=\"e5dadbd\" data-element_type=\"widget\" data-e-type=\"widget\" data-widget_type=\"heading.default\">\n\t\t\t\t<div class=\"elementor-widget-container\">\n\t\t\t\t\t<h2 class=\"elementor-heading-title elementor-size-default\">Willkommen beim Alloys Navigator, einer Anwendung zum Vergleichen von Materialien aus Lebronze-Legierungen.<\/h2>\t\t\t\t<\/div>\n\t\t\t\t<\/div>\n\t\t\t\t<div class=\"elementor-element elementor-element-35b0692 elementor-widget elementor-widget-text-editor\" data-id=\"35b0692\" data-element_type=\"widget\" data-e-type=\"widget\" data-widget_type=\"text-editor.default\">\n\t\t\t\t<div class=\"elementor-widget-container\">\n\t\t\t\t\t\t\t\t\t<p>Diese App dient dem Vergleich und der Auswahl von \u00fcber 100 Lebronze-Legierungen und erm\u00f6glicht es Ihnen, in unserem Produktportfolio zu st\u00f6bern. Mit dieser App k\u00f6nnen Sie:<\/p>\n<ul>\n<li>Suche nach einem Material nach Norm oder Zusammensetzung  <\/li>\n<li>Konsultieren Sie die Datenbl\u00e4tter der von Ihnen gesuchten Materialien<\/li>\n<li>Filtern und klassifizieren Sie unsere Legierungen anhand von mehr als 20 verschiedenen technischen Kriterien.\n<ul>\n<li>Mechanische Eigenschaften<\/li>\n<li>Physikalische Eigenschaften<\/li>\n<li>Formen und Gr\u00f6\u00dfen<\/li>\n<li>Eigenschaften der Oberfl\u00e4che<\/li>\n<\/ul>\n<\/li>\n<li>Technische Daten von Materialien vergleichen<\/li>\n<li>Vergleichstabellen erstellen  <\/li>\n<li>Exportieren Sie die Ergebnisse Ihres Vergleichs<\/li>\n<\/ul>\n\t\t\t\t\t\t\t\t<\/div>\n\t\t\t\t<\/div>\n\t\t\t\t<div class=\"elementor-element elementor-element-71b5236 elementor-widget elementor-widget-video\" data-id=\"71b5236\" data-element_type=\"widget\" data-e-type=\"widget\" data-settings=\"{&quot;youtube_url&quot;:&quot;https:\\\/\\\/www.youtube.com\\\/watch?v=AHM-zKFU0Ts&quot;,&quot;video_type&quot;:&quot;youtube&quot;,&quot;controls&quot;:&quot;yes&quot;}\" data-widget_type=\"video.default\">\n\t\t\t\t<div class=\"elementor-widget-container\">\n\t\t\t\t\t\t\t<div class=\"elementor-wrapper elementor-open-inline\">\n\t\t\t<div class=\"elementor-video\"><\/div>\t\t<\/div>\n\t\t\t\t\t\t<\/div>\n\t\t\t\t<\/div>\n\t\t\t\t<div class=\"elementor-element elementor-element-5fe8d8f elementor-align-center elementor-widget elementor-widget-button\" data-id=\"5fe8d8f\" data-element_type=\"widget\" data-e-type=\"widget\" data-widget_type=\"button.default\">\n\t\t\t\t<div class=\"elementor-widget-container\">\n\t\t\t\t\t\t\t\t\t<div class=\"elementor-button-wrapper\">\n\t\t\t\t\t<a class=\"elementor-button elementor-button-link elementor-size-sm\" href=\"https:\/\/www.lba-materials.com\/#\/\" target=\"_blank\">\n\t\t\t\t\t\t<span class=\"elementor-button-content-wrapper\">\n\t\t\t\t\t\t\t\t\t<span class=\"elementor-button-text\">Zugang Alloys Navigator<\/span>\n\t\t\t\t\t<\/span>\n\t\t\t\t\t<\/a>\n\t\t\t\t<\/div>\n\t\t\t\t\t\t\t\t<\/div>\n\t\t\t\t<\/div>\n\t\t\t\t<div class=\"elementor-element elementor-element-6cd10ac elementor-widget elementor-widget-text-editor\" data-id=\"6cd10ac\" data-element_type=\"widget\" data-e-type=\"widget\" data-widget_type=\"text-editor.default\">\n\t\t\t\t<div class=\"elementor-widget-container\">\n\t\t\t\t\t\t\t\t\t<p>Hinweis: Da wir f\u00fcr einige Eigenschaften Wertebereiche verwenden, beachten Sie bitte, dass der Filter den oberen Wert dieser Bereiche ber\u00fccksichtigt, w\u00e4hrend die Diagramme den unteren Wert dieser Bereiche ber\u00fccksichtigen.  <\/p>\n<p>Wenden Sie sich f\u00fcr weitere Einzelheiten <a href=\"https:\/\/lebronze-distribution.com\/de\/kontakt-zu-einem-experten\/\">an unsere Experten<\/a> . Wir k\u00f6nnen unsere Produkte individuell an die Bed\u00fcrfnisse unserer Kunden anpassen.<\/p>\n\t\t\t\t\t\t\t\t<\/div>\n\t\t\t\t<\/div>\n\t\t\t\t\t<\/div>\n\t\t<\/div>\n\t\t\t\t\t<\/div>\n\t\t<\/section>\n\t\t\t\t<\/div>\n\t\t","protected":false},"excerpt":{"rendered":"<p>Willkommen beim Alloys Navigator, einer Anwendung zum Vergleichen von Materialien aus Lebronze-Legierungen. Diese App dient dem Vergleich und der Auswahl von \u00fcber 100 Lebronze-Legierungen und erm\u00f6glicht es Ihnen, in unserem Produktportfolio zu st\u00f6bern. Mit dieser App k\u00f6nnen Sie: Suche nach einem Material nach Norm oder Zusammensetzung Konsultieren Sie die Datenbl\u00e4tter der von Ihnen gesuchten Materialien [&hellip;]<\/p>\n","protected":false},"author":1,"featured_media":0,"parent":0,"menu_order":0,"comment_status":"closed","ping_status":"closed","template":"elementor_header_footer","meta":{"_acf_changed":false,"_seopress_robots_primary_cat":"","_seopress_titles_title":"","_seopress_titles_desc":"","_seopress_robots_index":"","footnotes":""},"class_list":["post-3455","page","type-page","status-publish","hentry"],"acf":[],"_links":{"self":[{"href":"https:\/\/lebronze-distribution.com\/de\/wp-json\/wp\/v2\/pages\/3455","targetHints":{"allow":["GET"]}}],"collection":[{"href":"https:\/\/lebronze-distribution.com\/de\/wp-json\/wp\/v2\/pages"}],"about":[{"href":"https:\/\/lebronze-distribution.com\/de\/wp-json\/wp\/v2\/types\/page"}],"author":[{"embeddable":true,"href":"https:\/\/lebronze-distribution.com\/de\/wp-json\/wp\/v2\/users\/1"}],"replies":[{"embeddable":true,"href":"https:\/\/lebronze-distribution.com\/de\/wp-json\/wp\/v2\/comments?post=3455"}],"version-history":[{"count":8,"href":"https:\/\/lebronze-distribution.com\/de\/wp-json\/wp\/v2\/pages\/3455\/revisions"}],"predecessor-version":[{"id":9495,"href":"https:\/\/lebronze-distribution.com\/de\/wp-json\/wp\/v2\/pages\/3455\/revisions\/9495"}],"wp:attachment":[{"href":"https:\/\/lebronze-distribution.com\/de\/wp-json\/wp\/v2\/media?parent=3455"}],"curies":[{"name":"wp","href":"https:\/\/api.w.org\/{rel}","templated":true}]}}