{"id":3438,"date":"2022-04-29T11:17:07","date_gmt":"2022-04-29T10:17:07","guid":{"rendered":"https:\/\/lebronze-distribution.com\/technischer-blog\/"},"modified":"2026-03-23T13:55:54","modified_gmt":"2026-03-23T13:55:54","slug":"technischer-blog","status":"publish","type":"page","link":"https:\/\/lebronze-distribution.com\/de\/technischer-blog\/","title":{"rendered":"Technischer Blog"},"content":{"rendered":"\t\t<div data-elementor-type=\"wp-page\" data-elementor-id=\"3438\" class=\"elementor elementor-3438 elementor-376\" data-elementor-post-type=\"page\">\n\t\t\t\t\t\t<section class=\"elementor-section elementor-top-section elementor-element elementor-element-5d851f9 elementor-section-boxed elementor-section-height-default elementor-section-height-default\" data-id=\"5d851f9\" data-element_type=\"section\" data-e-type=\"section\" data-settings=\"{&quot;jet_parallax_layout_list&quot;:[],&quot;background_background&quot;:&quot;classic&quot;}\">\n\t\t\t\t\t\t\t<div class=\"elementor-background-overlay\"><\/div>\n\t\t\t\t\t\t\t<div class=\"elementor-container elementor-column-gap-default\">\n\t\t\t\t\t<div class=\"elementor-column elementor-col-100 elementor-top-column elementor-element elementor-element-b70d07a\" data-id=\"b70d07a\" data-element_type=\"column\" data-e-type=\"column\">\n\t\t\t<div class=\"elementor-widget-wrap elementor-element-populated\">\n\t\t\t\t\t\t<div class=\"elementor-element elementor-element-c121ab3 elementor-widget elementor-widget-heading\" data-id=\"c121ab3\" data-element_type=\"widget\" data-e-type=\"widget\" data-widget_type=\"heading.default\">\n\t\t\t\t<div class=\"elementor-widget-container\">\n\t\t\t\t\t<h1 class=\"elementor-heading-title elementor-size-default\">Technischer Blog<\/h1>\t\t\t\t<\/div>\n\t\t\t\t<\/div>\n\t\t\t\t\t<\/div>\n\t\t<\/div>\n\t\t\t\t\t<\/div>\n\t\t<\/section>\n\t\t\t\t<section class=\"elementor-section elementor-top-section elementor-element elementor-element-6966938 elementor-section-boxed elementor-section-height-default elementor-section-height-default\" data-id=\"6966938\" data-element_type=\"section\" data-e-type=\"section\" data-settings=\"{&quot;background_background&quot;:&quot;classic&quot;,&quot;jet_parallax_layout_list&quot;:[]}\">\n\t\t\t\t\t\t<div class=\"elementor-container elementor-column-gap-default\">\n\t\t\t\t\t<div class=\"elementor-column elementor-col-100 elementor-top-column elementor-element elementor-element-bf7f1d2\" data-id=\"bf7f1d2\" data-element_type=\"column\" data-e-type=\"column\">\n\t\t\t<div class=\"elementor-widget-wrap elementor-element-populated\">\n\t\t\t\t\t\t<div class=\"elementor-element elementor-element-6299521 elementor-widget elementor-widget-jet-blog-smart-listing\" data-id=\"6299521\" data-element_type=\"widget\" data-e-type=\"widget\" data-widget_type=\"jet-blog-smart-listing.default\">\n\t\t\t\t<div class=\"elementor-widget-container\">\n\t\t\t\t\t<div class=\"elementor-jet-blog-smart-listing jet-blog\"><div class=\"jet-smart-listing-wrap\" data-settings='{&quot;block_title&quot;:&quot;&quot;,&quot;title_tag&quot;:&quot;h3&quot;,&quot;featured_post&quot;:&quot;&quot;,&quot;featured_position&quot;:null,&quot;featured_width&quot;:null,&quot;featured_layout&quot;:null,&quot;featured_image_size&quot;:null,&quot;featured_image_position&quot;:null,&quot;featured_image_width&quot;:null,&quot;featured_excerpt_length&quot;:null,&quot;featured_excerpt_trimmed_ending&quot;:null,&quot;featured_read_more&quot;:null,&quot;featured_read_more_text&quot;:null,&quot;featured_show_meta&quot;:null,&quot;featured_show_author&quot;:null,&quot;featured_show_author_avatar&quot;:null,&quot;featured_show_author_from&quot;:null,&quot;featured_avatar_custom_field&quot;:null,&quot;featured_avatar_size&quot;:null,&quot;featured_show_author_icon&quot;:null,&quot;selected_featured_show_author_icon&quot;:null,&quot;featured_show_date&quot;:null,&quot;featured_show_date_icon&quot;:null,&quot;selected_featured_show_date_icon&quot;:null,&quot;featured_show_comments&quot;:null,&quot;featured_show_comments_icon&quot;:null,&quot;selected_featured_show_comments_icon&quot;:null,&quot;posts_columns_widescreen&quot;:null,&quot;posts_columns&quot;:1,&quot;posts_columns_laptop&quot;:null,&quot;posts_columns_tablet_extra&quot;:null,&quot;posts_columns_tablet&quot;:null,&quot;posts_columns_mobile_extra&quot;:null,&quot;posts_columns_mobile&quot;:null,&quot;posts_rows_widescreen&quot;:null,&quot;posts_rows&quot;:&quot;6&quot;,&quot;posts_rows_laptop&quot;:null,&quot;posts_rows_tablet_extra&quot;:null,&quot;posts_rows_tablet&quot;:null,&quot;posts_rows_mobile_extra&quot;:null,&quot;posts_rows_mobile&quot;:null,&quot;image_size&quot;:&quot;large&quot;,&quot;image_position&quot;:&quot;top&quot;,&quot;image_width&quot;:null,&quot;excerpt_length&quot;:-1,&quot;excerpt_trimmed_ending&quot;:&quot;...&quot;,&quot;read_more&quot;:&quot;yes&quot;,&quot;read_more_text&quot;:&quot;Read More&quot;,&quot;show_meta&quot;:&quot;yes&quot;,&quot;show_author&quot;:&quot;yes&quot;,&quot;show_author_avatar&quot;:&quot;&quot;,&quot;get_avatar_from&quot;:null,&quot;avatar_custom_field&quot;:null,&quot;avatar_size&quot;:null,&quot;show_author_icon&quot;:null,&quot;selected_show_author_icon&quot;:{&quot;value&quot;:&quot;fas fa-user&quot;,&quot;library&quot;:&quot;fa-solid&quot;},&quot;show_date&quot;:&quot;yes&quot;,&quot;show_date_icon&quot;:null,&quot;selected_show_date_icon&quot;:{&quot;value&quot;:&quot;fas fa-calendar-alt&quot;,&quot;library&quot;:&quot;fa-solid&quot;},&quot;show_comments&quot;:&quot;yes&quot;,&quot;show_comments_icon&quot;:null,&quot;selected_show_comments_icon&quot;:{&quot;value&quot;:&quot;fas fa-comments&quot;,&quot;library&quot;:&quot;fa-solid&quot;},&quot;query_by&quot;:&quot;category&quot;,&quot;category_ids&quot;:[&quot;126&quot;],&quot;post_tag_ids&quot;:null,&quot;include_ids&quot;:null,&quot;exclude_ids&quot;:&quot;&quot;,&quot;custom_query_by&quot;:&quot;all&quot;,&quot;custom_terms_ids&quot;:null,&quot;meta_query&quot;:&quot;&quot;,&quot;meta_key&quot;:null,&quot;meta_value&quot;:null,&quot;show_filter&quot;:&quot;&quot;,&quot;filter_by&quot;:null,&quot;show_all_btn&quot;:null,&quot;all_btn_label&quot;:null,&quot;more_terms_icon&quot;:null,&quot;selected_more_terms_icon&quot;:null,&quot;show_arrows&quot;:&quot;&quot;,&quot;arrow_type&quot;:null,&quot;show_featured_terms&quot;:null,&quot;show_featured_terms_tax&quot;:null,&quot;show_featured_terms_num&quot;:null,&quot;show_terms&quot;:&quot;&quot;,&quot;show_terms_tax&quot;:null,&quot;show_terms_num&quot;:null,&quot;featured_meta_position&quot;:null,&quot;meta_position&quot;:&quot;after&quot;,&quot;show_image&quot;:&quot;yes&quot;,&quot;post_type&quot;:[&quot;post&quot;],&quot;post_ids&quot;:null,&quot;content_related_meta&quot;:null,&quot;show_content_related_meta&quot;:&quot;&quot;,&quot;meta_content_related_position&quot;:null,&quot;title_related_meta&quot;:null,&quot;show_title_related_meta&quot;:&quot;&quot;,&quot;meta_title_related_position&quot;:null,&quot;featured_title_length&quot;:null,&quot;title_length&quot;:0,&quot;add_button_icon&quot;:&quot;&quot;,&quot;button_icon&quot;:null,&quot;selected_button_icon&quot;:null,&quot;post_add_button_icon&quot;:&quot;&quot;,&quot;post_button_icon&quot;:null,&quot;selected_post_button_icon&quot;:null,&quot;use_custom_query&quot;:&quot;&quot;,&quot;custom_query&quot;:null,&quot;posts_offset&quot;:0,&quot;order&quot;:&quot;DESC&quot;,&quot;order_by&quot;:&quot;date&quot;,&quot;is_archive_template&quot;:&quot;&quot;}' data-page=\"1\" data-term=\"0\" data-scroll-top=>\n\t<div class=\"jet-smart-listing__heading\"><span class=\"jet-smart-listing__title-placeholder\"><\/span><\/div>\n\t<div class=\"jet-smart-listing rows-6 no-featured\"><div class=\"jet-smart-listing__posts\">\n\t\t\t\t<div class=\"jet-smart-listing__post-wrapper\">\n\t\t\t\t<div class=\"jet-smart-listing__post has-post-thumb\">\n\t\t\t\t\t\t\t\t\t\t<div class=\"jet-smart-listing__post-thumbnail post-thumbnail-simple\"><a href=\"https:\/\/lebronze-distribution.com\/de\/wie-ersetzt-man-beryllium-kupfer-in-streifen-und-drahtformaten-entdecken-sie-niclafor-1000-cuni9sn6-c72700\/\"><img fetchpriority=\"high\" decoding=\"async\" width=\"1024\" height=\"683\" src=\"https:\/\/lebronze-distribution.com\/wp-content\/uploads\/2022\/11\/iStock-942186310-1024x683.jpg\" class=\"jet-smart-listing__post-thumbnail-img post-thumbnail-img-simple wp-post-image\" alt=\"Wie ersetzt man Beryllium-Kupfer in Streifen- und Drahtformaten? Entdecken Sie Niclafor\u00ae 1000| CuNi9Sn6 | C72700\" srcset=\"https:\/\/lebronze-distribution.com\/wp-content\/uploads\/2022\/11\/iStock-942186310-1024x683.jpg 1024w, https:\/\/lebronze-distribution.com\/wp-content\/uploads\/2022\/11\/iStock-942186310-300x200.jpg 300w, https:\/\/lebronze-distribution.com\/wp-content\/uploads\/2022\/11\/iStock-942186310-768x512.jpg 768w, https:\/\/lebronze-distribution.com\/wp-content\/uploads\/2022\/11\/iStock-942186310-1536x1024.jpg 1536w, https:\/\/lebronze-distribution.com\/wp-content\/uploads\/2022\/11\/iStock-942186310-2048x1365.jpg 2048w, https:\/\/lebronze-distribution.com\/wp-content\/uploads\/2022\/11\/iStock-942186310-600x400.jpg 600w\" sizes=\"(max-width: 1024px) 100vw, 1024px\" \/><\/a><\/div>\t\t\t\t\t<div class=\"jet-smart-listing__post-content\"><div class=\"jet-smart-listing__post-title post-title-simple\"><a href=\"https:\/\/lebronze-distribution.com\/de\/wie-ersetzt-man-beryllium-kupfer-in-streifen-und-drahtformaten-entdecken-sie-niclafor-1000-cuni9sn6-c72700\/\">Wie ersetzt man Beryllium-Kupfer in Streifen- und Drahtformaten? Entdecken Sie Niclafor\u00ae 1000| CuNi9Sn6 | C72700<\/a><\/div><div class=\"jet-smart-listing__meta\"><span class=\"posted-by post-meta__item jet-smart-listing__meta-item\"><span class=\"jet-smart-listing__meta-icon jet-blog-icon\"><i aria-hidden=\"true\" class=\"fas fa-user\"><\/i><\/span><a href=\"https:\/\/lebronze-distribution.com\/de\/author\/mina-gendy\/\" rel=\"author\">Mina Gendy<\/a><\/span><span class=\"post__date post-meta__item jet-smart-listing__meta-item\"><span class=\"jet-smart-listing__meta-icon jet-blog-icon\"><i aria-hidden=\"true\" class=\"fas fa-calendar-alt\"><\/i><\/span><a href=\"https:\/\/lebronze-distribution.com\/de\/2022\/11\/09\/\"><time datetime=\"2022-11-09T16:15:50+00:00\" title=\"2022-11-09T16:15:50+00:00\">9. November 2022<\/time><\/a><\/span><span class=\"post__comments post-meta__item jet-smart-listing__meta-item\"><span class=\"jet-smart-listing__meta-icon jet-blog-icon\"><i aria-hidden=\"true\" class=\"fas fa-comments\"><\/i><\/span><a href=\"https:\/\/lebronze-distribution.com\/de\/wie-ersetzt-man-beryllium-kupfer-in-streifen-und-drahtformaten-entdecken-sie-niclafor-1000-cuni9sn6-c72700\/#respond\">0<\/a><\/span><\/div><div class=\"jet-smart-listing__post-excerpt post-excerpt-simple\">Berylliumkupfer ist eine Kupferlegierung, die 0,5 bis 3 % Beryllium enth\u00e4lt. Es kann auch etwas Blei enthalten, um die Bearbeitbarkeit zu verbessern. Die am h\u00e4ufigsten verwendeten Beryllium-Kupfer-Legierungen sind CuBe2 | C17200, CuBe2Pb | C17300 und CuBe1,7 | C17000. Dank seines gro\u00dfen Kompromisses zwischen Leitf\u00e4higkeit und mechanischen Eigenschaften wird es h\u00e4ufig in Rollen- und Drahtformaten verwendet.<\/div><div class=\"jet-smart-listing__more-wrap\"><a href=\"https:\/\/lebronze-distribution.com\/de\/wie-ersetzt-man-beryllium-kupfer-in-streifen-und-drahtformaten-entdecken-sie-niclafor-1000-cuni9sn6-c72700\/\" class=\"jet-smart-listing__more simple-more elementor-button elementor-size-md\"><span class=\"jet-smart-listing__more-text\">Read More<\/span><\/a><\/div><\/div>\n\t\t\t\t<\/div>\n\t\t\t<\/div>\n\t\t\t<\/div>\n<\/div>\n\t<\/div>\n<div class=\"jet-smart-listing-loading\"><\/div><\/div>\t\t\t\t<\/div>\n\t\t\t\t<\/div>\n\t\t\t\t\t<\/div>\n\t\t<\/div>\n\t\t\t\t\t<\/div>\n\t\t<\/section>\n\t\t\t\t<\/div>\n\t\t","protected":false},"excerpt":{"rendered":"<p>Technischer Blog Wie ersetzt man Beryllium-Kupfer in Streifen- und Drahtformaten? Entdecken Sie Niclafor\u00ae 1000| CuNi9Sn6 | C72700Mina Gendy9 November 20220Berylliumkupfer ist eine Kupferlegierung, die 0,5 bis 3 % Beryllium enth\u00e4lt. Es kann auch etwas Blei enthalten, um die Bearbeitbarkeit zu verbessern. Die am h\u00e4ufigsten verwendeten Beryllium-Kupfer-Legierungen sind CuBe2 | C17200, CuBe2Pb | C17300 und CuBe1,7 [&hellip;]<\/p>\n","protected":false},"author":1,"featured_media":0,"parent":0,"menu_order":0,"comment_status":"open","ping_status":"closed","template":"elementor_header_footer","meta":{"_acf_changed":false,"_seopress_robots_primary_cat":"","_seopress_titles_title":"","_seopress_titles_desc":"","_seopress_robots_index":"","footnotes":""},"class_list":["post-3438","page","type-page","status-publish","hentry"],"acf":[],"_links":{"self":[{"href":"https:\/\/lebronze-distribution.com\/de\/wp-json\/wp\/v2\/pages\/3438","targetHints":{"allow":["GET"]}}],"collection":[{"href":"https:\/\/lebronze-distribution.com\/de\/wp-json\/wp\/v2\/pages"}],"about":[{"href":"https:\/\/lebronze-distribution.com\/de\/wp-json\/wp\/v2\/types\/page"}],"author":[{"embeddable":true,"href":"https:\/\/lebronze-distribution.com\/de\/wp-json\/wp\/v2\/users\/1"}],"replies":[{"embeddable":true,"href":"https:\/\/lebronze-distribution.com\/de\/wp-json\/wp\/v2\/comments?post=3438"}],"version-history":[{"count":5,"href":"https:\/\/lebronze-distribution.com\/de\/wp-json\/wp\/v2\/pages\/3438\/revisions"}],"predecessor-version":[{"id":9480,"href":"https:\/\/lebronze-distribution.com\/de\/wp-json\/wp\/v2\/pages\/3438\/revisions\/9480"}],"wp:attachment":[{"href":"https:\/\/lebronze-distribution.com\/de\/wp-json\/wp\/v2\/media?parent=3438"}],"curies":[{"name":"wp","href":"https:\/\/api.w.org\/{rel}","templated":true}]}}