{"id":3403,"date":"2022-03-30T17:43:57","date_gmt":"2022-03-30T16:43:57","guid":{"rendered":"https:\/\/lebronze-distribution.com\/datenschutzbestimmungen\/"},"modified":"2024-10-18T11:18:24","modified_gmt":"2024-10-18T10:18:24","slug":"datenschutzbestimmungen","status":"publish","type":"page","link":"https:\/\/lebronze-distribution.com\/de\/datenschutzbestimmungen\/","title":{"rendered":"Datenschutzbestimmungen"},"content":{"rendered":"\t\t<div data-elementor-type=\"wp-page\" data-elementor-id=\"3403\" class=\"elementor elementor-3403 elementor-3\" data-elementor-post-type=\"page\">\n\t\t\t\t\t\t<section class=\"elementor-section elementor-top-section elementor-element elementor-element-395f2ce elementor-section-boxed elementor-section-height-default elementor-section-height-default\" data-id=\"395f2ce\" data-element_type=\"section\" data-e-type=\"section\" data-settings=\"{&quot;jet_parallax_layout_list&quot;:[]}\">\n\t\t\t\t\t\t<div class=\"elementor-container elementor-column-gap-default\">\n\t\t\t\t\t<div class=\"elementor-column elementor-col-100 elementor-top-column elementor-element elementor-element-403d103\" data-id=\"403d103\" data-element_type=\"column\" data-e-type=\"column\">\n\t\t\t<div class=\"elementor-widget-wrap elementor-element-populated\">\n\t\t\t\t\t\t<div class=\"elementor-element elementor-element-77a89fa elementor-widget elementor-widget-text-editor\" data-id=\"77a89fa\" data-element_type=\"widget\" data-e-type=\"widget\" data-widget_type=\"text-editor.default\">\n\t\t\t\t<div class=\"elementor-widget-container\">\n\t\t\t\t\t\t\t\t\t<h1>DATENSCHUTZPOLITIK<\/h1><p>F\u00dcR www.lebronze-DISTRIBUTION.com<\/p><p>(Zuletzt aktualisiert im Oktober 2024)<\/p><p>Diese Datenschutzerkl\u00e4rung gilt f\u00fcr alle Verarbeitungen personenbezogener Daten, die<\/p><p>von LEBRONZE ALLOYS UK und LEBRONZE ALLOYS (Frankreich) (zusammen im Folgenden als &#8222;f\u00fcr die Verarbeitung Verantwortliche(r)&#8220; bezeichnet),<\/p><p>in \u00dcbereinstimmung mit (i) die Verordnung (EU) 2016\/679 vom 27. April 2016 zum Schutz nat\u00fcrlicher Personen bei der Verarbeitung personenbezogener Daten und zum freien Datenverkehr (&#8222;DSGVO&#8220;), (ii) das franz\u00f6sische Gesetz Nr. 78-17 vom 6. Januar 1978 \u00fcber Datenschutz und Informationsfreiheit, bekannt als Datenschutzgesetz (ge\u00e4ndert durch das Gesetz Nr. 2018-493 vom 20. Juni 2018 \u00fcber den Schutz personenbezogener Daten), (iii) dem (UK) Data Protection Act 2018 und allen nachfolgenden Gesetzen.<\/p><p>vorbehaltlich der folgenden Bestimmungen und Bedingungen:<\/p><h2>1. Datenverarbeitung<\/h2><h3>1.1 Inhaber der Datenverarbeitung<\/h3><p>Die gemeinsam f\u00fcr die Datenverarbeitung Verantwortlichen sind:<\/p><p>LEBRONZE ALLOYS UK LIMITED, eine Gesellschaft mit beschr\u00e4nkter Haftung, gegr\u00fcndet nach dem Recht von England und Wales, eingetragen im Companies House unter der Nummer 016508054, mit Hauptsitz in Unit 58 Empire Industrial Park, Aldridge, Walsall, ENGLAND, WS9 8UY, vertreten durch Herrn Richard Monckton, Managing Director,<\/p><p>Und seine Holdinggesellschaft:<\/p><p>LEBRONZE ALLOYS (Frankreich), eine vereinfachte Aktiengesellschaft, gegr\u00fcndet nach franz\u00f6sischem Recht, mit einem Grundkapital von 12.508.759,45 EUR, eingetragen im Handels- und Gesellschaftsregister von Ch\u00e2lons-en-Champagne unter der Nummer 572.196 129, mit Sitz in Voie de Ch\u00e2lons, Route d\u00e9partementale 977, 51600 Suippes (Frankreich), vertreten durch Herrn Michel Dumont, Vorsitzender,<\/p><p>Die Kontaktdaten des f\u00fcr die Datenverarbeitung Verantwortlichen sind:<\/p><p>Postanschrift: LEBRONZE ALLOYS, Service RGPD, 8, rue de Hanovre, 75002 PARIS, Frankreich,<\/p><p>E-Mail-Adresse: <a href=\"mailto:rgpd@lebronze-alloys.com\">rgpd@lebronze-alloys.com<\/a><\/p><h3>1.2 Zweck der Datenverarbeitung<\/h3><p>Kontakt-Formular &#8222;Verkauf&#8220;: Die Daten werden verarbeitet, um auf Informationsanfragen, Bestellungen der von LEBRONZE ALLOYS UK verkauften Produkte und Angebote f\u00fcr den Verkauf von Produkten an LEBRONZE ALLOYS UK zu reagieren.<\/p><p>Kontaktformular &#8222;Brosch\u00fcre&#8220;: Die Daten werden verarbeitet, um auf Anfragen nach Brosch\u00fcren \u00fcber die Produkte und\/oder Aktivit\u00e4ten der Gruppe LEBRONZE ALLOYS zu antworten.<\/p><p>Direktmarketing: Die Daten werden verarbeitet, um Newsletter und gezielte Informationen \u00fcber neue Produkte, Messen usw., die f\u00fcr die betroffene Person von Interesse sein k\u00f6nnten, zu versenden.<\/p><h3>1.3 Rechtsgrundlage f\u00fcr die Verarbeitung<\/h3><p>Die Rechtsgrundlage f\u00fcr die Datenverarbeitung ist die Einwilligung der betroffenen Person.<\/p><h2>2. Verarbeitete Daten<\/h2><h3>2.1 Kategorien von Daten<\/h3><p><strong>Kontaktformular &#8222;Allgemein&#8220; \/ &#8222;Vertrieb&#8220;:<\/strong><\/p><ul><li>Titel (Frau\/Herr)<\/li><li>Nachname,<\/li><li>Vornamen,<\/li><li>Unternehmen,<\/li><li>Telefonnummer,<\/li><li>E-Mail,<\/li><li>Land,<\/li><li>Zweck,<\/li><li>Material,<\/li><li>Nachricht,<\/li><\/ul><p><strong>Kontaktformular &#8222;Brosch\u00fcre&#8220;:<\/strong><\/p><ul><li>Titel (Frau\/Herr)<\/li><li>Nachname,<\/li><li>Vornamen,<\/li><li>Unternehmen,<\/li><li>Position,<\/li><li>Telefonnummer,<\/li><li>E-Mail,<\/li><li>Land,<\/li><\/ul><p><strong>Direktmarketing:<\/strong><\/p><ul><li>Nachname,<\/li><li>Vornamen,<\/li><li>Unternehmen,<\/li><li>Position,<\/li><li>Telefonnummer,<\/li><li>E-Mail,<\/li><li>Land,<\/li><li>Sektor der T\u00e4tigkeit,<\/li><\/ul><h3>2.2 Datenquelle<\/h3><p>Alle Daten werden direkt bei der betroffenen Person erhoben.<\/p><h3>2.3 Obligatorische Datenerhebung<\/h3><p>Alle Angaben sind obligatorisch, sofern nicht anders angegeben. Obligatorische Angaben sind mit einem Sternchen und\/oder einem Kommentar gekennzeichnet.<\/p><p>Kontaktformulare &#8222;Verkauf&#8220; und &#8222;Brosch\u00fcre&#8220;: Anfragen nach Informationen oder Brosch\u00fcren oder Bewerbungen werden nur dann beantwortet, wenn die Daten angegeben werden. Werden keine Angaben gemacht, erh\u00e4lt die betroffene Person keine Antwort.<\/p><p>Direktmarketing: Es werden keine Werbematerialien verschickt, wenn die Daten nicht zur Verf\u00fcgung gestellt werden. Werden keine Angaben gemacht, erh\u00e4lt die betroffene Person keine Werbung.<\/p><h3>2.4 Automatisierte Entscheidungsfindung<\/h3><p>Die Datenverarbeitung wird keine <a href=\"https:\/\/www.cnil.fr\/fr\/reglement-europeen-protection-donnees\/chapitre3#Article22\">automatisierte Entscheidungsfindung<\/a> beinhalten.<\/p><h2>3. Betroffene Personen<\/h2><p>Kontaktformulare \u201eVerkauf\u201c und \u201eBrosch\u00fcre\u201c: Betroffene Personen sind Personen, die \u00fcber die auf der Website <a href=\"https:\/\/lebronze-distribution.com\/de\/\">https:\/\/lebronze-distribution.com\/<\/a> verf\u00fcgbaren Kontaktformulare Informationen oder Brosch\u00fcren anfordern.<\/p><p>Direktmarketing: Die betroffenen Personen sind Personen, die dem Erhalt von Marketinginformationen \u00fcber die Website <a href=\"https:\/\/lebronze-distribution.com\/de\/\">https:\/\/lebronze-distribution.com\/<\/a> zustimmen, indem sie das entsprechende K\u00e4stchen im oben genannten Kontaktformular ankreuzen.<\/p><h2>4. Datenempf\u00e4nger<\/h2><h3>4.1 Kategorien von Empf\u00e4ngern<\/h3><p><strong>Kontaktformulare &#8222;Verkauf&#8220; und &#8222;Brosch\u00fcre&#8220;<\/strong>: Die Daten k\u00f6nnen ganz oder teilweise an die Mitarbeiter des f\u00fcr die Verarbeitung Verantwortlichen \u00fcbermittelt werden, insbesondere an die Mitarbeiter der Verkaufs- und Marketingabteilungen, je nach deren Bedarf.<\/p><p>Direktmarketing: Die Daten k\u00f6nnen je nach Bedarf ganz oder teilweise an Mitarbeiter des f\u00fcr die Verarbeitung Verantwortlichen, insbesondere an Mitarbeiter der Vertriebs- und Marketingabteilungen, \u00fcbermittelt werden.<\/p><h3>4.2 \u00dcbermittlung von Daten au\u00dferhalb der EU und Englands<\/h3><p>Kontaktformulare &#8222;Verkauf&#8220; und &#8222;Brosch\u00fcre&#8220;: Die Daten k\u00f6nnen au\u00dferhalb der Europ\u00e4ischen Union und Englands nur an Tochtergesellschaften der Gruppe LEBRONZE ALLOYS \u00fcbermittelt werden.<\/p><p>Direktmarketing: Die Daten k\u00f6nnen au\u00dferhalb der Europ\u00e4ischen Union und Englands nur an Tochtergesellschaften der LEBRONZE ALLOYS Gruppe \u00fcbermittelt werden.<\/p><h2>5. Dauer der Datenspeicherung<\/h2><p>Kontaktformulare &#8222;Verkauf&#8220; und &#8222;Brosch\u00fcre&#8220;: Die Daten werden f\u00fcr drei (3) Jahre ab dem Datum des letzten Kontakts mit der Gruppe LEBRONZE ALLOYS oder bis zum Widerruf des Einverst\u00e4ndnisses der betroffenen Person (per E-Mail an die Kontaktdaten unter Punkt 6.2) gespeichert, vorbehaltlich etwaiger sp\u00e4terer Aktionen (z.B. Vertragsabschluss, Bestellung usw.).<\/p><p>Direktmarketing: Die Daten werden f\u00fcr drei (3) Jahre ab dem Datum des letzten Kontakts mit der Gruppe LEBRONZE ALLOYS gespeichert oder bis die betroffene Person ihre Zustimmung zur\u00fcckzieht (indem sie eine E-Mail an die unter Punkt 6.2 angegebenen Kontaktdaten schickt oder auf den Link &#8222;Abmelden&#8220; in der Mailingliste klickt).<\/p><h2>6. Cookies<\/h2><h3>6.1 Definition eines Computer-Cookies<\/h3><p>Ein Cookie ist eine kleine Datei, die von einem Server auf der Festplatte des Endger\u00e4ts des Nutzers (Computer, Smartphone, Tablet usw.) gespeichert und mit einer Website-Dom\u00e4ne verkn\u00fcpft wird.<\/p><h3>6.2 Funktion eines Computer-Cookies<\/h3><p>Cookies dienen verschiedenen Zwecken, wie zum Beispiel:<\/p><ul><li>Behalten Sie die von den Nutzern ge\u00e4u\u00dferte Entscheidung \u00fcber die Hinterlegung von Cookies bei;<\/li><li>Authentifizierung eines Benutzers f\u00fcr einen Dienst;<\/li><li>Denken Sie an den Inhalt eines Warenkorbs auf der Website eines H\u00e4ndlers;<\/li><li>Anpassen der Benutzeroberfl\u00e4che (z. B. Sprachauswahl);<\/li><li>Messen Sie das Publikum einer Website;<\/li><li>Personalisierte oder nicht personalisierte Werbung anzeigen;<\/li><li>In sozialen Netzwerken teilen;<\/li><\/ul><p>Cookies bed\u00fcrfen der vorherigen Zustimmung des Nutzers, es sei denn, sie sind f\u00fcr die Bereitstellung eines vom Nutzer ausdr\u00fccklich angeforderten Online-Kommunikationsdienstes unbedingt erforderlich oder haben den alleinigen Zweck, die Kommunikation mit elektronischen Mitteln zu erm\u00f6glichen oder zu erleichtern.<\/p><h3>6.3 Von LEBRONZE ALLOYS auf der Website verwendete Computer-Cookies<\/h3><p>Die LEBRONZE ALLOYS Group verwendet auf ihrer Website <a href=\"https:\/\/lebronze-distribution.com\/de\/\">https:\/\/lebronze-distribution.com\/<\/a> Cookies wie folgt:<\/p>\t\t\t\t\t\t\t\t<\/div>\n\t\t\t\t<\/div>\n\t\t\t\t<div class=\"elementor-element elementor-element-8fa084e elementor-widget elementor-widget-shortcode\" data-id=\"8fa084e\" data-element_type=\"widget\" data-e-type=\"widget\" data-widget_type=\"shortcode.default\">\n\t\t\t\t<div class=\"elementor-widget-container\">\n\t\t\t\t\t\t\t<div class=\"elementor-shortcode\"><table class=\"cookielawinfo-row-cat-table cookielawinfo-classic\"><thead><tr><th class=\"cookielawinfo-column-1\">Cookie<\/th><th class=\"cookielawinfo-column-3\">Dauer<\/th><th class=\"cookielawinfo-column-4\">Beschreibung<\/th><\/tr><\/thead><tbody><tr class=\"cookielawinfo-row\"><td class=\"cookielawinfo-column-1\">cookielawinfo-checkbox-analytics<\/td><td class=\"cookielawinfo-column-3\"><\/td><td class=\"cookielawinfo-column-4\">Dieses Cookie wird vom GDPR Cookie Consent Plugin gesetzt. Das Cookie wird verwendet, um die Zustimmung des Nutzers zu den Cookies der Kategorie \"Analytics\" zu speichern.<\/td><\/tr><tr class=\"cookielawinfo-row\"><td class=\"cookielawinfo-column-1\">cookielawinfo-checkbox-anzeige<\/td><td class=\"cookielawinfo-column-3\"><\/td><td class=\"cookielawinfo-column-4\">Dieser Cookie wird vom GDPR Cookie Consent Plugin gesetzt und dient dazu, die Zustimmung des Nutzers zu den Cookies der Kategorie \"Werbung\" zu erfassen.<\/td><\/tr><tr class=\"cookielawinfo-row\"><td class=\"cookielawinfo-column-1\">cookielawinfo-checkbox-functional<\/td><td class=\"cookielawinfo-column-3\"><\/td><td class=\"cookielawinfo-column-4\">Das Cookie wird durch die GDPR-Cookie-Zustimmung gesetzt, um die Zustimmung des Benutzers f\u00fcr die Cookies in der Kategorie \"Funktional\" aufzuzeichnen.<\/td><\/tr><tr class=\"cookielawinfo-row\"><td class=\"cookielawinfo-column-1\">cookielawinfo-checkbox-necessary<\/td><td class=\"cookielawinfo-column-3\"><\/td><td class=\"cookielawinfo-column-4\">Dieses Cookie wird vom GDPR Cookie Consent Plugin gesetzt. Die Cookies werden verwendet, um die Zustimmung des Nutzers zu den Cookies der Kategorie \"Notwendig\" zu speichern.<\/td><\/tr><tr class=\"cookielawinfo-row\"><td class=\"cookielawinfo-column-1\">cookielawinfo-checkbox-others<\/td><td class=\"cookielawinfo-column-3\"><\/td><td class=\"cookielawinfo-column-4\">Dieses Cookie wird vom GDPR Cookie Consent Plugin gesetzt. Das Cookie wird verwendet, um die Zustimmung des Nutzers zu den Cookies der Kategorie \"Sonstige\" zu speichern.<\/td><\/tr><tr class=\"cookielawinfo-row\"><td class=\"cookielawinfo-column-1\">cookielawinfo-checkbox-performance<\/td><td class=\"cookielawinfo-column-3\"><\/td><td class=\"cookielawinfo-column-4\">Dieses Cookie wird vom GDPR Cookie Consent Plugin gesetzt. Das Cookie wird verwendet, um die Zustimmung des Nutzers f\u00fcr die Cookies der Kategorie \"Leistung\" zu speichern.<\/td><\/tr><tr class=\"cookielawinfo-row\"><td class=\"cookielawinfo-column-1\">CookieLawInfoConsent<\/td><td class=\"cookielawinfo-column-3\"><\/td><td class=\"cookielawinfo-column-4\">Zeichnet den Standard-Schaltfl\u00e4chenstatus der entsprechenden Kategorie und den Status von CCPA auf. Er funktioniert nur in Abstimmung mit dem prim\u00e4ren Cookie.<\/td><\/tr><tr class=\"cookielawinfo-row\"><td class=\"cookielawinfo-column-1\">elementor<\/td><td class=\"cookielawinfo-column-3\"><\/td><td class=\"cookielawinfo-column-4\">Dieses Cookie wird von dem WordPress-Theme der Website verwendet. Sie erm\u00f6glicht es dem Eigent\u00fcmer der Website, den Inhalt der Website in Echtzeit zu implementieren oder zu \u00e4ndern.<\/td><\/tr><tr class=\"cookielawinfo-row\"><td class=\"cookielawinfo-column-1\">viewed_cookie_policy<\/td><td class=\"cookielawinfo-column-3\"><\/td><td class=\"cookielawinfo-column-4\">Das Cookie wird vom GDPR Cookie Consent Plugin gesetzt und wird verwendet, um zu speichern, ob der Benutzer der Verwendung von Cookies zugestimmt hat oder nicht. Es werden keine personenbezogenen Daten gespeichert.<\/td><\/tr><tr class=\"cookielawinfo-row\"><td class=\"cookielawinfo-column-1\">wp-wpml_aktuelle_Sprache<\/td><td class=\"cookielawinfo-column-3\"><\/td><td class=\"cookielawinfo-column-4\">Keine Beschreibung verf\u00fcgbar.<\/td><\/tr><\/tbody><\/table> <\/div>\n\t\t\t\t\t\t<\/div>\n\t\t\t\t<\/div>\n\t\t\t\t\t<\/div>\n\t\t<\/div>\n\t\t\t\t\t<\/div>\n\t\t<\/section>\n\t\t\t\t<section class=\"elementor-section elementor-top-section elementor-element elementor-element-3612ef8e elementor-section-boxed elementor-section-height-default elementor-section-height-default\" data-id=\"3612ef8e\" data-element_type=\"section\" data-e-type=\"section\" data-settings=\"{&quot;jet_parallax_layout_list&quot;:[]}\">\n\t\t\t\t\t\t<div class=\"elementor-container elementor-column-gap-default\">\n\t\t\t\t\t<div class=\"elementor-column elementor-col-100 elementor-top-column elementor-element elementor-element-697172d4\" data-id=\"697172d4\" data-element_type=\"column\" data-e-type=\"column\">\n\t\t\t<div class=\"elementor-widget-wrap elementor-element-populated\">\n\t\t\t\t\t\t<div class=\"elementor-element elementor-element-3227d001 elementor-widget elementor-widget-text-editor\" data-id=\"3227d001\" data-element_type=\"widget\" data-e-type=\"widget\" data-widget_type=\"text-editor.default\">\n\t\t\t\t<div class=\"elementor-widget-container\">\n\t\t\t\t\t\t\t\t\t<h3>6.4 Verwaltung von Computer-Cookies<\/h3>\n<p>Cookies k\u00f6nnen auf zwei Arten verwaltet werden:<\/p>\n<ul>\n<li><strong>Im &#8222;Cookies-Banner&#8220;:<\/strong><\/li>\n<\/ul>\n<p>Bei der ersten Verbindung des Benutzers zeigt die Website ein &#8222;Cookie-Banner&#8220; an, das die verschiedenen Arten von Cookies angibt, die die Gruppe LEBRONZE ALLOYS oder ihre Partner (Analyse, Online-Verkauf usw.) auf dem Browser des Benutzers implantieren k\u00f6nnen, sowie die verfolgten Zwecke und die Besonderheiten der entsprechenden Verarbeitung. Der Nutzer hat die M\u00f6glichkeit, das Anbringen von Cookies in ihrer Gesamtheit oder Typ f\u00fcr Typ zu akzeptieren oder abzulehnen.<\/p>\n<ul>\n<li><strong>In der Browser-Konfiguration:<\/strong><\/li>\n<\/ul>\n<p>Der Benutzer hat jederzeit die M\u00f6glichkeit, das Anbringen von Cookies in ihrer Gesamtheit oder Typ f\u00fcr Typ zu akzeptieren oder abzulehnen, indem er den Browser seines Computers konfiguriert.<\/p>\n<p>Die Vorgehensweise h\u00e4ngt dabei vom Browser des Nutzers ab:<\/p>\n<ul>\n<li>Internetexplorer&nbsp; <a href=\"https:\/\/support.microsoft.com\/fr-fr\/windows\/supprimer-et-g%C3%A9rer-les-cookies-168dab11-0753-043d-7c16-ede5947fc64d\">%C3%<\/a><\/li>\n<li>Safari&nbsp; <a href=\"https:\/\/support.apple.com\/fr-fr\/HT201265\">https:\/\/support.apple.com\/fr-fr\/HT201265<\/a><\/li>\n<li>Chrom <a href=\"https:\/\/policies.google.com\/technologies\/cookies?hl=fr&amp;gl=fr#managing-cookies\">https:\/\/policies.google.com\/technologies\/cookies?hl=fr&amp;gl=fr#managing-cookies<\/a><\/li>\n<li>Firefox&nbsp; <a href=\"https:\/\/support.mozilla.org\/fr\/kb\/protection-renforcee-contre-pistage-firefox-ordinateur?redirectlocale=fr&amp;redirectslug=activer-desactiver-cookies\">https:\/\/support.mozilla.org\/fr\/kb\/protection-renforcee-contre-pistage-firefox-ordinateur?redirectlocale=fr&amp;redirectslug=activer-desactiver-cookies<\/a><\/li>\n<li>F\u00fcr andere Browser: Bitte konsultieren Sie die Online-Hilfe der jeweiligen Browser.<\/li>\n<\/ul>\n<h2>7. Rechte der betroffenen Personen<\/h2>\n<h3>7.1 Information \u00fcber die Rechte der betroffenen Personen<\/h3>\n<p>Betroffene Personen, deren personenbezogene Daten erhoben werden, haben folgende Rechte:<\/p>\n<ul>\n<li>Recht auf Zugang,<\/li>\n<li>Recht auf Berichtigung,<\/li>\n<li>Recht auf L\u00f6schung,<\/li>\n<li>Recht auf Einschr\u00e4nkung der Verarbeitung,<\/li>\n<li>Recht auf Widerspruch gegen die Verarbeitung,<\/li>\n<li>Recht auf jederzeitigen Widerruf der Einwilligung,<\/li>\n<li>Recht auf Daten\u00fcbertragbarkeit.<\/li>\n<\/ul>\n<h3>7.2 Wie man diese Rechte aus\u00fcbt<\/h3>\n<p>Betroffene Personen k\u00f6nnen ihre Rechte aus\u00fcben, indem sie sich schriftlich an:<\/p>\n<p>LEGIERUNGEN AUS BRONZE<br>Dienst RGPD<br>8, Rue de Hanovre<br>75002 PARIS<br>Frankreich<\/p>\n<p><a href=\"mailto:rgpd@lebronze-alloys.com\">rgpd@lebronze-alloys.com<\/a><\/p>\n<h3>7.3 Beschwerden der Aufsichtsbeh\u00f6rde<\/h3>\n<p>Wenn die betroffene Person mit der Antwort der DSGVO-Abteilung von LEBRONZE ALLOYS nicht zufrieden ist, kann sie <a href=\"https:\/\/www.cnil.fr\/fr\/webform\/adresser-une-plainte\">eine Beschwerde bei der franz\u00f6sischen Datenschutzbeh\u00f6rde CNIL<\/a> unter <a href=\"https:\/\/www.cnil.fr\/fr\/webform\/adresser-une-plainte\">https:\/\/www.cnil.fr\/fr\/webform\/<\/a> einreichen. <a href=\"https:\/\/www.cnil.fr\/fr\/webform\/adresser-une-plainte\">adresser-une-plainte<\/a> .<\/p>\t\t\t\t\t\t\t\t<\/div>\n\t\t\t\t<\/div>\n\t\t\t\t\t<\/div>\n\t\t<\/div>\n\t\t\t\t\t<\/div>\n\t\t<\/section>\n\t\t\t\t<\/div>\n\t\t","protected":false},"excerpt":{"rendered":"<p>DATENSCHUTZPOLITIK F\u00dcR www.lebronze-DISTRIBUTION.com (Zuletzt aktualisiert im Oktober 2024) Diese Datenschutzerkl\u00e4rung gilt f\u00fcr alle Verarbeitungen personenbezogener Daten, die von LEBRONZE ALLOYS UK und LEBRONZE ALLOYS (Frankreich) (zusammen im Folgenden als &#8222;f\u00fcr die Verarbeitung Verantwortliche(r)&#8220; bezeichnet), in \u00dcbereinstimmung mit (i) die Verordnung (EU) 2016\/679 vom 27. April 2016 zum Schutz nat\u00fcrlicher Personen bei der Verarbeitung personenbezogener Daten [&hellip;]<\/p>\n","protected":false},"author":1,"featured_media":0,"parent":0,"menu_order":0,"comment_status":"closed","ping_status":"open","template":"elementor_header_footer","meta":{"_acf_changed":false,"_seopress_robots_primary_cat":"","_seopress_titles_title":"","_seopress_titles_desc":"","_seopress_robots_index":"","footnotes":""},"class_list":["post-3403","page","type-page","status-publish","hentry"],"acf":[],"_links":{"self":[{"href":"https:\/\/lebronze-distribution.com\/de\/wp-json\/wp\/v2\/pages\/3403","targetHints":{"allow":["GET"]}}],"collection":[{"href":"https:\/\/lebronze-distribution.com\/de\/wp-json\/wp\/v2\/pages"}],"about":[{"href":"https:\/\/lebronze-distribution.com\/de\/wp-json\/wp\/v2\/types\/page"}],"author":[{"embeddable":true,"href":"https:\/\/lebronze-distribution.com\/de\/wp-json\/wp\/v2\/users\/1"}],"replies":[{"embeddable":true,"href":"https:\/\/lebronze-distribution.com\/de\/wp-json\/wp\/v2\/comments?post=3403"}],"version-history":[{"count":5,"href":"https:\/\/lebronze-distribution.com\/de\/wp-json\/wp\/v2\/pages\/3403\/revisions"}],"predecessor-version":[{"id":7817,"href":"https:\/\/lebronze-distribution.com\/de\/wp-json\/wp\/v2\/pages\/3403\/revisions\/7817"}],"wp:attachment":[{"href":"https:\/\/lebronze-distribution.com\/de\/wp-json\/wp\/v2\/media?parent=3403"}],"curies":[{"name":"wp","href":"https:\/\/api.w.org\/{rel}","templated":true}]}}